{"id":1042,"date":"2015-02-09T09:38:49","date_gmt":"2015-02-09T09:38:49","guid":{"rendered":"http:\/\/www.cilip.de\/?page_id=1042"},"modified":"2015-02-09T09:38:49","modified_gmt":"2015-02-09T09:38:49","slug":"impressum-%c2%b7-haftung","status":"publish","type":"page","link":"https:\/\/wp-dev.daten.cool\/?page_id=1042","title":{"rendered":"Impressum \u00b7 Haftung"},"content":{"rendered":"<p>Verantwortlich f\u00fcr die Webseite im Sinne des TDG, MDStV sowie des Presserechts ist das<\/p>\n<p><strong>Institut f\u00fcr B\u00fcrgerrechte &amp; \u00f6ffentliche Sicherheit e.V.<\/strong><br \/>\nvertreten durch den Vorstand: Norbert P\u00fctter<\/p>\n<p>c\/o Juristische Fakult\u00e4t<br \/>\nHumboldt-Universit\u00e4t zu Berlin<br \/>\nUnter den Linden 6<br \/>\n10099 Berlin (Germany)<\/p>\n<p>Hiermit erkl\u00e4ren der Vorstand des Instituts f\u00fcr B\u00fcrgerrechte &amp; offentliche Sicherheit e.V. sowie die Gesellschafterin des Verlages CILIP GbR, Martina Kant, (V.i.S.d. TDG, MDStV sowie des Presserechts), dass wir keinen Einfluss auf die Gestaltung und den Inhalt derjenigen Internetpr\u00e4senzen haben, auf die von dieser Internetpr\u00e4senz aus verwiesen wird. Wir sind nicht f\u00fcr den Inhalt der verlinkten fremden Internetpr\u00e4senzen verantwortlich und machen uns diesen Inhalt nicht zu eigen. Die Haftung f\u00fcr die Vollst\u00e4ndigkeit, die Fehlerfreiheit, die Erreichbarkeit oder die Qualit\u00e4t dieser fremden Internetpr\u00e4senzen ist ausgeschlossen.<\/p>\n<p>Eine Haftung f\u00fcr die Aktualit\u00e4t, die Vollst\u00e4ndigkeit, die Fehlerfreiheit, die Erreichbarkeit oder die Qualit\u00e4t der von uns bereitgestellten Informationen ist ausgeschlossen. Hiermit behalten wir uns ausdr\u00fccklich das Recht vor, ohne Vorank\u00fcndigung und ohne Rechtfertigung dieses Angebot zu ver\u00e4ndern oder ganz einzustellen.<\/p>\n","protected":false},"excerpt":{"rendered":"<p>Verantwortlich f\u00fcr die Webseite im Sinne des TDG, MDStV sowie des Presserechts ist das Institut<\/p>\n","protected":false},"author":2,"featured_media":0,"parent":21,"menu_order":0,"comment_status":"closed","ping_status":"open","template":"page-templates\/full-width.php","meta":{"footnotes":""},"class_list":["post-1042","page","type-page","status-publish","hentry"],"_links":{"self":[{"href":"https:\/\/wp-dev.daten.cool\/index.php?rest_route=\/wp\/v2\/pages\/1042","targetHints":{"allow":["GET"]}}],"collection":[{"href":"https:\/\/wp-dev.daten.cool\/index.php?rest_route=\/wp\/v2\/pages"}],"about":[{"href":"https:\/\/wp-dev.daten.cool\/index.php?rest_route=\/wp\/v2\/types\/page"}],"author":[{"embeddable":true,"href":"https:\/\/wp-dev.daten.cool\/index.php?rest_route=\/wp\/v2\/users\/2"}],"replies":[{"embeddable":true,"href":"https:\/\/wp-dev.daten.cool\/index.php?rest_route=%2Fwp%2Fv2%2Fcomments&post=1042"}],"version-history":[{"count":0,"href":"https:\/\/wp-dev.daten.cool\/index.php?rest_route=\/wp\/v2\/pages\/1042\/revisions"}],"up":[{"embeddable":true,"href":"https:\/\/wp-dev.daten.cool\/index.php?rest_route=\/wp\/v2\/pages\/21"}],"wp:attachment":[{"href":"https:\/\/wp-dev.daten.cool\/index.php?rest_route=%2Fwp%2Fv2%2Fmedia&parent=1042"}],"curies":[{"name":"wp","href":"https:\/\/api.w.org\/{rel}","templated":true}]}}