{"id":14002,"date":"2018-05-25T09:13:32","date_gmt":"2018-05-25T09:13:32","guid":{"rendered":"https:\/\/www.cilip.de\/?page_id=14002"},"modified":"2018-05-25T09:13:32","modified_gmt":"2018-05-25T09:13:32","slug":"datenschutzerklaerung","status":"publish","type":"page","link":"https:\/\/wp-dev.daten.cool\/?page_id=14002","title":{"rendered":"Datenschutzerkl\u00e4rung"},"content":{"rendered":"<p><strong>1. Verantwortlich<\/strong><\/p>\n<p>Institut f\u00fcr B\u00fcrgerrechte &amp; \u00f6ffentliche Sicherheit e.V., vertreten durch den Vorstand: Norbert P\u00fctter, Martina Kant, Friederike Wegner<\/p>\n<p>c\/o Juristische Fakult\u00e4t<br \/>\nHumboldt-Universit\u00e4t zu Berlin<br \/>\nUnter den Linden 6<br \/>\n10099 Berlin (Germany)<\/p>\n<p>E-Mail: <a href=\"mailto:info@cilip.de\">info@cilip.de<\/a><\/p>\n<p><strong>2. Erhebung und Speicherung personenbezogener Daten und Art und Zweck der Verwendung<\/strong><\/p>\n<p>a) Besuch der Webseite<\/p>\n<p>Beim Aufrufen unserer Webseite www.cilip.de werden durch euren Browser automatisch Informationen an den Server der Webseite gesendet. Ohne euer Zutun werden dabei lediglich die IP-Adresse des anfragenden Rechners, das Datum und die Uhrzeit des Zugriffs sowie der Name und die URL der abgerufenen Datei erhoben.<\/p>\n<p>Die genannten Daten werden ausschlie\u00dflich verarbeitet zur Gew\u00e4hrleistung eines reibungslosen Verbindungsaufbaus und einer komfortablen und stabilen Nutzung der Webseite.<\/p>\n<p>Die Rechtsgrundlage f\u00fcr die Datenverarbeitung ist Art. 6 Abs. 1 S. 1 lit. f DSGVO. Das berechtigte Interesse folgt aus den genannten Zwecken. In keinem Fall werden diese Daten verwendet, um R\u00fcckschl\u00fcsse auf eure Person zu ziehen.<\/p>\n<p>Beim Besuch dieser Webseite werden keine Cookies eingesetzt.<\/p>\n<p>b) Bei Verwendung des Abonnement-Formulars<\/p>\n<p>Ihr k\u00f6nnt \u00fcber unser Formular ein Abonnement abschlie\u00dfen. Daf\u00fcr sind Angaben zu Name, Adresse, Telefonnummer und E-Mail-Adresse sowie zu dem Betrag, den ihr zahlen wollt, erforderlich. Weitere Angaben k\u00f6nnen freiwillig get\u00e4tigt werden.<\/p>\n<p>Die Datenverarbeitung zum Zwecke des Abschlusses eines Abonnements erfolgt nach Art. 6 Abs. 1 S. 1 lit. a und lit. b DSGVO auf Grundlage eurer freiwillig erteilten Einwilligung bzw. zur Erf\u00fcllung des Abonnement-Vertrags, insbesondere auch zur Durchf\u00fchrung der vertragsvorbereitenden Ma\u00dfnahmen, die auf eure Anfrage hin erfolgen.<\/p>\n<p>Die f\u00fcr die Benutzung des Abonnement-Formulars erhobenen personenbezogenen Daten werden nur solange gespeichert, wie dies f\u00fcr euren Abo-Bezug oder im Sinne des Art. 6 Abs. 1 lit. c DSGVO zur Erf\u00fcllung rechtlicher Verpflichtung unsererseits erforderlich ist.<\/p>\n<p>c) Bei Verwendung des Bestellformulars f\u00fcr Einzelhefte<\/p>\n<p>Ihr k\u00f6nnt \u00fcber unser Formular Einzelhefte bestellen. Daf\u00fcr sind Angaben zu Name, Adresse, Telefonnummer und E-Mail-Adresse sowie zu den Heften, die ihr bestellen m\u00f6chtet, erforderlich. Weitere Angaben k\u00f6nnen freiwillig get\u00e4tigt werden.<\/p>\n<p>Die Datenverarbeitung zum Zwecke der Einzelheftbestellung erfolgt nach Art. 6 Abs. 1 S. 1 lit. a und lit. b DSGVO auf Grundlage eurer freiwillig erteilten Einwilligung bzw. zur Erf\u00fcllung des Bestellwunsches, insbesondere auch zur Durchf\u00fchrung der vertragsvorbereitenden Ma\u00dfnahmen, die auf eure Anfrage hin erfolgen.<\/p>\n<p>Die f\u00fcr die Benutzung des Bestellformulars erhobenen personenbezogenen Daten werden nur solange gespeichert, wie dies gem. Art. 6 Abs. 1 lit. b DSGVO zur Vertragserf\u00fcllung oder zur Durchf\u00fchrung vorvertraglicher Ma\u00dfnahmen oder im Sinne des Art. 6 Abs. 1 lit. c DSGVO zur Erf\u00fcllung rechtlicher Verpflichtung unsererseits erforderlich ist.<\/p>\n<p>d) Bei Verwendung des Mitgliedschaftsformulars<\/p>\n<p>Ihr k\u00f6nnt \u00fcber unser Formular Mitglied im Institut f\u00fcr B\u00fcrgerrechte &amp; \u00f6ffentliche Sicherheit e.V. werden. Daf\u00fcr sind Angaben zu Name, Adresse, Telefonnummer und E-Mail-Adresse sowie zum gew\u00fcnschten Beginn der Mitgliedschaft und dem Betrag, den ihr beitragen m\u00f6chtet, erforderlich. Weitere Angaben k\u00f6nnen freiwillig get\u00e4tigt werden.<\/p>\n<p>Die Datenverarbeitung zum Zwecke der Mitgliedschaft erfolgt nach Art. 6 Abs. 1 S. 1 lit. a und lit. b DSGVO auf Grundlage eurer freiwillig erteilten Einwilligung bzw. zur Erf\u00fcllung des Beitrittswunsches.<\/p>\n<p>Die f\u00fcr die Benutzung des Mitgliedschaftsformulars erhobenen personenbezogenen Daten werden nur solange gespeichert, wie dies gem. Art. 6 Abs. 1 lit. b DSGVO zur Vertragserf\u00fcllung oder zur Durchf\u00fchrung vorvertraglicher Ma\u00dfnahmen oder im Sinne des Art. 6 Abs. 1 lit. c DSGVO zur Erf\u00fcllung rechtlicher Verpflichtung unsererseits erforderlich ist.<\/p>\n<p><strong>3. Weitergabe von Daten<\/strong><\/p>\n<p>Eine \u00dcbermittlung eurer pers\u00f6nlichen Daten an Dritte erfolgt nur, wenn:<\/p>\n<p>&#8211; ihr nach Art. 6 Abs. 1 S. 1 lit. a DSGVO eure ausdr\u00fcckliche Einwilligung dazu erteilt habt,<\/p>\n<p>&#8211; f\u00fcr den Fall, dass f\u00fcr die Weitergabe eine gesetzliche Verpflichtung unsererseits im Sinne des Art. 6 Abs. 1 S. 1 lit. c DSGVO besteht,<\/p>\n<p>&#8211; oder dies gesetzlich zul\u00e4ssig und nach Art. 6 Abs. 1 S. 1 lit. b DSGVO f\u00fcr die Abwicklung von Vertragsverh\u00e4ltnissen mit euch erforderlich ist.<\/p>\n<p><strong>4. Rechte von Betroffenen<\/strong><\/p>\n<p>Ihr habt das Recht:<\/p>\n<p>&#8211; gem\u00e4\u00df Art. 15 DSGVO Auskunft \u00fcber eure von uns verarbeiteten personenbezogenen Daten zu verlangen (insbesondere \u00fcber die Zwecke der Verarbeitung, die Kategorien personenbezogener Daten, ggf. die Kategorien von Empf\u00e4ngern, gegen\u00fcber denen eure Daten offengelegt wurden oder werden, falls m\u00f6glich die beabsichtigte Speicherdauer, das Bestehen eines Rechts auf Berichtigung, L\u00f6schung, Einschr\u00e4nkung der Verarbeitung oder Widerspruch, das Bestehen eines Beschwerderechts, die Herkunft eurer Daten sofern diese nicht bei uns erhoben wurden, sowie \u00fcber das Bestehen einer automatisierten Entscheidungsfindung).<\/p>\n<p>&#8211; gem\u00e4\u00df Art. 16 DSGVO die unverz\u00fcgliche Berichtigung unrichtiger oder Vervollst\u00e4ndigung unvollst\u00e4ndiger gespeicherter personenbezogener Daten zu verlangen,<\/p>\n<p>&#8211; gem\u00e4\u00df Art. 17 DSGVO die L\u00f6schung eurer bei uns gespeicherten personenbezogenen Daten zu verlangen, soweit diese nicht zur Aus\u00fcbung des Rechts auf freie Meinungs\u00e4u\u00dferung und Information, zur Erf\u00fcllung einer rechtlichen Verpflichtung, aus Gr\u00fcnden des \u00f6ffentlichen Interesses oder zur Geltendmachung, Aus\u00fcbung oder Verteidigung von Rechtsanspr\u00fcchen erforderlich sind,<\/p>\n<p>&#8211; gem\u00e4\u00df Art. 18 DSGVO die Einschr\u00e4nkung der Verarbeitung eurer personenbezogenen Daten unter den dort genannten Voraussetzungen zu verlangen,<\/p>\n<p>&#8211; gem\u00e4\u00df Art. 20 DSGVO eure personenbezogenen Daten, die ihr bereitgestellt habt, in einem strukturierten, g\u00e4ngigen und maschinenlesebaren Format zu erhalten oder die \u00dcbermittlung an einen anderen Verantwortlichen zu verlangen,<\/p>\n<p>&#8211; gem\u00e4\u00df Art. 7 Abs. 3 DSGVO eure einmal erteilte Einwilligung jederzeit mit Wirkung f\u00fcr die Zukunft zu widerrufen.<\/p>\n<p>&#8211; euch gem\u00e4\u00df Art. 77 DSGVO bei einer Aufsichtsbeh\u00f6rde zu beschweren.<\/p>\n<p><strong>5. Widerspruchsrecht<\/strong><\/p>\n<p>Sofern eure personenbezogenen Daten auf Grundlage von berechtigten Interessen gem\u00e4\u00df Art. 6 Abs. 1 S. 1 lit. f DSGVO verarbeitet werden, habt ihr das Recht, gem\u00e4\u00df Art. 21 DSGVO Widerspruch gegen die Verarbeitung eurer personenbezogenen Daten einzulegen, soweit daf\u00fcr Gr\u00fcnde vorliegen, die sich aus eurer besonderen Situation ergeben oder sich der Widerspruch gegen Direktwerbung richtet.<\/p>\n<p>M\u00f6chtet ihr von eurem Widerrufs- oder Widerspruchsrecht Gebrauch machen, sendet bitte eine E-Mail an <a href=\"mailto:info@cilip.de\">info@cilip.de<\/a>.<\/p>\n<p><strong>6. Datensicherheit<\/strong><\/p>\n<p>Wir verwenden f\u00fcr die oben genannten Formulare das SSL-Verfahren (Secure Socket Layer). Ob Informationen verschl\u00fcsselt \u00fcbertragen werden, erkennt ihr in der Regel an der Darstellung des geschlossenen Schloss-Symbols in der Adressleiste des Browsers.<\/p>\n<p><strong>7. Aktualit\u00e4t und \u00c4nderung dieser Datenschutzerkl\u00e4rung<\/strong><\/p>\n<p>Diese Datenschutzerkl\u00e4rung ist aktuell g\u00fcltig und hat den Stand Mai 2018.<\/p>\n<p>Sofern es notwendig geworden ist, die Erkl\u00e4rung zu \u00e4ndern, k\u00f6nnt ihr die jeweils aktuelle Version jederzeit auf dieser Webseite einsehen.<\/p>\n","protected":false},"excerpt":{"rendered":"<p>1. Verantwortlich Institut f\u00fcr B\u00fcrgerrechte &amp; \u00f6ffentliche Sicherheit e.V., vertreten durch den Vorstand: Norbert P\u00fctter,<\/p>\n","protected":false},"author":2,"featured_media":0,"parent":21,"menu_order":1,"comment_status":"closed","ping_status":"closed","template":"page-templates\/full-width.php","meta":{"footnotes":""},"class_list":["post-14002","page","type-page","status-publish","hentry"],"_links":{"self":[{"href":"https:\/\/wp-dev.daten.cool\/index.php?rest_route=\/wp\/v2\/pages\/14002","targetHints":{"allow":["GET"]}}],"collection":[{"href":"https:\/\/wp-dev.daten.cool\/index.php?rest_route=\/wp\/v2\/pages"}],"about":[{"href":"https:\/\/wp-dev.daten.cool\/index.php?rest_route=\/wp\/v2\/types\/page"}],"author":[{"embeddable":true,"href":"https:\/\/wp-dev.daten.cool\/index.php?rest_route=\/wp\/v2\/users\/2"}],"replies":[{"embeddable":true,"href":"https:\/\/wp-dev.daten.cool\/index.php?rest_route=%2Fwp%2Fv2%2Fcomments&post=14002"}],"version-history":[{"count":0,"href":"https:\/\/wp-dev.daten.cool\/index.php?rest_route=\/wp\/v2\/pages\/14002\/revisions"}],"up":[{"embeddable":true,"href":"https:\/\/wp-dev.daten.cool\/index.php?rest_route=\/wp\/v2\/pages\/21"}],"wp:attachment":[{"href":"https:\/\/wp-dev.daten.cool\/index.php?rest_route=%2Fwp%2Fv2%2Fmedia&parent=14002"}],"curies":[{"name":"wp","href":"https:\/\/api.w.org\/{rel}","templated":true}]}}