{"id":14522,"date":"2018-09-03T15:42:22","date_gmt":"2018-09-03T15:42:22","guid":{"rendered":"https:\/\/www.cilip.de\/?page_id=14522"},"modified":"2018-09-03T15:42:22","modified_gmt":"2018-09-03T15:42:22","slug":"newsletter-abonnieren","status":"publish","type":"page","link":"https:\/\/wp-dev.daten.cool\/?page_id=14522","title":{"rendered":"Newsletter abonnieren"},"content":{"rendered":"<p>\u00dcber <a href=\"https:\/\/www.cilip.de\/category\/veranstaltungen\/\">Veranstaltungen des Instituts B\u00fcrgerrechte &amp; \u00f6ffentliche Sicherheit e.V.<\/a> und Neuigkeiten aus der CILIP-Redaktion informieren wir auch in unserem Newsletter (<a href=\"https:\/\/lists36.net\/wws\/arc\/cilip-news\/\">hier archiviert<\/a>).<\/p>\n<p>Unter diesem Link k\u00f6nnt ihr euch <a href=\"https:\/\/lists36.net\/wws\/subscribe\/cilip-news?previous_action=info\">selbst eintragen<\/a>.<\/p>\n<p>Wir versichern, dass wir alle an uns \u00fcbermittelten Daten nur auf Grundlage eurer freiwillig erteilten Einwilligung speichern. Siehe dazu unsere <a href=\"https:\/\/www.cilip.de\/kontakt\/datenschutzerklaerung\/\">Datenschutzerkl\u00e4rung<\/a>.<\/p>\n","protected":false},"excerpt":{"rendered":"<p>\u00dcber Veranstaltungen des Instituts B\u00fcrgerrechte &amp; \u00f6ffentliche Sicherheit e.V. und Neuigkeiten aus der CILIP-Redaktion informieren<\/p>\n","protected":false},"author":2,"featured_media":0,"parent":6101,"menu_order":3,"comment_status":"closed","ping_status":"closed","template":"page-templates\/full-width.php","meta":{"footnotes":""},"class_list":["post-14522","page","type-page","status-publish","hentry"],"_links":{"self":[{"href":"https:\/\/wp-dev.daten.cool\/index.php?rest_route=\/wp\/v2\/pages\/14522","targetHints":{"allow":["GET"]}}],"collection":[{"href":"https:\/\/wp-dev.daten.cool\/index.php?rest_route=\/wp\/v2\/pages"}],"about":[{"href":"https:\/\/wp-dev.daten.cool\/index.php?rest_route=\/wp\/v2\/types\/page"}],"author":[{"embeddable":true,"href":"https:\/\/wp-dev.daten.cool\/index.php?rest_route=\/wp\/v2\/users\/2"}],"replies":[{"embeddable":true,"href":"https:\/\/wp-dev.daten.cool\/index.php?rest_route=%2Fwp%2Fv2%2Fcomments&post=14522"}],"version-history":[{"count":0,"href":"https:\/\/wp-dev.daten.cool\/index.php?rest_route=\/wp\/v2\/pages\/14522\/revisions"}],"up":[{"embeddable":true,"href":"https:\/\/wp-dev.daten.cool\/index.php?rest_route=\/wp\/v2\/pages\/6101"}],"wp:attachment":[{"href":"https:\/\/wp-dev.daten.cool\/index.php?rest_route=%2Fwp%2Fv2%2Fmedia&parent=14522"}],"curies":[{"name":"wp","href":"https:\/\/api.w.org\/{rel}","templated":true}]}}