{"id":14751,"date":"2018-11-17T15:25:35","date_gmt":"2018-11-17T15:25:35","guid":{"rendered":"https:\/\/www.cilip.de\/?page_id=14751"},"modified":"2018-11-17T15:25:35","modified_gmt":"2018-11-17T15:25:35","slug":"117-november-2018-drohende-gefahr","status":"publish","type":"page","link":"https:\/\/wp-dev.daten.cool\/?page_id=14751","title":{"rendered":"117 (November 2018) Drohende Gefahren"},"content":{"rendered":"<p><a href=\"https:\/\/archiv.cilip.de\/Hefte\/CILIP_117.pdf\">Download der Gesamtausgabe als PDF<\/a><\/p>\n<p><a href=\"https:\/\/www.cilip.de\/2018\/11\/19\/redaktionsmitteilung-33\/\"><strong>Redaktionsmitteilung<\/strong><\/a><br \/>\nHeiner Busch<br \/>\n<a href=\"https:\/\/www.cilip.de\/2018\/11\/30\/strafrechtliche-vorverlagerung-der-wandel-zum-praeventionsstrafrecht\/\"><strong>Strafrechtliche Vorverlagerung<\/strong><\/a><br \/>\nBenjamin Derin<br \/>\n<a href=\"https:\/\/www.cilip.de\/2018\/11\/07\/die-drohende-gefahr-eine-konkrete-gefahr-fuer-die-freiheitsrechte\/\"><strong>Drohende Gefahr: Konkrete Gefahr f\u00fcr die Freiheitsrechte<\/strong><\/a><br \/>\nMichael Lippa<br \/>\n<a href=\"https:\/\/www.cilip.de\/2018\/11\/30\/big-data-ueberwachung-die-wachsende-rolle-der-social-media-intelligence\/\"><strong>Big Data-\u00dcberwachung: Social Media Intelligence<\/strong><\/a><br \/>\nMatthias Becker<br \/>\n<a href=\"https:\/\/www.cilip.de\/2018\/11\/30\/der-bundesgerichtshof-zur-stillen-sms-standortueberwachung-nur-bei-erheblichen-straftaten\/\"><strong>BGH: Stille SMS nur bei erheblichen Straftaten<\/strong><\/a><br \/>\nLukas Theune<br \/>\n<a href=\"https:\/\/www.cilip.de\/2018\/12\/03\/im-dunkel-des-vorfelds-verfassungsschutz-sucht-organisierte-kriminalitaet\/\"><strong>Verfassungsschutz sucht Organisierte Kriminalit\u00e4t<\/strong><\/a><br \/>\nNorbert P\u00fctter<br \/>\n<a href=\"https:\/\/www.cilip.de\/2018\/11\/30\/demokratiefoerderung-vs-geprueft-wenn-der-geheimdienst-ueber-foerdergelder-mitbestimmt\/\"><strong>Geheimdienstlich \u00fcberpr\u00fcfte Demokratief\u00f6rderung<\/strong><\/a><br \/>\nTom Jennissen<\/p>\n<p><a href=\"https:\/\/www.cilip.de\/2018\/11\/30\/fahndung-ins-blaue-hinein-daten-der-freiburger-studierendenschaft-beschlagnahmt\/\"><strong>Beschlagnahmt: Daten der studentischen Selbstverwaltung Freiburgs<\/strong><\/a><br \/>\nUdo Kau\u00df<br \/>\n<a href=\"https:\/\/www.cilip.de\/2019\/11\/30\/wechselt-haeufig-aufenthaltsort-kontinuitaet-antiziganistischer-ermittlungsansaetze1\/\"><strong>Antiziganistische Kontinuit\u00e4t<\/strong><\/a><br \/>\nMarkus End<br \/>\n<a href=\"https:\/\/www.cilip.de\/2018\/12\/03\/europaeischer-haftbefehl-fiktion-einheitlichen-rechtsraums-und-abbau-von-beschuldigtenrechten\/\"><strong>Europ\u00e4ische Haftbefehle<\/strong><\/a><br \/>\nHenriette Scharnhorst<br \/>\n<a href=\"https:\/\/www.cilip.de\/2018\/11\/30\/polizeiliche-todesschuesse-2017-erneut-ungereimtheiten-bei-der-offiziellen-zaehlung\/\"><strong>Polizeiliche Todessch\u00fcsse 2017<\/strong><\/a><br \/>\nOtto Diederichs<br \/>\n<a href=\"https:\/\/www.cilip.de\/2018\/12\/14\/kein-ende-der-erfassungsdefizite\/\"><strong>Rechte Gewalt: Kein Ende der Erfassungsdefizite<\/strong><\/a><br \/>\nHeike Kleffner<\/p>\n<p><strong>Inland aktuell<\/strong><br \/>\n<strong>Meldungen aus Europa<\/strong><br \/>\n<a href=\"https:\/\/www.cilip.de\/2018\/12\/03\/literatur-60\/\"><strong>Literatur &amp; Aus dem Netz<\/strong><\/a><br \/>\n<a href=\"https:\/\/www.cilip.de\/2018\/11\/19\/summaries-81\/\"><strong>Summaries<\/strong><\/a><br \/>\n<strong>MitarbeiterInnen dieser Ausgabe<\/strong><\/p>\n","protected":false},"excerpt":{"rendered":"<p>Download der Gesamtausgabe als PDF Redaktionsmitteilung Heiner Busch Strafrechtliche Vorverlagerung Benjamin Derin Drohende Gefahr: Konkrete<\/p>\n","protected":false},"author":2,"featured_media":15620,"parent":13923,"menu_order":0,"comment_status":"closed","ping_status":"closed","template":"page-templates\/full-width.php","meta":{"footnotes":""},"class_list":["post-14751","page","type-page","status-publish","has-post-thumbnail","hentry"],"_links":{"self":[{"href":"https:\/\/wp-dev.daten.cool\/index.php?rest_route=\/wp\/v2\/pages\/14751","targetHints":{"allow":["GET"]}}],"collection":[{"href":"https:\/\/wp-dev.daten.cool\/index.php?rest_route=\/wp\/v2\/pages"}],"about":[{"href":"https:\/\/wp-dev.daten.cool\/index.php?rest_route=\/wp\/v2\/types\/page"}],"author":[{"embeddable":true,"href":"https:\/\/wp-dev.daten.cool\/index.php?rest_route=\/wp\/v2\/users\/2"}],"replies":[{"embeddable":true,"href":"https:\/\/wp-dev.daten.cool\/index.php?rest_route=%2Fwp%2Fv2%2Fcomments&post=14751"}],"version-history":[{"count":0,"href":"https:\/\/wp-dev.daten.cool\/index.php?rest_route=\/wp\/v2\/pages\/14751\/revisions"}],"up":[{"embeddable":true,"href":"https:\/\/wp-dev.daten.cool\/index.php?rest_route=\/wp\/v2\/pages\/13923"}],"wp:featuredmedia":[{"embeddable":true,"href":"https:\/\/wp-dev.daten.cool\/index.php?rest_route=\/wp\/v2\/media\/15620"}],"wp:attachment":[{"href":"https:\/\/wp-dev.daten.cool\/index.php?rest_route=%2Fwp%2Fv2%2Fmedia&parent=14751"}],"curies":[{"name":"wp","href":"https:\/\/api.w.org\/{rel}","templated":true}]}}