{"id":15503,"date":"2019-05-29T16:52:08","date_gmt":"2019-05-29T16:52:08","guid":{"rendered":"https:\/\/www.cilip.de\/?page_id=15503"},"modified":"2019-05-29T16:52:08","modified_gmt":"2019-05-29T16:52:08","slug":"118-119-juni-2019-innere-sicherheit-soziale-bewegungen","status":"publish","type":"page","link":"https:\/\/wp-dev.daten.cool\/?page_id=15503","title":{"rendered":"118\/119 (Juni 2019) Innere Sicherheit &amp; Soziale Bewegungen"},"content":{"rendered":"<p><a href=\"http:\/\/archiv.cilip.de\/Hefte\/CILIP_118-119.pdf\">Download der Gesamtausgabe als PDF<\/a><\/p>\n<p><a href=\"https:\/\/www.cilip.de\/2019\/06\/04\/redaktionsmitteilung-34\/\"><strong>Redaktionsmitteilung<\/strong><\/a><br \/>\nHeiner Busch<\/p>\n<p><a href=\"https:\/\/www.cilip.de\/2019\/06\/04\/wandlungen-und-kontinuitaeten-vier-jahrzehnte-kritik-der-inneren-sicherheit\/\"><strong>Wandlung und Kontinuit\u00e4t: Vier Jahrzehnte Kritik der \u201eInneren Sicherheit\u201c<\/strong><\/a><br \/>\nNorbert P\u00fctter<br \/>\n<a href=\"https:\/\/www.cilip.de\/2019\/06\/01\/sicherheit-praevention-und-polizei-der-wandel-der-inneren-sicherheit-und-die-buergerrechte\/\"><strong>Sicherheit, Pr\u00e4vention und Polizei: Der Wandel der Inneren Sicherheit und die B\u00fcrgerrechte<\/strong><\/a><br \/>\nTobias Singelnstein<br \/>\n<a href=\"https:\/\/www.cilip.de\/2019\/06\/13\/buergerrechte-in-bewegung-die-demokratie-auf-der-strasse-verteidigen\/\"><strong>B\u00fcrgerrechte in Bewegung: <\/strong><strong>Demokratie auf der Stra\u00dfe verteidigen<\/strong><\/a><br \/>\nElke Steven<br \/>\n<a href=\"https:\/\/www.cilip.de\/2019\/06\/01\/ueberwachen-und-ausschliessen-was-neoliberale-produktionsweise-und-unkontrollierte-strafgewalt-verbindet\/\"><strong>\u00dcberwachen &amp; Ausschlie\u00dfen: Neoliberalismus und unkontrollierte Strafgewalt<\/strong><\/a><br \/>\nHelga Cremer Sch\u00e4fer<br \/>\n<a href=\"https:\/\/www.cilip.de\/2019\/06\/04\/die-lage-im-lager-leerstellen-zur-arbeit-im-wach-und-sicherheitsgewerbe\"><strong>Die Lage im Lager: Leerstellen zur Arbeit im Sicherheitsgewerbe<\/strong><\/a><br \/>\nVolker Eick<br \/>\n<a href=\"https:\/\/www.cilip.de\/2019\/06\/04\/polizieren-der-armen-die-polizei-an-den-raendern-der-gesellschaft\/\"><strong>Polizieren der Armen: Polizei an den R\u00e4ndern der Gesellschaft<\/strong><\/a><br \/>\nNorbert P\u00fctter<br \/>\n<a href=\"https:\/\/www.cilip.de\/2019\/06\/04\/kontrolle-am-tageloehnermarkt-rassismus-und-die-versicherheitlichung-des-sozialen\/\"><strong>Am \u201eTagel\u00f6hnermarkt\u201c: Rassismus und Versicherheitlichung des Sozialen<\/strong><\/a><br \/>\nLisa Riedner<br \/>\n<a href=\"https:\/\/www.cilip.de\/2019\/06\/04\/eu-grenzregime-im-mittelmeer-zwischen-gnadenakten-und-kalkuliertem-sterbenlassen\/\"><strong>EU-Grenzregime im Mittelmeer: Gnadenakte und kalkuliertes Sterbenlassen<\/strong><\/a><br \/>\nBritta Rabe<br \/>\n<a href=\"https:\/\/www.cilip.de\/2019\/06\/04\/unrecht-an-der-grenze-menschenrechtliche-interventionen-gegen-push-backs\/\"><strong>(Un-)Recht an der Grenze: Menschenrechtliche Interventionen gegen Push-Backs<\/strong><\/a><br \/>\nCarsten Gericke und Vera Wriedt<br \/>\n<a href=\"https:\/\/www.cilip.de\/2019\/06\/19\/automatisierte-identitaetspruefung-im-bamf-urteilen-zunehmend-computer-ueber-gefluechtete\/\"><strong>Automatisierte Identit\u00e4ts\u00fcberpr\u00fcfung: Computer urteilen \u00fcber Gefl\u00fcchtete<\/strong><\/a><br \/>\nAnna Biselli<br \/>\n<a href=\"https:\/\/www.cilip.de\/2019\/06\/04\/was-koennen-wir-wissen-wissensproduktion-und-wissensverwaltung-in-der-polizei\/\"><strong>Was k\u00f6nnen wir wissen? Wissensproduktion und -verwaltung in der Polizei<\/strong><\/a><br \/>\nStephanie Schmidt<br \/>\n<a href=\"https:\/\/www.cilip.de\/2019\/06\/04\/wissen-ueber-rassistische-polizeigewalt-es-ist-nicht-passiert-solange-niemand-darueber-spricht\/\"><strong>Wissen \u00fcber rassistische Polizeigewalt: Es ist nicht passiert, solange niemand dar\u00fcber spricht<\/strong><\/a><br \/>\nJohanna Mohrfeldt und Schoreh Golian (Kampagne f\u00fcr die Opfer rassistische Polizeigewalt)<br \/>\n<a href=\"https:\/\/www.cilip.de\/2019\/06\/18\/racial-profiling-in-deutschland-keine-frage-individuellen-fehlverhaltens\/\"><strong>Racial Profiling in Deutschland: Keine Frage individuellen Fehlverhaltens<\/strong><\/a><br \/>\nBafta Sarbo<br \/>\n<a href=\"https:\/\/www.cilip.de\/?p=18390&amp;preview=true\"><strong>Eine Zensur findet doch statt: Zum Verbot von linksunten.indymedia.org<\/strong><\/a><br \/>\nAngela Furmaniak und Kristin Pietrzik<br \/>\n<a href=\"https:\/\/www.cilip.de\/?p=18396&amp;preview=true\"><strong>Notstand und soziale Bewegungen: der Ausnahmezustand in Frankreich 2015-17<\/strong><\/a><br \/>\nFabien Jobard<br \/>\n<a href=\"https:\/\/www.cilip.de\/?p=18413&amp;preview=true\"><strong>Inszenierung des Ausnahmezustands beim G20-Gipfel in Hamburg: Interview mit Peter Ulrich und *aze<\/strong><\/a><br \/>\nChristian Meyer<br \/>\n<a href=\"https:\/\/www.cilip.de\/2019\/06\/03\/sand-im-getriebe-kaempfe-mit-dem-und-um-das-versammlungsrecht\/\"><strong>Sand im Getriebe: K\u00e4mpfe um das und mit dem Versammlungsrecht<\/strong><\/a><br \/>\nMichael Pl\u00f6se<br \/>\n<strong><a href=\"https:\/\/www.cilip.de\/?p=18403&amp;preview=true\">Kontrolle von Polizeihandeln: Schwierige Wege<\/a> <\/strong><br \/>\nAnna Luczak<br \/>\n<a href=\"https:\/\/www.cilip.de\/?p=18407&amp;preview=true\"><strong>Europ\u00e4ischer Polizeikongress 2019: Kommodifizierung von Sicherheit<\/strong><\/a><br \/>\nStephanie Schmidt und Roman Thurn<\/p>\n<p><strong>Inland aktuell<\/strong><br \/>\n<strong>Meldungen aus Europa<\/strong><br \/>\n<a href=\"https:\/\/www.cilip.de\/2019\/06\/10\/literatur-61\/\"><strong>Literatur &amp; Aus dem Netz<\/strong><\/a><br \/>\n<a href=\"https:\/\/www.cilip.de\/2019\/06\/10\/summaries-82\/\"><strong>Summaries<\/strong><\/a><br \/>\n<strong>MitarbeiterInnen dieser Ausgabe<\/strong><\/p>\n","protected":false},"excerpt":{"rendered":"<p>Download der Gesamtausgabe als PDF Redaktionsmitteilung Heiner Busch Wandlung und Kontinuit\u00e4t: Vier Jahrzehnte Kritik der<\/p>\n","protected":false},"author":2,"featured_media":15506,"parent":15501,"menu_order":0,"comment_status":"closed","ping_status":"closed","template":"page-templates\/full-width.php","meta":{"footnotes":""},"class_list":["post-15503","page","type-page","status-publish","has-post-thumbnail","hentry"],"_links":{"self":[{"href":"https:\/\/wp-dev.daten.cool\/index.php?rest_route=\/wp\/v2\/pages\/15503","targetHints":{"allow":["GET"]}}],"collection":[{"href":"https:\/\/wp-dev.daten.cool\/index.php?rest_route=\/wp\/v2\/pages"}],"about":[{"href":"https:\/\/wp-dev.daten.cool\/index.php?rest_route=\/wp\/v2\/types\/page"}],"author":[{"embeddable":true,"href":"https:\/\/wp-dev.daten.cool\/index.php?rest_route=\/wp\/v2\/users\/2"}],"replies":[{"embeddable":true,"href":"https:\/\/wp-dev.daten.cool\/index.php?rest_route=%2Fwp%2Fv2%2Fcomments&post=15503"}],"version-history":[{"count":0,"href":"https:\/\/wp-dev.daten.cool\/index.php?rest_route=\/wp\/v2\/pages\/15503\/revisions"}],"up":[{"embeddable":true,"href":"https:\/\/wp-dev.daten.cool\/index.php?rest_route=\/wp\/v2\/pages\/15501"}],"wp:featuredmedia":[{"embeddable":true,"href":"https:\/\/wp-dev.daten.cool\/index.php?rest_route=\/wp\/v2\/media\/15506"}],"wp:attachment":[{"href":"https:\/\/wp-dev.daten.cool\/index.php?rest_route=%2Fwp%2Fv2%2Fmedia&parent=15503"}],"curies":[{"name":"wp","href":"https:\/\/api.w.org\/{rel}","templated":true}]}}