{"id":16780,"date":"2020-04-06T19:03:44","date_gmt":"2020-04-06T19:03:44","guid":{"rendered":"https:\/\/www.cilip.de\/?page_id=16780"},"modified":"2020-04-06T19:03:44","modified_gmt":"2020-04-06T19:03:44","slug":"februar-2020","status":"publish","type":"page","link":"https:\/\/wp-dev.daten.cool\/?page_id=16780","title":{"rendered":"Corona-Tagebuch Februar 2020"},"content":{"rendered":"<h2>28. Februar<\/h2>\n<p>Das Bundespolizeipr\u00e4sidium <a href=\"https:\/\/www.bundespolizei.de\/Web\/DE\/04Aktuelles\/01Meldungen\/Nohomepage\/200305_allgemeinverfuegung_evu_bpolp.html\">erl\u00e4sst eine <\/a><a href=\"https:\/\/www.bundespolizei.de\/Web\/DE\/04Aktuelles\/01Meldungen\/Nohomepage\/200305_allgemeinverfuegung_evu_bpolp.html\">Allgemeinverf\u00fcgung<\/a> f\u00fcr Eisenbahnverkehrsunternehmen im \u00f6ffentlichen Personenfern- und Regionalverkehr, die Corona-Verdachtsf\u00e4lle mit &#8222;Aussteigekarten&#8220; unverz\u00fcglich melden m\u00fcssen.<\/p>\n<p>Die Bundespolizei <a href=\"https:\/\/www.bundesgesundheitsministerium.de\/presse\/pressemitteilungen\/2020\/1-quartal\/krisenstab-bmg-bmi.html\">verst\u00e4rkt ihre Kontrollen im sogenannten 30-Kilometer-Grenzraum<\/a>. Bei Corona-Verdachtsf\u00e4llen werden die &#8222;erforderlichen Ma\u00dfnahmen in Abstimmung mit den \u00f6rtlichen Gesundheitsbeh\u00f6rden getroffen&#8220;.<\/p>\n<p><iframe loading=\"lazy\" title=\"Spahn und Seehofer zu Coronavirus: Krisenstab nimmt Arbeit auf\" width=\"640\" height=\"360\" src=\"https:\/\/www.youtube.com\/embed\/84MxYmYcaFg?feature=oembed\" frameborder=\"0\" allow=\"accelerometer; autoplay; clipboard-write; encrypted-media; gyroscope; picture-in-picture; web-share\" referrerpolicy=\"strict-origin-when-cross-origin\" allowfullscreen><\/iframe><\/p>\n<h6>Spahn und Seehofer am 27. Februar zur Einrichtung des Krisenstabs aus BMI und BMG.<\/h6>\n<blockquote class=\"alignright\">\n<h5>Im Krisenstab sitzen neben dem BMI und dem BMG Vertreter*innen anderer betroffener Ministerien sowie der Bundesl\u00e4nder. Sie beschlie\u00dfen nach Lageeinsch\u00e4tzungen des Ausw\u00e4rtigen Amtes oder des Robert-Koch-Instituts \u201ebesondere Ma\u00dfnahmen\u201c, die \u201eim internationalen und europ\u00e4ischen Kontext\u201c abgestimmt werden. Zu den Aufgaben geh\u00f6rt au\u00dferdem die Sicherung der Versorgung und damit die Beschaffung und Bevorratung medizinischer Ausr\u00fcstung. Der Krisenstab soll die \u00d6ffentlichkeit \u201eregelm\u00e4\u00dfig und transparent\u201c \u00fcber den aktuellen Stand der Ausbreitung von Covid-19 informieren.<\/h5>\n<\/blockquote>\n<p>Der Krisenstab des BMI und BMG <a href=\"https:\/\/www.bundesgesundheitsministerium.de\/presse\/pressemitteilungen\/2020\/1-quartal\/krisenstab-bmg-bmi.html\">empfiehlt die Absage internationaler Gro\u00dfveranstaltungen<\/a>. Bef\u00f6rderer im Luft- und Schiffsverkehr m\u00fcssen k\u00fcnftig f\u00fcr Reisende aus S\u00fcdkorea, Japan, Italien und dem Iran vor Einreise den Gesundheitsstatus der Passagiere melden. Bislang galt dies nur f\u00fcr Reisende aus China. Im grenz\u00fcberschreitenden Bahn- und Busverkehr m\u00fcssen Informationen zur Krankheitsvorbeugung verteilt werden.<\/p>\n<h2>25. Februar<\/h2>\n<p>Ein <a href=\"https:\/\/www.bmi.bund.de\/SharedDocs\/kurzmeldungen\/DE\/2020\/02\/coronavirus-bpk.html\">Krisenstab unter Leitung des Bundesinnenministeriums (BMI) und Bundesgesundheitsministeriums<\/a>(BMG) koordiniert Ma\u00dfnahmen gegen die Ausbreitung des Corona-Virus in Deutschland. Er soll sich <a href=\"https:\/\/twitter.com\/manuelbewarder\/status\/1253024942418952192?s=11\">zwei Mal pro Woche treffen<\/a> und <a href=\"https:\/\/www.tagesspiegel.de\/politik\/das-sind-seehofers-krisenmanager-ein-staatssekretaer-und-ein-polizeichef-im-kampf-gegen-das-coronavirus\/25648620.html\">wird geleitet<\/a> vom Staatssekret\u00e4r im BMI Hans-Georg Engelke und dem Staatssekret\u00e4r <u>im BMG <\/u>Thomas Steffen.<\/p>\n","protected":false},"excerpt":{"rendered":"<p>28. Februar Das Bundespolizeipr\u00e4sidium erl\u00e4sst eine Allgemeinverf\u00fcgung f\u00fcr Eisenbahnverkehrsunternehmen im \u00f6ffentlichen Personenfern- und Regionalverkehr, die<\/p>\n","protected":false},"author":2,"featured_media":0,"parent":17288,"menu_order":1,"comment_status":"closed","ping_status":"closed","template":"page-templates\/full-width.php","meta":{"footnotes":""},"class_list":["post-16780","page","type-page","status-publish","hentry"],"_links":{"self":[{"href":"https:\/\/wp-dev.daten.cool\/index.php?rest_route=\/wp\/v2\/pages\/16780","targetHints":{"allow":["GET"]}}],"collection":[{"href":"https:\/\/wp-dev.daten.cool\/index.php?rest_route=\/wp\/v2\/pages"}],"about":[{"href":"https:\/\/wp-dev.daten.cool\/index.php?rest_route=\/wp\/v2\/types\/page"}],"author":[{"embeddable":true,"href":"https:\/\/wp-dev.daten.cool\/index.php?rest_route=\/wp\/v2\/users\/2"}],"replies":[{"embeddable":true,"href":"https:\/\/wp-dev.daten.cool\/index.php?rest_route=%2Fwp%2Fv2%2Fcomments&post=16780"}],"version-history":[{"count":0,"href":"https:\/\/wp-dev.daten.cool\/index.php?rest_route=\/wp\/v2\/pages\/16780\/revisions"}],"up":[{"embeddable":true,"href":"https:\/\/wp-dev.daten.cool\/index.php?rest_route=\/wp\/v2\/pages\/17288"}],"wp:attachment":[{"href":"https:\/\/wp-dev.daten.cool\/index.php?rest_route=%2Fwp%2Fv2%2Fmedia&parent=16780"}],"curies":[{"name":"wp","href":"https:\/\/api.w.org\/{rel}","templated":true}]}}