{"id":192,"date":"2015-02-03T22:47:43","date_gmt":"2015-02-03T22:47:43","guid":{"rendered":"http:\/\/www.cilip.de\/?page_id=192"},"modified":"2015-02-03T22:47:43","modified_gmt":"2015-02-03T22:47:43","slug":"forschungsprojekt-kommunale-kriminalpolitik","status":"publish","type":"page","link":"https:\/\/wp-dev.daten.cool\/?page_id=192","title":{"rendered":"Forschungsprojekt: &#8222;Kommunale Kriminalpolitik&#8220;"},"content":{"rendered":"<p>Seit Beginn der neunziger Jahre wird in der kriminal- und polizeipolitischen Diskussion in Deutschland die Rolle der Gemeinde betont. Im Vordergrund steht dabei die Einsch\u00e4tzung, da\u00df gerade die Gemeinde als Handlungsort geeignet sei, um nicht nur der Kriminalit\u00e4t, sondern vor allem auch der wachsenden Kriminalit\u00e4tsfurcht der B\u00fcrgerinnen und B\u00fcrger zu begegnen. In der Zusammenarbeit von Polizei, Beh\u00f6rden und lokalen Akteuren sei es st\u00e4rker als bisher m\u00f6glich, Kriminalit\u00e4t am Ort ihres Entstehens zu bek\u00e4mpfen und damit auch pr\u00e4ventiv wirksam zu werden. Diese Diskussion, die mit der Gr\u00fcndung zahlreicher Initiativen auf lokaler Ebene einhergeht, beruft sich auf Erfahrungen anderer L\u00e4nder, in denen Modelle kommunaler Kriminalpolitik schon seit den siebziger Jahren erprobt werden. Gleichzeitig kann sie als Reaktion auf die begrenzten Erfolge der vorangegangenen Reformen verstanden werden, die mit der Modernisierung und Spezialisierung auch zu einer gr\u00f6\u00dferen Abstraktheit und B\u00fcrgerferne der Polizei gef\u00fchrt hatten.<\/p>\n<p>Mit dem Forschungsprojekt &#8222;Kommunale Kriminalpolitik zwischen Informalisierung und verst\u00e4rkter Rechtsdurchsetzung&#8220; sollen sowohl theoretische Konzeptionen als auch praktische Auswirkungen kommunaler Modelle untersucht werden. Denn wenngleich die programmatische Forderung nach mehr B\u00fcrgerbeteiligung in der Kriminal- und Sicherheitspolitik von einem breiten Konsens getragen wird, so sind Erfolge und Konsequenzen derzeit keineswegs gekl\u00e4rt. Ungewi\u00dfheit besteht auf zweierlei Ebenen: Zum einen sind die Programme dieser Initiativen so vielf\u00e4ltig und heterogen wie die Initiativen selbst. Bereits in den Konzeptionen werden entgegengesetzte Strategien sichtbar, die von emanzipatorischer B\u00fcrgerbeteiligung bis zur Indienstnahme von B\u00fcrgerinnen und B\u00fcrgern durch die Polizei im freiwilligen Streifendienst reichen. Zum anderen sind die Wirkungen der Initiativen ungekl\u00e4rt, empirische Untersuchungen \u00fcber Handlungsspielr\u00e4ume der Akteure, Mechanismen und Folgen der Strategien existieren nur in Ans\u00e4tzen.<\/p>\n<p>Besonderes Interesse gilt der Frage, wie sich Entscheidungsprozesse, Recht und polizeiliches Handeln unter dem Einflu\u00df lokaler Akteure ver\u00e4ndern:<\/p>\n<ul>\n<li>Welche Potentiale hat eine Kriminal- und Sicherheitspolitik, die Probleme unter Beteiligung der Bev\u00f6lkerung zu l\u00f6sen versucht? F\u00f6rdern die Entscheidungsprozesse den Ausgleich unterschiedlicher Interessen oder werden partielle Interessen einzelner Gruppen durchgesetzt?<\/li>\n<li>Wie ver\u00e4ndert sich die Praxis der Rechtsdurchsetzung, wenn sie nicht mehr allein von den spezialisierten Beh\u00f6rden, sondern unter Beteiligung lokaler Akteure entschieden wird?<\/li>\n<li>Worin besteht die Rolle der Polizei im lokalen Zusammenwirken? Gibt es neue Organisationsstrukturen, die eine b\u00fcrgernahe und partizipierende Polizeiarbeit erm\u00f6glichen, oder dienen Aktivit\u00e4ten der B\u00fcrgerinnen und B\u00fcrger &#8211; in bestehende Organisationsformen eingef\u00fcgt &#8211; der Erweiterung staatlicher Kontrolle?<\/li>\n<\/ul>\n<p>In einem ersten Schritt werden alle Modelle, die sich auf die Idee kriminalpr\u00e4ventiver R\u00e4te beziehen, auf ihre Programmatik untersucht: Welche Ziele und Schwerpunkte werden gesetzt, welche Strategien verfolgt, welche Gruppen beteiligt? In einem zweiten Schritt werden in Fallstudien die Wirkungen der Modelle im lokalen Kontext zu erfassen versucht. Anhand weniger ausgew\u00e4hlter Orte wird nach Antworten auf die Probleme &#8222;Jugendkriminalit\u00e4t&#8220; und &#8222;Sicherheit im \u00f6ffentlichen Raum&#8220; sowie nach der Rolle der Polizei in der Gemeinde gefragt. Besondere Aufmerksamkeit gilt dabei der Frage, wie weit kommunale Initiativen das Versprechen einl\u00f6sen, jenseits partieller Interessen f\u00fcr die Rechte aller B\u00fcrgerinnen und B\u00fcrger t\u00e4tig zu werden.<\/p>\n<p>Die Untersuchung begann am 1.4.1999 und wurde f\u00fcr die Dauer von drei Jahren von der Volkswagen-Stiftung finanziert. Ein Teil der Ergebnisse wurde 2006 als Buch ver\u00f6ffentlicht.[*]<\/p>\n<p><em>[*]\u00a0P\u00fctter, Norbert: Polizei und kommunale Kriminalpr\u00e4vention. Formen und Folgen polizeilicher Pr\u00e4ventionsarbeit in den Gemeinden, Frankfurt\/M. 2006 (Polizei &amp; Wissenschaft), 364 S., 24,90 EUR, ISSN 1610-7500, ISBN 3-935979-79-7<\/em><\/p>\n","protected":false},"excerpt":{"rendered":"<p>Seit Beginn der neunziger Jahre wird in der kriminal- und polizeipolitischen Diskussion in Deutschland die<\/p>\n","protected":false},"author":2,"featured_media":0,"parent":14617,"menu_order":5,"comment_status":"closed","ping_status":"open","template":"page-templates\/full-width.php","meta":{"footnotes":""},"class_list":["post-192","page","type-page","status-publish","hentry"],"_links":{"self":[{"href":"https:\/\/wp-dev.daten.cool\/index.php?rest_route=\/wp\/v2\/pages\/192","targetHints":{"allow":["GET"]}}],"collection":[{"href":"https:\/\/wp-dev.daten.cool\/index.php?rest_route=\/wp\/v2\/pages"}],"about":[{"href":"https:\/\/wp-dev.daten.cool\/index.php?rest_route=\/wp\/v2\/types\/page"}],"author":[{"embeddable":true,"href":"https:\/\/wp-dev.daten.cool\/index.php?rest_route=\/wp\/v2\/users\/2"}],"replies":[{"embeddable":true,"href":"https:\/\/wp-dev.daten.cool\/index.php?rest_route=%2Fwp%2Fv2%2Fcomments&post=192"}],"version-history":[{"count":0,"href":"https:\/\/wp-dev.daten.cool\/index.php?rest_route=\/wp\/v2\/pages\/192\/revisions"}],"up":[{"embeddable":true,"href":"https:\/\/wp-dev.daten.cool\/index.php?rest_route=\/wp\/v2\/pages\/14617"}],"wp:attachment":[{"href":"https:\/\/wp-dev.daten.cool\/index.php?rest_route=%2Fwp%2Fv2%2Fmedia&parent=192"}],"curies":[{"name":"wp","href":"https:\/\/api.w.org\/{rel}","templated":true}]}}