{"id":1983,"date":"2015-02-18T09:24:02","date_gmt":"2015-02-18T09:24:02","guid":{"rendered":"http:\/\/www.cilip.de\/?page_id=1983"},"modified":"2015-02-18T09:24:02","modified_gmt":"2015-02-18T09:24:02","slug":"1-1978","status":"publish","type":"page","link":"https:\/\/wp-dev.daten.cool\/?page_id=1983","title":{"rendered":"1 (1978)"},"content":{"rendered":"<p><img loading=\"lazy\" decoding=\"async\" class=\"alignright size-medium wp-image-22600\" src=\"https:\/\/www.cilip.de\/wp-content\/uploads\/2024\/05\/CILIP_001-186x300.png\" alt=\"\" width=\"186\" height=\"300\" srcset=\"https:\/\/wp-dev.daten.cool\/wp-content\/uploads\/2024\/05\/CILIP_001-186x300.png 186w, https:\/\/wp-dev.daten.cool\/wp-content\/uploads\/2024\/05\/CILIP_001-635x1024.png 635w, https:\/\/wp-dev.daten.cool\/wp-content\/uploads\/2024\/05\/CILIP_001.png 704w\" sizes=\"auto, (max-width: 186px) 100vw, 186px\" \/><a href=\"http:\/\/archiv.cilip.de\/Hefte\/CILIP_001.pdf\">Download der Gesamtausgabe als PDF<\/a><br \/>\n<a href=\"http:\/\/archiv.cilip.de\/Hefte\/EN\/CILIP_001_eng.pdf\">Download in english<\/a><\/p>\n<p><strong>Editorial<\/strong><\/p>\n<p><strong>I Methodische Probleme der Polizeiforschung<\/strong><br \/>\n<strong>Anregungen zur Datengewinnung \u00fcber Struktur und Arbeitsweise der Sicherheitsb\u00fcrokratien<\/strong><br \/>\n<strong>Ist die Ver\u00f6ffentlichung rechtswidriger Handlungen der Exekutive strafw\u00fcrdig?<br \/>\nDer Fall &#8222;Faust&#8220;<\/strong><\/p>\n<p><strong>II Strukturdaten zur Polizeientwicklung in Westeuropa<\/strong><br \/>\nHakon Lorentzen<br \/>\n<strong>Einige Daten zur Entwicklung der norwegischen Polizei<\/strong><\/p>\n<p><strong>III Rechtsentwicklung<\/strong><br \/>\n<strong>Antiterrorismusgesetzgebung in Westeuropa<\/strong><br \/>\n<strong>Anti-Terrorismusgesetzgebung in Griechenland<\/strong><br \/>\nInterview mit Prof. Dimitrius Tsatsos<br \/>\n<strong>Polizeiliches Schu\u00dfwaffengebrauchsrecht in westeurop\u00e4ischen L\u00e4ndern<\/strong><\/p>\n<p><strong>IV Polizei in Aktion<\/strong><br \/>\n<strong>Erste Erfahrungen mit dem neuen Kontrollstellen-Paragraphen 111 StPO<\/strong><br \/>\n<strong>Frankreich: Ein erw\u00e4hnenswertes Urteil zur Zul\u00e4ssigkeit von Stra\u00dfenkontrollen<\/strong><\/p>\n<p><strong>VII \u00f6ffentliche Kontrolle der Polizei <\/strong><br \/>\nJens Br\u00fcckner<br \/>\n<strong>Verfassungsschutz und Verfassungsschutzerkenntnisse &#8211; Eine Rechtssprechungs\u00fcbersicht<\/strong><br \/>\nSebastian Cobler<br \/>\n<strong>Dunkelm\u00e4nner: Auf dem Weg zur Legalisierung einer geheimen &#8222;Sicherheitspolizei&#8220;<\/strong><\/p>\n<p><strong>X Anfragen, Kooperationsm\u00f6glichkeiten, Kontakte<\/strong><br \/>\n<strong>Anhang: Gesetzesdokumentation<\/strong><br \/>\n<strong>Anti-Terrorismusgesetze in Italien, Griechenland und England<\/strong><\/p>\n","protected":false},"excerpt":{"rendered":"<p>Download der Gesamtausgabe als PDF Download in english Editorial I Methodische Probleme der Polizeiforschung Anregungen<\/p>\n","protected":false},"author":2,"featured_media":0,"parent":4389,"menu_order":0,"comment_status":"closed","ping_status":"open","template":"page-templates\/full-width.php","meta":{"footnotes":""},"class_list":["post-1983","page","type-page","status-publish","hentry"],"_links":{"self":[{"href":"https:\/\/wp-dev.daten.cool\/index.php?rest_route=\/wp\/v2\/pages\/1983","targetHints":{"allow":["GET"]}}],"collection":[{"href":"https:\/\/wp-dev.daten.cool\/index.php?rest_route=\/wp\/v2\/pages"}],"about":[{"href":"https:\/\/wp-dev.daten.cool\/index.php?rest_route=\/wp\/v2\/types\/page"}],"author":[{"embeddable":true,"href":"https:\/\/wp-dev.daten.cool\/index.php?rest_route=\/wp\/v2\/users\/2"}],"replies":[{"embeddable":true,"href":"https:\/\/wp-dev.daten.cool\/index.php?rest_route=%2Fwp%2Fv2%2Fcomments&post=1983"}],"version-history":[{"count":0,"href":"https:\/\/wp-dev.daten.cool\/index.php?rest_route=\/wp\/v2\/pages\/1983\/revisions"}],"up":[{"embeddable":true,"href":"https:\/\/wp-dev.daten.cool\/index.php?rest_route=\/wp\/v2\/pages\/4389"}],"wp:attachment":[{"href":"https:\/\/wp-dev.daten.cool\/index.php?rest_route=%2Fwp%2Fv2%2Fmedia&parent=1983"}],"curies":[{"name":"wp","href":"https:\/\/api.w.org\/{rel}","templated":true}]}}