{"id":201,"date":"2015-02-04T09:50:08","date_gmt":"2015-02-04T09:50:08","guid":{"rendered":"http:\/\/www.cilip.de\/?page_id=201"},"modified":"2015-02-04T09:50:08","modified_gmt":"2015-02-04T09:50:08","slug":"material-zu-den-anti-terror-paketen-und-massnahmen","status":"publish","type":"page","link":"https:\/\/wp-dev.daten.cool\/?page_id=201","title":{"rendered":"Material zu den Anti-Terror-Paketen und -Ma\u00dfnahmen"},"content":{"rendered":"<p><a href=\"https:\/\/www.cilip.de\/zeitschrift\/2005-2009\/2007-2\/87-2007\/\"><strong>Zur CILIP-Ausgabe 87 (2\/2007): Internationaler Anti-Terrorismus<\/strong><\/a><\/p>\n<p><strong><a href=\"https:\/\/www.cilip.de\/zeitschrift\/2005-2009\/2005-2\/80-2005\/\">Zur CILIP-Ausgabe 80 (1\/2005): Anti-Terrorismus &#8211; eine Zwischenbilanz<\/a><\/strong><\/p>\n<p><strong><a href=\"https:\/\/www.cilip.de\/zeitschrift\/2004-2000\/2001-2\/70-2001\/\">Zur CILIP-Ausgabe 70 (3\/2001): Terrorismusbek\u00e4mpfung &#8211; alte und neue Irrwege<\/a><\/strong><\/p>\n<p><a href=\"https:\/\/www.cilip.de\/institut\/gruende-fuer-ein-institut-fuer-buergerrechte-oeffentliche-sicherheit\/material-zu-den-anti-terror-paketen-und-massnahmen\/stellungnahmen-zu-den-anti-terror-gesetzen\/\"><strong>Stellungnahmen zu den Anti-Terror-Gesetzen<\/strong><\/a><br \/>\nStellungnahmen, Presseerkl\u00e4rungen u.a. von B\u00fcrgerrechtsorganisationen, Datenschutzbeauftragten und weiteren ExpertInnen<\/p>\n<p><a href=\"https:\/\/www.cilip.de\/institut\/gruende-fuer-ein-institut-fuer-buergerrechte-oeffentliche-sicherheit\/material-zu-den-anti-terror-paketen-und-massnahmen\/anti-terror-gesetze-entwuerfe-und-offizielle-stellungnahmen-chronologisch-absteigend\/\"><strong>Gesetze\/Entw\u00fcrfe und offizielle Stellungnahmen<\/strong><\/a><br \/>\nDokumentation der Anti-Terror-Gesetzgebung u.a. zur Telekommunikations\u00fcberwachung, Vorratsdatenspeicherung, Terrorismusbek\u00e4mpfungserg\u00e4nzungsgesetz, Anti-Terror-Datei, Terrorismusbek\u00e4mpfungsgesetz, \u00a7 129b StGB, Vereinsgesetz u.a., Gesetzentw\u00fcrfe, Drucksachen und Plenarprotokolle des Deutschen Bundestages und seiner Aussch\u00fcsse, Evaluierungsbericht zum Terrorismusbek\u00e4mpfungsgesetz<\/p>\n<p><a href=\"https:\/\/www.cilip.de\/institut\/gruende-fuer-ein-institut-fuer-buergerrechte-oeffentliche-sicherheit\/material-zu-den-anti-terror-paketen-und-massnahmen\/rasterfahndung\/\"><strong>Rasterfahndung<\/strong><\/a><br \/>\naktuelle Rechtsprechung zur Rasterfahndung, Anordnungen, Pressemitteilungen, Parlamentarische Anfragen im Bundestag und in den L\u00e4nderparlamenten, Gesetzentw\u00fcrfe der L\u00e4nder zur \u00c4nderung der Polizeigesetze<\/p>\n","protected":false},"excerpt":{"rendered":"<p>Zur CILIP-Ausgabe 87 (2\/2007): Internationaler Anti-Terrorismus Zur CILIP-Ausgabe 80 (1\/2005): Anti-Terrorismus &#8211; eine Zwischenbilanz Zur<\/p>\n","protected":false},"author":2,"featured_media":0,"parent":180,"menu_order":0,"comment_status":"closed","ping_status":"open","template":"page-templates\/full-width.php","meta":{"footnotes":""},"class_list":["post-201","page","type-page","status-publish","hentry"],"_links":{"self":[{"href":"https:\/\/wp-dev.daten.cool\/index.php?rest_route=\/wp\/v2\/pages\/201","targetHints":{"allow":["GET"]}}],"collection":[{"href":"https:\/\/wp-dev.daten.cool\/index.php?rest_route=\/wp\/v2\/pages"}],"about":[{"href":"https:\/\/wp-dev.daten.cool\/index.php?rest_route=\/wp\/v2\/types\/page"}],"author":[{"embeddable":true,"href":"https:\/\/wp-dev.daten.cool\/index.php?rest_route=\/wp\/v2\/users\/2"}],"replies":[{"embeddable":true,"href":"https:\/\/wp-dev.daten.cool\/index.php?rest_route=%2Fwp%2Fv2%2Fcomments&post=201"}],"version-history":[{"count":0,"href":"https:\/\/wp-dev.daten.cool\/index.php?rest_route=\/wp\/v2\/pages\/201\/revisions"}],"up":[{"embeddable":true,"href":"https:\/\/wp-dev.daten.cool\/index.php?rest_route=\/wp\/v2\/pages\/180"}],"wp:attachment":[{"href":"https:\/\/wp-dev.daten.cool\/index.php?rest_route=%2Fwp%2Fv2%2Fmedia&parent=201"}],"curies":[{"name":"wp","href":"https:\/\/api.w.org\/{rel}","templated":true}]}}