{"id":20933,"date":"2023-06-02T08:27:46","date_gmt":"2023-06-02T08:27:46","guid":{"rendered":"https:\/\/www.cilip.de\/?page_id=20933"},"modified":"2023-06-02T08:27:46","modified_gmt":"2023-06-02T08:27:46","slug":"polizeiproblem-6-2023","status":"publish","type":"page","link":"https:\/\/wp-dev.daten.cool\/?page_id=20933","title":{"rendered":"Polizeiproblem 6\/2023"},"content":{"rendered":"<p><strong>Ermittlungen gegen Polizist*innen:<\/strong><\/p>\n<p>1. Juni: Der polizeiliche Staatsschutz des Landeskriminalamtes Berlin <a href=\"https:\/\/www.rbb24.de\/panorama\/beitrag\/2023\/06\/berlin-polizei-mitarbeiter-ermittlungen-soziale-medien-hetze-staatsschutz.html\">ermittelt seit dem 10. Mai 2023<\/a> gegen einen Mitarbeiter des Personalrats, der auf privaten Nutzerkonten in sozialen Netzwerken unter anderem gegen <span class=\"Nct\" data-ob=\"headline\">Klimaaktivist*innen (&#8222;<\/span><span class=\"Ncs\" data-ob=\"kicker\">In einen Wald bei Stalingrad verbringen&#8220;) und Gefl\u00fcchtete (<\/span>\u201eAsylvolk\u201c) hetzte und Sympathie mit der AfD bekundete.<\/p>\n<p>6. Juli: Die Bundespolizei hat wegen mutma\u00dflicher Verst\u00f6\u00dfe gegen das Beamtengesetz hat ein Disziplinarverfahren gegen die Eisschnelll\u00e4uferin Claudia Pechstein <a href=\"https:\/\/www.spiegel.de\/politik\/deutschland\/claudia-pechstein-bundespolizei-leitet-offenbar-disziplinarverfahren-wegen-verstoss-gegen-beamtengesetz-ein-a-a4a494d6-f37d-48a2-ae3e-903951209a92\">eingeleitet<\/a>. Pechstein hatte offenbar bei einem Auftritt in Dienstuniform beim CDU-Grundsatzkonvent am 17. Juni ohne Erlaubnis oder Gestattung ihrer Vorgesetzten Dienstkleidung getragen und damit gegen die Polizeidienstvorschrift versto\u00dfen.<\/p>\n<p>13. Juni:\u00a0Ein Berliner Beamter des zum LKA geh\u00f6renden Mobilen Einsatzkommandos soll am 11. M\u00e4rz eine 35-j\u00e4hrige Kollegin mit K.-o.-Tropfen <a href=\"https:\/\/www.tagesspiegel.de\/berlin\/mit-k-o-tropfen-betaubt-berliner-polizist-soll-kollegin-auf-dating-plattform-zur-vergewaltigung-angeboten-haben-9972402.html\">bet\u00e4ubt und auf der Dating-App Grindr &#8222;angeboten&#8220;<\/a> haben. Bei einer Durchsuchung habe die Polizei zwei T\u00fctchen mit m\u00f6glicherweise Drogen bei ihm gefunden. Ein Haftbefehl wurde gegen den 36-J\u00e4hrigen nicht erlassen worden, da keine Fluchtgefahr bestehe. Die Staatsanwaltschaft ermittelt wegen eines Sexualdeliktes nach \u00a7 177 StGB.<\/p>\n<p>18. Juni: Die Brandenburger Poliei <a href=\"https:\/\/www.tagesschau.de\/inland\/brandenburger-polizei-ermittelt-in-den-eigenen-reihen-100.html\">ermittelt gegen zwei Beamte<\/a>, die beim &#8222;Tag der Bundeswehr&#8220; in Brandenburg\/Havel einen Mann bei einem friedlichen Protest mit einem Schmerzgriff abf\u00fchren, obwohl dieser bereits im Gehen begriffen war. Dabei wird der Mann sogar zu Boden gedr\u00fcckt. &#8222;Ich habe ihn umgelegt&#8220;, hat einer der Polizisten ausweislich eines Videos dazu kommentiert. &#8222;Gehen Sie beiseite, sonst lege ich Sie daneben&#8220;, drohte dieser.<\/p>\n<p>20. Juni: Ein Polizist des 1. Frankfurter Polizeirevier mit arabischem Vornamen, der im vergangenen Jahr aus der eigenen Dienstgruppe gemobbt wurde, hat sich im Oktober auf ein anderes innenstadtnahes Revier versetzen lassen. Gegen die mutma\u00dflichen T\u00e4ter*innen laufen strafrechtliche Ermittlungen wegen des Verdachts auf Beleidigung und \u00fcble Nachrede. Zudem seien in dem bereits wegen des sogenannten &#8222;NSU 2.0&#8220; und der Chatgruppe \u201eItiotentreff\u201c bekannte Sachverhalte bekanntgeworden, die den Anfangsverdacht auf \u201eweitere, individuelle Pflichtverletzungen\u201c, Beleidigung und \u00fcble Nachrede begr\u00fcndet h\u00e4tten, <a href=\"https:\/\/www.fr.de\/frankfurt\/frankfurt-mobbing-im-ersten-polizeirevier-rassismus-polizei-skandal-nazis-nsu-92353487.html\">schreibt die Frankfurter Rundschau<\/a>. Die Leitung des Frankfurter Pr\u00e4sidiums habe daher von Amts wegen Anzeige erstattet. Au\u00dferdem seien Disziplinarverfahren eingeleitet und Beamt*innen umgesetzt worden.<\/p>\n<p>25. Juni: Die wegen Chats mit Hitlerbildern sowie rassistischen und frauenfeindlichen Inhalten in Nordrhein-Westfalen seit letztem Jahr gef\u00fchrten Ermittlungen <a href=\"https:\/\/www.nd-aktuell.de\/artikel\/1174270.nordrhein-westfalen-spezialeinheit-aus-muenster-bleibt-straffrei.html\">wurden fast alle eingestellt<\/a>. Die ehemals beschuldigten 15 SEK-Polizisten m\u00fcssen keine strafrechtlichen Konsequenzen f\u00fcrchten. Bei 13 Verfahren sah die Staatsanwaltschaft keinen Tatverdacht, da es in der kleinen Chatgruppe an \u00d6ffentlichkeit gefehlt habe. Zwei weitere Polizisten sollen Mitte Mai nach \u00a7 153a StGB vierstellige Geldauflagen f\u00fcr Postings sexualisierter Darstellungen von Kindern oder Jugendlichen gezahlt haben, da dies erst seit 2021 ein Verbechen darstellt. Beim 16. Beschuldigten steht dessen Stellungnahme zu einem Vorschlag der Staatsanwaltschaft zur Einstellung noch aus.<\/p>\n<p>30. Juni: Von einst 157 Ermittlungsverfahren der Hamburger Staatsanwaltschaft wegen Polizeigewalt beim G20-Gipfel sind nunmehr nahezu alle eingestellt. In einem Fall habe <a href=\"https:\/\/www.spiegel.de\/panorama\/g20-gipfel-in-hamburg-razzia-bei-polizisten-a-cf6683c7-97e9-48f5-9951-b92c835a91c2\">laut dem &#8222;Spiegel&#8220;<\/a> im August 2022 jedoch die Generalstaatsanwaltschaft \u00fcbernommen, nachdem das Opfer erfolgreich Berufung einlegte. Dieses Verfahren wegen Verdacht auf gef\u00e4hrliche K\u00f6rperverletzung im Amt richtet gegen drei Beschuldigte einer Einheit aus Baden-W\u00fcrttemberg, bei denen es auch Durchsuchungen und Beschlagnahmen von Datentr\u00e4gern gegeben hat. Das Opfer ist die T\u00e4nzerin Lola D., der mit einem Polizeikn\u00fcppel das Wadenbein gebrochen und die Anlage ihrer Musikgruppe zertr\u00fcmmert wurde. Von dem Vorfall gibt es ein Video.<\/p>\n<p><strong>Polizeiliche Todessch\u00fcsse:<\/strong><\/p>\n<p>6. Juni: Gegen 10.15 Uhr <a href=\"https:\/\/polizeischuesse.cilip.de\/fall\/cilip-2023-4\">sei der Polizei in Ingolstadt mitgeteilt worden<\/a>, dass sich eine Person im Osten der Stadt in einer psychischen Ausnahmesituation befinden soll. Der von den Beamt*innen unbekleidet auf Bahngleisen angetroffene 35-J\u00e4hrige soll seinen Suizid angek\u00fcndigt haben, eine polizeiliche Verhandlungsgruppe und Spezialkr\u00e4fte h\u00e4tten \u00fcber mehrere Stunden vergeblich versucht, ihn zur Aufgabe zu \u00fcberreden. Ein Festnahmeversuch sei am Widerstand des Mannes gescheitert, auch Pfefferspray sei eingesetzt worden. Dann sei das sp\u00e4tere Opfer unvermittelt aus einem Geb\u00fcsch gesprungen und <a href=\"https:\/\/www.br.de\/nachrichten\/bayern\/toedliche-polizeischuesse-neue-details-zu-einsatz-in-ingolstadt,TgPFQuo\">mit einem &#8222;gro\u00dfen St\u00fcck Holz&#8220;<\/a> auf einen SEK-Beamten zugelaufen, dieser habe geschossen.<\/p>\n<p><strong>Einsatz von Taser:<\/strong><\/p>\n<p>6. Juni: Nachdem ein angeblich mit einem Messer bewaffneter Mann in Bremen Passant*innen mit einem Messer bedroht habe, \u00fcberw\u00e4ltigten Spezialkr\u00e4fte der Polizei den 30-J\u00e4hrigen <a href=\"https:\/\/www.butenunbinnen.de\/nachrichten\/taser-polizei-bremen-messer-100.html\">mit einem Taser<\/a>. Vorher h\u00e4tten herbeigerufene Polizist*innen ihre Waffen gezogen und den Mann auf Abstand gehalten. 17 Minuten lang sei versucht worden, ihn davon zu \u00fcberzeugen, das Messer fallen zu lassen. Der Mann wurde vorl\u00e4ufig in einer psychiatrischen Einrichtung untergebracht.<\/p>\n<p>9. Juni: In Bremerhaven haben Polizisten eine mit einer Machete und einem Messer bewaffnete 19-J\u00e4hrige mit mithilfe eines Tasers \u00fcberw\u00e4ltigt. Die Frau sei <a href=\"https:\/\/www.presseportal.de\/blaulicht\/pm\/134196\/5530257\">laut Polizei<\/a> in einer psychischen Ausnahmesituation gewesen und im Stadtteil Geestendorf herumgelaufen und habe dabei geschrien. Den Angaben zufolge ging sie &#8222;bedrohend auf die Polizisten zu&#8220;. Die Frau wurde leicht verletzt, die Polizist*innen h\u00e4tten noch &#8222;weitere Waffen bzw. gef\u00e4hrliche Gegenst\u00e4nde&#8220; bei ihr gefunden.<\/p>\n<p>19. Juni: Bremer Spezialkr\u00e4fte haben im Stadtteil Hemelingen einen 28-J\u00e4hrigen <a href=\"https:\/\/www.butenunbinnen.de\/nachrichten\/sek-bremen-hemelingen-taser-gaffer-100.html\">getasert<\/a>. Laut Polizeiangaben soll in seiner Wohnung randaliert und versuchte haben, diese in Brand zu setzen. Der Mann habe sich gewaltt\u00e4tig und unberechenbar verhalten und Polizist*innen mit Mobiltelefonen, Flaschen und anderen Gegenst\u00e4nden beworfen.<\/p>\n<p><strong>Verletzt durch Polizeisch\u00fcsse:<\/strong><\/p>\n<p>7. Juni: Nachdem sich die Polizei in Bad Salzuflen eine Verfolgungsjagd mit einem Mann lieferte, stoppten sechs Beamt*innen den Fahrer Bilel G. <a href=\"https:\/\/www.spiegel.de\/panorama\/verfolgungsjagd-in-nrw-polizisten-geben-ueber-30-schuesse-ab-a-cc121401-7781-49e6-971e-443aaaadb4e9\">mit mehr als 34 Sch\u00fcssen<\/a>. Der 19-J\u00e4hrige wurde <a href=\"https:\/\/www.gofundme.com\/f\/querschnittlahmung-durch-polizeischusse?s=35\">nach Angaben von Angeh\u00f6rigen<\/a> ohne Vorwarnung sechsmal getroffen; zwei Kugeln trafen ihn demnach in die Brust, eine in den rechten Unterarm sowie eine in den rechten Oberarm, eine weitere unter den Rippenbogen und eine in den R\u00fccken. G. bleibt deshalb wom\u00f6glich querschnittsgel\u00e4hmt. Die Polizist*innen waren mit Bodycams ausgestattet und die Streifenwagen mit Dashcams, jedoch\u00a0 gibt es <a href=\"https:\/\/www.westfalen-blatt.de\/owl\/kreis-lippe\/bad-salzuflen\/polizei-verfolgung-schuesse-dashcam-bodycam-herford-2772245?pid=true\">nach Beh\u00f6rdenangaben<\/a> keine polizeilichen Videos von dem Einsatz. Ob der Tatverd\u00e4chtige gezielt auf Beamt*innen zufuhr, bezweifelte die Polizei in einer <a href=\"https:\/\/polizei.nrw\/presse\/zweite-gemeinsame-pressemitteilung-der-staatsanwaltschaft-detmold-und-dem-polizeipraesidium-bielefeld-zu-einer-verfolgungsfahrt-mit-anschliessendem-schusswaffengebrauch-durch-polizeibeamte\">zweiten Pressemitteilung<\/a>. Ein Polizeibeamter soll leichte Verletzungen erlitten haben, sechs weitere seien &#8222;aufgrund der Geschehnisse in einem Schockzustand&#8220; gewesen und daher als leicht verletzt eingestuft worden.\u00a0Bei dem Einsatz sollen <a href=\"https:\/\/www.westfalen-blatt.de\/owl\/bielefeld\/polizeischuesse-verfolgung-bad-salzuflen-2772921\">vor allem junge Polizist*innen<\/a> aus Herford und Lippe vor Ort gewesen sein, &#8222;einige&#8220; der sechs Sch\u00fctz*innen sollen j\u00fcnger als 25 Jahre sein, darunter auch Beamt*innen auf Probe.<\/p>\n<p>11. Juni: Bei einem Polizeieinsatz im hessischen Ro\u00dfdorf hat ein Beamter einen Mann mit einem Schuss <a href=\"https:\/\/www.hessenschau.de\/panorama\/familienstreit-eskaliert-polizei-stoppt-aggressiven-ehemann-mit-schuss-v1,schuss-rossdorf-100.html\">schwer verletzt<\/a>. Der 50-J\u00e4hrige soll zuvor seine Ehefrau geschlagen und bedroht haben.<\/p>\n<p>22. Juni: <a href=\"https:\/\/www.waz.de\/staedte\/muelheim\/bedrohung-muelheimer-polizei-schiesst-auf-mann-lebensgefahr-id238774435.html\">Neben einer Fl\u00fcchtlingsunterkunft<\/a> am Hauptbahnhof in M\u00fclheim im Ruhrgebiet hat Polizei auf einen Mann geschossen und ihn lebensgef\u00e4hrlich verletzt. <a href=\"https:\/\/www.presseportal.de\/blaulicht\/pm\/11530\/5542362\">Laut einer Mitteilung<\/a> der Polizei und Staatsanwaltschaft seien die Beamt*innen in der Nacht wegen einer Messerstecherei zum Bahnhof alarmiert worden. Sie seien von dem Mann bedroht worden, der ein Messer und eine abgeschlagene Flasche in der Hand gehalten habe. Angeblich kam der Mann &#8222;bedrohlich auf die Beamten zu, sodass es zum Einsatz der Schusswaffe kam&#8220;. Die Bodycams der Polizist*innen seien eingeschaltet gewesen.<\/p>\n<p><strong>Verurteilungen von Polizist*innen:<\/strong><\/p>\n<p>15. Juni: Eine fr\u00fchere leitende Beamtin der Polizeiinspektion Northeim soll polizeiinterne Informationen an ein f\u00fchrendes Mitglied der Rockergruppierung \u201eHells Angels\u201c weitergegeben haben. <a href=\"https:\/\/www.hna.de\/lokales\/northeim\/strafbefehl-fuer-kripo-chefin-92343759.html\">Das Amtsgericht Northeim<\/a> hat gegen diese einen Strafbefehl Verletzung des Dienstgeheimnisses \u00fcber 90 Tagess\u00e4tze zu je 60 Euro (insgesamt 5400 Euro) verh\u00e4ngt.<\/p>\n<p>&nbsp;<\/p>\n<p><em>Beitragsbild: <a href=\"https:\/\/twitter.com\/matthimon\/status\/1667647680401625089?s=61&amp;t=2Sau3ZZ600peM4PWLjmHrA\">Bundespolizei<\/a>.<\/em><\/p>\n","protected":false},"excerpt":{"rendered":"<p>Ermittlungen gegen Polizist*innen: 1. Juni: Der polizeiliche Staatsschutz des Landeskriminalamtes Berlin ermittelt seit dem 10.<\/p>\n","protected":false},"author":2,"featured_media":20957,"parent":21447,"menu_order":0,"comment_status":"closed","ping_status":"closed","template":"","meta":{"footnotes":""},"class_list":["post-20933","page","type-page","status-publish","has-post-thumbnail","hentry"],"_links":{"self":[{"href":"https:\/\/wp-dev.daten.cool\/index.php?rest_route=\/wp\/v2\/pages\/20933","targetHints":{"allow":["GET"]}}],"collection":[{"href":"https:\/\/wp-dev.daten.cool\/index.php?rest_route=\/wp\/v2\/pages"}],"about":[{"href":"https:\/\/wp-dev.daten.cool\/index.php?rest_route=\/wp\/v2\/types\/page"}],"author":[{"embeddable":true,"href":"https:\/\/wp-dev.daten.cool\/index.php?rest_route=\/wp\/v2\/users\/2"}],"replies":[{"embeddable":true,"href":"https:\/\/wp-dev.daten.cool\/index.php?rest_route=%2Fwp%2Fv2%2Fcomments&post=20933"}],"version-history":[{"count":0,"href":"https:\/\/wp-dev.daten.cool\/index.php?rest_route=\/wp\/v2\/pages\/20933\/revisions"}],"up":[{"embeddable":true,"href":"https:\/\/wp-dev.daten.cool\/index.php?rest_route=\/wp\/v2\/pages\/21447"}],"wp:featuredmedia":[{"embeddable":true,"href":"https:\/\/wp-dev.daten.cool\/index.php?rest_route=\/wp\/v2\/media\/20957"}],"wp:attachment":[{"href":"https:\/\/wp-dev.daten.cool\/index.php?rest_route=%2Fwp%2Fv2%2Fmedia&parent=20933"}],"curies":[{"name":"wp","href":"https:\/\/api.w.org\/{rel}","templated":true}]}}