{"id":21,"date":"2015-02-03T16:52:12","date_gmt":"2015-02-03T16:52:12","guid":{"rendered":"http:\/\/www.cilip.de\/?page_id=21"},"modified":"2015-02-03T16:52:12","modified_gmt":"2015-02-03T16:52:12","slug":"kontakt","status":"publish","type":"page","link":"https:\/\/wp-dev.daten.cool\/?page_id=21","title":{"rendered":"Kontakt"},"content":{"rendered":"<p><strong>Institut f\u00fcr B\u00fcrgerrechte &amp; \u00f6ffentliche Sicherheit e.V.<\/strong><br \/>\nc\/o Juristische Fakult\u00e4t<br \/>\nHumboldt-Universit\u00e4t zu Berlin<br \/>\nUnter den Linden 6<br \/>\n10099 Berlin (Germany)<\/p>\n<p><strong>Vertrieb (Bestellungen, Reklamationen):<\/strong><br \/>\n<a href=\"mailto:vertrieb@cilip.de\">vertrieb@cilip.de<\/a><\/p>\n<p><strong>Inhaltliches (Heft und Webseite, Vereinsangelegenheiten):<\/strong><br \/>\n<a href=\"mailto:info@cilip.de\">info@cilip.de<\/a><\/p>\n<p><strong>Bankverbindung: <\/strong><br \/>\nInstitut f\u00fcr B\u00fcrgerrechte &amp; \u00f6ffentliche Sicherheit e.V.<br \/>\nIBAN: DE22 3702 0500 0003 0564 00<br \/>\nSWIFT-\/ BIC-Code: BFSWDE33XXX<br \/>\nSozialBank<\/p>\n<p><strong>Vorstand: <\/strong><br \/>\nNorbert P\u00fctter (Vorsitzender)<br \/>\nMartina Kant<br \/>\nFriederike Wegner<\/p>\n<p><strong>Beirat: <\/strong><br \/>\nMarlies D\u00fcrkop (Berlin), Cyrille Fijnaut (Niederlande), Peter J. Katzenstein (USA), Eva Kreisky (\u00d6sterreich), Ren\u00e9 Levy (Frankreich), Gary T. Marx (USA), Lode van Outrive (Belgien), Robert Reiner (England), Reiner R\u00fcrup (Berlin), Fritz Sack (Berlin), Eggert Schwan (Berlin), J\u00fcrgen Seifert \u2020 (Hannover), Salvatore Senese (Italien), John Shattuck (USA)<\/p>\n","protected":false},"excerpt":{"rendered":"<p>Institut f\u00fcr B\u00fcrgerrechte &amp; \u00f6ffentliche Sicherheit e.V. c\/o Juristische Fakult\u00e4t Humboldt-Universit\u00e4t zu Berlin Unter den<\/p>\n","protected":false},"author":2,"featured_media":0,"parent":0,"menu_order":7,"comment_status":"closed","ping_status":"open","template":"page-templates\/full-width.php","meta":{"footnotes":""},"class_list":["post-21","page","type-page","status-publish","hentry"],"_links":{"self":[{"href":"https:\/\/wp-dev.daten.cool\/index.php?rest_route=\/wp\/v2\/pages\/21","targetHints":{"allow":["GET"]}}],"collection":[{"href":"https:\/\/wp-dev.daten.cool\/index.php?rest_route=\/wp\/v2\/pages"}],"about":[{"href":"https:\/\/wp-dev.daten.cool\/index.php?rest_route=\/wp\/v2\/types\/page"}],"author":[{"embeddable":true,"href":"https:\/\/wp-dev.daten.cool\/index.php?rest_route=\/wp\/v2\/users\/2"}],"replies":[{"embeddable":true,"href":"https:\/\/wp-dev.daten.cool\/index.php?rest_route=%2Fwp%2Fv2%2Fcomments&post=21"}],"version-history":[{"count":0,"href":"https:\/\/wp-dev.daten.cool\/index.php?rest_route=\/wp\/v2\/pages\/21\/revisions"}],"wp:attachment":[{"href":"https:\/\/wp-dev.daten.cool\/index.php?rest_route=%2Fwp%2Fv2%2Fmedia&parent=21"}],"curies":[{"name":"wp","href":"https:\/\/api.w.org\/{rel}","templated":true}]}}