{"id":21561,"date":"2024-02-13T14:18:14","date_gmt":"2024-02-13T14:18:14","guid":{"rendered":"https:\/\/www.cilip.de\/?page_id=21561"},"modified":"2024-02-13T14:18:14","modified_gmt":"2024-02-13T14:18:14","slug":"cas-isoles-avec-systeme-violence-policiere-mortelle-devant-la-justice","status":"publish","type":"page","link":"https:\/\/wp-dev.daten.cool\/?page_id=21561","title":{"rendered":"Des &#8222;cas isol\u00e9s&#8220; avec syst\u00e8me : violence polici\u00e8re mortelle devant le tribunal"},"content":{"rendered":"<p><strong>D\u00e9bat avec le comit\u00e9 de soutien Justice for Mouhamed (Dortmund) et l&#8217;Initiative 2. Mai (Mannheim)<\/strong><\/p>\n<blockquote class=\"alignright\"><p>21 f\u00e9vrier 2024, 19h30 \u00e0 SO36, Oranienstra\u00dfe 190, Berlin-Kreuzberg.<br \/>\nAvec traduction simultan\u00e9e en anglais et en fran\u00e7ais et streaming en direct (en allemand).<br \/>\nEntr\u00e9e libre<\/p><\/blockquote>\n<p>En Allemegne, la violence polici\u00e8re envers des personnes ayant v\u00e9cu des exp\u00e9riences de racisme est syst\u00e9matique: Elles sont plus nombreuses que la moyenne \u00e0 \u00eatre victimes de tirs mortels de la police, d&#8217;interventions mortelles et de d\u00e9c\u00e8s en garde \u00e0 vue. <\/p>\n<p>Dans pr\u00e8s de trois quarts de ces cas, les personnes d\u00e9c\u00e9d\u00e9es se trouvaient dans une situation psychique exceptionnelle; l&#8217;exclusion sociale des personnes touch\u00e9es par la pauvret\u00e9 constitue un facteur de risque suppl\u00e9mentaire. <\/p>\n<p>Dans la repr\u00e9sentation publique, c&#8217;est souvent le r\u00e9cit de la police qui s&#8217;impose, minimisant la violence et la justifiant par un renversement des victimes et des bourreaux. Il est tr\u00e9s rare que les enqu\u00eates men\u00e9es dans ces cas aboutissent \u00e0 l&#8217;inculpation des auteurs et encore plus rare qu&#8217;elles aboutissent \u00e0 des condamnations. C&#8217;est pourquoi il est exceptionnel que plusieurs proc\u00e8s pour violences polici\u00e8res mortelles se d\u00e9roulent actuellement avec de l\u2018accompagnement solidaire du processus.<\/p>\n<p><iframe loading=\"lazy\" title=\"\u201eEinzelf\u00e4lle\u201c mit System: T\u00f6dliche Polizeigewalt vor Gericht\" width=\"640\" height=\"360\" src=\"https:\/\/www.youtube.com\/embed\/_a-03h7r9ac?feature=oembed\" frameborder=\"0\" allow=\"accelerometer; autoplay; clipboard-write; encrypted-media; gyroscope; picture-in-picture; web-share\" referrerpolicy=\"strict-origin-when-cross-origin\" allowfullscreen><\/iframe><\/p>\n<p>A Dortmund, le proc\u00e8s de cinq policier\u00b7\u00e8re\u00b7s a d\u00e9but\u00e9 en d\u00e9cembre. Le 8 ao\u00fbt 2022, ils\u00b7elles ont frapp\u00e9 Mouhamed Lamine Dram\u00e9, un jeune r\u00e9fugi\u00e9 s\u00e9n\u00e9galais, \u00e0 l&#8217;aide d&#8217;un spray au poivre et des tasers, et l&#8217;ont finalement tu\u00e9 de cinq balles de pistolet mitrailleur. La police de Dortmund a menott\u00e9 le jeune homme de 16 ans alors qu&#8217;il \u00e9tait d\u00e9j\u00e0 mourant. Aussi, le chef d&#8217;intervention a m\u00eame donn\u00e9 un coup de pied au jeune homme qui \u00e9tait d\u00e9j\u00e0 \u00e0 terre. C&#8217;est ce que le t\u00e9moin oculaire, un travailleur social, a d\u00e9clar\u00e9 au tribunal. Il avait appel\u00e9 la police car il craignait que Mouhamed ne se blesse lui-m\u00eame. M\u00eame le parquet estime que l&#8217;action de la police est d&#8217;une violence excessive. Le tireur doit donc r\u00e9pondre d&#8217;homicide, trois officier\u00b7\u00e8re\u00b7s de police des coups et blessures avec circonstances aggravantes dans l&#8217;exercice de leurs fonctions et le chef d&#8217;intervention d&#8217;incitation.<\/p>\n<p>Depuis janvier, deux policiers sont jug\u00e9s \u00e0 Mannheim. Le 2 mai 2022, ils ont ma\u00eetris\u00e9 Ante P. \u00e0 l&#8217;aide d&#8217;un spray au poivre et de coups, l&#8217;ont maintenu au sol sur le ventre, l&#8217;ont menott\u00e9 et &#8211; selon l&#8217;expertise de la m\u00e9decine l\u00e9gale de Heidelberg &#8211; l&#8217;ont \u00e9touff\u00e9 au passage. L&#8217;homme de 47 ans souffrait de troubles psychiques depuis 33 ans et vivait de mani\u00e8re autonome dans son propre appartement. Son m\u00e9decin traitant au centre de sant\u00e9 mentale avait appel\u00e9 la police, car il craignait qu&#8217;Ante P. ne se mette en danger. Le jour du crime, il y avait beaucoup de monde sur la place du march\u00e9, un quartier d&#8217;immigration, qui a pris de 120 photos et vid\u00e9os. C&#8217;est gr\u00e2ce \u00e0 ces enregistrements qu&#8217;un proc\u00e8s pour coups et blessures ayant entra\u00een\u00e9 la mort dans l&#8217;exercice de ses fonctions et pour homicide par n\u00e9gligence s&#8217;est d\u00e9roul\u00e9 maintenant. Peu avant sa mort, Ante P. a d\u00e9clar\u00e9: &#8222;Je veux un juge&#8220;. <\/p>\n<p>A Dortmund et Mannheim, les comit\u00e9s de soutien soutiennent \u00e9galement la partie civile des proches des victimes. Ils\u00b7Elles demandent que justice soit faite pour les personnes tu\u00e9es et que les coupables en subissent les cons\u00e9quences. Lors du d\u00e9bat \u00e0 SO36, ils\u00b7elles parleront des premiers jours d&#8217;audience, de la strat\u00e9gie de d\u00e9fense des accus\u00e9s et de leurs exp\u00e9riences en tant qu&#8217;accompagnateur\u00b7rice\u00b7s solidaires de proc\u00e8s. En outre, des revendications politiques seront discut\u00e9es afin de lutter contre la violence polici\u00e8re mortelle. <\/p>\n<p>L&#8217;\u00e9v\u00e9nement sera retransmis en direct sur YouTube, le lien de streaming vous sera communiqu\u00e9 quelques jours avant via les m\u00e9dias sociaux des groupes participants.<\/p>\n<p>Organisateurs de l&#8217;\u00e9v\u00e9nement : Solidarit\u00e4tskreis Justice for Mouhamed | Initiative 2. Mai | Zeitschrift B\u00fcrgerrechte &amp; Polizei\/ CILIP | Recherchegruppe Death in Custody | Grundrechtekomitee | KOP Berlin | ISKS Berlin | Rote Hilfe OG Berlin | Republikanischer Anw\u00e4ltinnen- und Anw\u00e4lteverein | Initiative Schwarze Menschen in Deutschland<\/p>\n<h3>Image : Friedrich Kraft.<\/h3>\n<p><a href=\"https:\/\/wp-dev.daten.cool\/wp-content\/uploads\/2024\/02\/cas_isoles_1.png\"><img loading=\"lazy\" decoding=\"async\" class=\"alignleft wp-image-21526 size-medium\" src=\"https:\/\/www.cilip.de\/wp-content\/uploads\/2024\/02\/cas_isoles_1-250x250.png\" alt=\"\" width=\"250\" height=\"250\" \/><\/a> <a href=\"https:\/\/wp-dev.daten.cool\/wp-content\/uploads\/2024\/02\/cas_isoles_2.png\"><img loading=\"lazy\" decoding=\"async\" class=\"alignleft size-medium wp-image-21527\" src=\"https:\/\/www.cilip.de\/wp-content\/uploads\/2024\/02\/cas_isoles_2-250x250.png\" alt=\"\" width=\"250\" height=\"250\" \/><\/a> <a href=\"https:\/\/wp-dev.daten.cool\/wp-content\/uploads\/2024\/02\/cas_isoles_3.png\"><img loading=\"lazy\" decoding=\"async\" class=\"alignleft size-medium wp-image-21528\" src=\"https:\/\/www.cilip.de\/wp-content\/uploads\/2024\/02\/cas_isoles_3-250x250.png\" alt=\"\" width=\"250\" height=\"250\" \/><\/a> <a href=\"https:\/\/wp-dev.daten.cool\/wp-content\/uploads\/2024\/02\/cas_isoles_4.png\"><img loading=\"lazy\" decoding=\"async\" class=\"alignleft size-medium wp-image-21529\" src=\"https:\/\/www.cilip.de\/wp-content\/uploads\/2024\/02\/cas_isoles_4.png\" alt=\"\" width=\"250\" height=\"250\" \/><\/a> <a href=\"https:\/\/wp-dev.daten.cool\/wp-content\/uploads\/2024\/02\/cas_isoles_5.png\"><img loading=\"lazy\" decoding=\"async\" class=\"alignleft size-medium wp-image-21529\" src=\"https:\/\/www.cilip.de\/wp-content\/uploads\/2024\/02\/cas_isoles_5.png\" alt=\"\" width=\"250\" height=\"250\" \/><\/a><\/p>\n","protected":false},"excerpt":{"rendered":"<p>D\u00e9bat avec le comit\u00e9 de soutien Justice for Mouhamed (Dortmund) et l&#8217;Initiative 2. Mai (Mannheim)<\/p>\n","protected":false},"author":2,"featured_media":21539,"parent":21557,"menu_order":0,"comment_status":"closed","ping_status":"closed","template":"","meta":{"footnotes":""},"class_list":["post-21561","page","type-page","status-publish","has-post-thumbnail","hentry"],"_links":{"self":[{"href":"https:\/\/wp-dev.daten.cool\/index.php?rest_route=\/wp\/v2\/pages\/21561","targetHints":{"allow":["GET"]}}],"collection":[{"href":"https:\/\/wp-dev.daten.cool\/index.php?rest_route=\/wp\/v2\/pages"}],"about":[{"href":"https:\/\/wp-dev.daten.cool\/index.php?rest_route=\/wp\/v2\/types\/page"}],"author":[{"embeddable":true,"href":"https:\/\/wp-dev.daten.cool\/index.php?rest_route=\/wp\/v2\/users\/2"}],"replies":[{"embeddable":true,"href":"https:\/\/wp-dev.daten.cool\/index.php?rest_route=%2Fwp%2Fv2%2Fcomments&post=21561"}],"version-history":[{"count":0,"href":"https:\/\/wp-dev.daten.cool\/index.php?rest_route=\/wp\/v2\/pages\/21561\/revisions"}],"up":[{"embeddable":true,"href":"https:\/\/wp-dev.daten.cool\/index.php?rest_route=\/wp\/v2\/pages\/21557"}],"wp:featuredmedia":[{"embeddable":true,"href":"https:\/\/wp-dev.daten.cool\/index.php?rest_route=\/wp\/v2\/media\/21539"}],"wp:attachment":[{"href":"https:\/\/wp-dev.daten.cool\/index.php?rest_route=%2Fwp%2Fv2%2Fmedia&parent=21561"}],"curies":[{"name":"wp","href":"https:\/\/api.w.org\/{rel}","templated":true}]}}