{"id":21671,"date":"2024-03-24T20:00:27","date_gmt":"2024-03-24T20:00:27","guid":{"rendered":"https:\/\/www.cilip.de\/?page_id=21671"},"modified":"2024-03-24T20:00:27","modified_gmt":"2024-03-24T20:00:27","slug":"134-april-2024-forschung-und-innovation","status":"publish","type":"page","link":"https:\/\/wp-dev.daten.cool\/?page_id=21671","title":{"rendered":"134 (April 2024) Forschung und Innovation"},"content":{"rendered":"<p><a href=\"https:\/\/www.cilip.de\/2024\/04\/02\/redaktionsmitteilung-49\/\"><strong>Redaktionsmitteilung<\/strong><\/a><br \/>\nCILIP Redaktion<\/p>\n<p><a href=\"https:\/\/www.cilip.de\/2024\/04\/02\/polizei-und-technische-innovationen-hoffnungen-und-gefahren-der-polizei-der-zukunft\/\"><strong>Polizei und technische Innovationen<\/strong><\/a><br \/>\nNorbert P\u00fctter, Eric T\u00f6pfer<br \/>\n<strong><a href=\"https:\/\/www.cilip.de\/2024\/04\/08\/biometrische-gesichtserkennung-technologischer-solutionismus-fuer-mehr-sicherheit\/\">Biometrische Gesichtserkennung<\/a> <\/strong><br \/>\nJens H\u00e4lterlein<br \/>\n<strong>Digitalforensische Tatortrekonstruktion<\/strong><br \/>\nThomas Feltes, Holger Plank<br \/>\n<strong>KI-gest\u00fctzte Video\u00fcberwachung am Hansaplatz<\/strong><br \/>\nTabea Louis, Johannes Ebenau<br \/>\n<strong>EU-Sicherheitsforschung an der Leine der Agenturen<\/strong><br \/>\nEric T\u00f6pfer<br \/>\n<strong>\u00dcberwachungstechnologien und \u201eBegleitforschung\u201c<\/strong><br \/>\nClemens Arzt, Jessica Heesen, Viktoria Rappold, Susanne Schuster<br \/>\n<strong>Digitaler Messebesuch auf dem Sicherheitsmarkt<\/strong><br \/>\nNorbert P\u00fctter<\/p>\n<p><a href=\"https:\/\/www.cilip.de\/2024\/04\/08\/der-umgang-mit-vorwuerfen-polizeiliche-reaktionen-auf-anschuldigungen\/\"><strong>Polizeilicher Umgang mit Vorw\u00fcrfen<\/strong><\/a><br \/>\nRiccarda Gattinger<br \/>\n<strong>Racist Profiling auf St. Pauli<\/strong><br \/>\nSimone Borgstede, Steffen J\u00f6rg, Moana Kahrmann, Efthimia Panagiotidis, Rasmus Rienecker, Sabine St\u00f6vesand<br \/>\n<strong>Beschlagnahme von Forschungsdaten<\/strong><br \/>\nHelmut Poll\u00e4hne<br \/>\n<strong><br \/>\nInland aktuell<\/strong><br \/>\n<strong>Meldungen aus Europa<\/strong><br \/>\n<a href=\"https:\/\/www.cilip.de\/2024\/04\/02\/literatur-76\/\"><strong>Literatur<\/strong><\/a><br \/>\n<strong>Mitarbeiter*innen dieser Ausgabe<\/strong><\/p>\n","protected":false},"excerpt":{"rendered":"<p>Redaktionsmitteilung CILIP Redaktion Polizei und technische Innovationen Norbert P\u00fctter, Eric T\u00f6pfer Biometrische Gesichtserkennung Jens H\u00e4lterlein<\/p>\n","protected":false},"author":2,"featured_media":21666,"parent":21668,"menu_order":0,"comment_status":"closed","ping_status":"closed","template":"page-templates\/full-width.php","meta":{"footnotes":""},"class_list":["post-21671","page","type-page","status-publish","has-post-thumbnail","hentry"],"_links":{"self":[{"href":"https:\/\/wp-dev.daten.cool\/index.php?rest_route=\/wp\/v2\/pages\/21671","targetHints":{"allow":["GET"]}}],"collection":[{"href":"https:\/\/wp-dev.daten.cool\/index.php?rest_route=\/wp\/v2\/pages"}],"about":[{"href":"https:\/\/wp-dev.daten.cool\/index.php?rest_route=\/wp\/v2\/types\/page"}],"author":[{"embeddable":true,"href":"https:\/\/wp-dev.daten.cool\/index.php?rest_route=\/wp\/v2\/users\/2"}],"replies":[{"embeddable":true,"href":"https:\/\/wp-dev.daten.cool\/index.php?rest_route=%2Fwp%2Fv2%2Fcomments&post=21671"}],"version-history":[{"count":0,"href":"https:\/\/wp-dev.daten.cool\/index.php?rest_route=\/wp\/v2\/pages\/21671\/revisions"}],"up":[{"embeddable":true,"href":"https:\/\/wp-dev.daten.cool\/index.php?rest_route=\/wp\/v2\/pages\/21668"}],"wp:featuredmedia":[{"embeddable":true,"href":"https:\/\/wp-dev.daten.cool\/index.php?rest_route=\/wp\/v2\/media\/21666"}],"wp:attachment":[{"href":"https:\/\/wp-dev.daten.cool\/index.php?rest_route=%2Fwp%2Fv2%2Fmedia&parent=21671"}],"curies":[{"name":"wp","href":"https:\/\/api.w.org\/{rel}","templated":true}]}}