{"id":23023,"date":"2024-06-04T07:06:07","date_gmt":"2024-06-04T07:06:07","guid":{"rendered":"https:\/\/www.cilip.de\/?page_id=23023"},"modified":"2024-06-04T07:06:07","modified_gmt":"2024-06-04T07:06:07","slug":"polizeiproblem-6-2024","status":"publish","type":"page","link":"https:\/\/wp-dev.daten.cool\/?page_id=23023","title":{"rendered":"Polizeiproblem 6\/2024"},"content":{"rendered":"<p><strong>Urteile gegen Polizist*innen:<\/strong><\/p>\n<p>3. Juni: Die Staatsanwaltschaft hat das Verfahren gegen einen Dortmunder Polizisten wegen t\u00f6dlicher Sch\u00fcsse auf einen Obdachlosen <a href=\"https:\/\/www1.wdr.de\/nachrichten\/ruhrgebiet\/verfahren-eingestellt-polizist-schuss-obdachloser-dortmund-100.html\">eingestellt<\/a>. Der Beamte habe in Notwehr gehandelt, als er den 52-j\u00e4hrigen erschoss. Auf Bildern der Bodycam des Beamten sowie Videos von Passanten sei zu sehen, dass der Mann mehrfach von den Beamten angesprochen worden sei, aber nicht reagierte. Der Polizei sei keine andere Chance als der Schusswaffengebrauch geblieben, so der Staatsanwalt.<\/p>\n<p>20. Juni: 20. Juni: Ein Polizist, der am 1. Mai 2023 in Hamburg am Bahnhof Schlump einen 19-J\u00e4hrigen Demonstranten umgerannt hat, soll jetzt wegen K\u00f6rperverletzung im Amt eine Geldstrafe \u00fcber 120 Tagess\u00e4tze \u00e0 100 Euro <a href=\"https:\/\/www.ndr.de\/nachrichten\/hamburg\/Nach-Vorfall-bei-Mai-Demo-in-Hamburg-Strafbefehl-gegen-Polizist,maidemo406.html\">zahlen<\/a>, also 12.000 Euro, zahlen. Der Demonstrant musste notversorgt werden und kam ins Krankenhaus. Statt ihm zu helfen, hatte sich der Polizist umgedreht und ging weg.<\/p>\n<p><strong>Waffenprobleme:<\/strong><\/p>\n<p>5. Juni: In den vergangenen Jahren sollen beim Schie\u00dfsport der Brandenburger Polizei rund 25.000 Schuss Munition <a href=\"https:\/\/www.rbb24.de\/politik\/beitrag\/2024\/06\/polizei-sportschiessen-munition-patronen-verschwunden-bericht-landtag-waffen-brandenburg.html\">verschwunden sein<\/a>. In einem ersten Bericht einer Expertenkommission zum Verbleib ist nun von mangelhafter Aufsicht und Kontrolle \u00fcber den Munitions- und Waffengebrauch die Rede. Durch eigene Pr\u00fcfungen hatte die Polizei f\u00fcr 2022 zun\u00e4chst das Fehlen von 4.400 Schuss Munition ermittelt. Nachfolgende Pr\u00fcfungen des Rechnungshofes ermittelten seit dem Jahr 2017 insgesamt rund 25.000 fehlende Schuss Munition.<\/p>\n<p>6. Juni: Der Landesrechnungshof Sachsen-Anhalt <a href=\"https:\/\/www.mdr.de\/nachrichten\/sachsen-anhalt\/munition-waffen-asservatenkammer-verschwunden-polizei-104.html\">sieht ein erhebliches Sicherheitsrisiko bei der Polizei<\/a>, nachdem bei einer Kontrolle festgestellt wurde, dass dort zahlreiche Schusswaffen verschwunden sind. Diese will das LKA der Polizeifachschule geliehen haben. Mit dem Bericht weitet sich die Waffenaff\u00e4re aus: Erst k\u00fcrzlich hatte das LKA kurz vor einer Kontrolle Waffen und Munition vernichtet. Anschlie\u00dfend wurde beim LKA eine \u00dcberpr\u00fcfung der Vergleichswaffensammlung eingeleitet, die andauert. Zudem wurden bei einem Polizisten im Harz mehrere Beweismittel gefunden. Schlie\u00dflich fehlten im Polizeirevier Salzlandkreis rund 13.000 Euro.<\/p>\n<p><strong>Tod im Polizeigewahrsam:<\/strong><\/p>\n<p>6. Juni: In Dortmund <a href=\"https:\/\/www.derwesten.de\/staedte\/dortmund\/dortmund-polizei-markgrafenstrasse-tot-id300992305.html\">starb ein Mann im Zellentrakt der Polizei<\/a>, nachdem er kurz zuvor in Polizeigewahrsam eingeliefert worden war. Angeblich habe sich ein \u201e\u00e4rztlicher Notfall\u201c ergeben, berichtet eine Regionalzeitung. Ein alarmierter Notarzt habe nur noch den Tod des Mannes feststellen k\u00f6nnen. Laut einem Polizeisprecher gebe es zun\u00e4chst keine Hinweise auf Gewalteinwirkung.<\/p>\n<p><strong>Polizeiliche Todessch\u00fcsse:<\/strong><\/p>\n<p>14. Juni: In Hamburg hat ein Spezialeinsatzkommando (SEK) einen Mann <a href=\"https:\/\/polizeischuesse.cilip.de\/fall\/cilip-2024-5\">erschossen<\/a>, der nach Angaben der Polizei das Feuer auf die Beamt*innen er\u00f6ffnet hatte. Der 51-J\u00e4hrige soll zuvor versucht haben, seinen Vater anzuz\u00fcnden. Deshalb war die Polizei von Bewohner*innen eines Mehrfamilienhauses alarmiert worden. Das SEK wurde schlie\u00dflich zur Verst\u00e4rkung gerufen. Laut Polizei k\u00f6nnte sich der 51-J\u00e4hrige in einem psychischen Ausnahmezustand befunden haben.<\/p>\n<p>14. Juni: In Wolmirstedt in Sachsen-Anhalt hat die Polizei einen Mann <a href=\"https:\/\/polizeischuesse.cilip.de\/fall\/cilip-2024-6\">erschossen<\/a>, der mehrere Menschen auf einer privaten EM-Party angegriffen und drei von ihnen schwer verletzt haben soll. Nach Angaben der Staatsanwaltschaft Magdeburg hat er zuvor bereits in der N\u00e4he einen Mann erstochen. Medien zufolge soll es sich bei der Tatwaffe um ein Messer handeln. Damit habe er auch die alarmierten Polizeibeamten angegriffen. Der Mann starb im Krankenhaus.<\/p>\n<p>30. Juni: Nachdem ein Mann in Lauf an der Pegnitz drei in einem Fahrzeug sitzende Bundespolizisten bedroht haben soll, wurde der 34-J\u00e4hrige mit iranischer Staatsangeh\u00f6rigkeit von den Beamt*innen erschossen. Der Mann erlag am Einsatzort Bahnhof seinen Verletzungen. Bei der Bedrohungslage sei &#8222;auch ein Messer im Spiel&#8220; gewesen, sagte ein Sprecher der Polizei. Erst als die drei Beamt*innen ausstiegen, soll er diese damit angegriffen haben, <a href=\"https:\/\/www.welt.de\/politik\/deutschland\/article252280484\/Messerangriff-in-Lauf-an-der-Pegnitz-Polizei-erschiesst-Angreifer-Taeter-ist-polizeibekannter-Iraner.html\">berichtet ein Springer-Medium<\/a>. Aus Sicherheitskreisen habe es gehei\u00dfen, dass die Polizei zuerst Pfefferspray einsetzte und einen Warnschuss in die Luft abgab. Der Mann gilt laut dpa als &#8222;polizeibekannt&#8220;, darunter wegen Widerstands gegen Vollstreckungsbeamte.<\/p>\n<p><strong>Polizeisch\u00fcsse:<\/strong><\/p>\n<p>16. Juni: Nahe der Hamburger Reeperbahn hat die Polizei auf einen Mann geschossen, der mit einem Zimmermannshammer zuerst gegen Polizeibeamt*innen <a href=\"https:\/\/www.ndr.de\/nachrichten\/hamburg\/Hamburger-Reeperbahn-Polizei-schiesst-auf-bewaffneten-Mann,reeperbahn786.html\">&#8222;eine Bedrohungssituation aufgebaut&#8220;<\/a> und danach Passant*innen bedroht haben soll. Nach Angaben der Polizei war der 39-J\u00e4hrige aus einem Lokal in der Silbersackstra\u00dfe gekommen und habe auch einen Molotowcocktail in der Hand gehabt. Er sei am Bein getroffen worden und werde nun in einem Krankenhaus medizinisch betreut. Nach Angaben der Polizei habe der Mann m\u00f6glicherweise in einem psychischen Ausnahmezustand gehandelt.<\/p>\n<p><strong>Ermittlungen gegen Polizist*innen:<\/strong><\/p>\n<p>20. Juni: Im zu Ende gehenden Prozess um die Neonazi-Schl\u00e4gertruppe &#8222;Knockout 51&#8220; ermittelte die Staatsanwaltschaft Gera auch gegen sechs Polizeibeamte wegen der mutma\u00dflichen Weitergabe von Dienstgeheimnissen. Das Verfahren gegen einen Beamten wurde <a href=\"https:\/\/www.mdr.de\/nachrichten\/thueringen\/west-thueringen\/wartburgkreis\/prozess-knockout-neonazi-polizei-100.html\">eingestellt<\/a>, da die Ermittlungen ergeben h\u00e4tten, dass dieser unschuldig sei.<\/p>\n<p><strong> Einsatz von Taser:<\/strong><\/p>\n<p>21. Juni: Beamt*innen setzten in Guben mehrmals und laut Medienberichten teils ohne zu treffen <a href=\"https:\/\/www.tagesspiegel.de\/berlin\/kriminalitat-tod-von-frau-in-guben-verdachtiger-in-u-haft-11880056.html\">einen Taser ein<\/a>, nachdem sie an einem Tatort eine schwer verletzte Frau und einen Mann vorfanden, der die Beamten bedroht habe. Die Frau starb an ihren Verletzungen.<\/p>\n<p>25. Juni: In Berlin setzt die Polizei einen Taser gegen einen &#8222;brutalen Randalierer&#8220; ein, <a href=\"https:\/\/www.bz-berlin.de\/berlin\/friedrichshain-kreuzberg\/schuesse\">berichten Springer-Medien<\/a>. Der 28 Jahre alte Mann habe mit einem Vierkantholz auf die Scheiben eines Supermarktes eingeschlagen und sei mit diesem Holz auf die Beamt*innen losgegangen. Eingesetztes Pfefferspray habe &#8222;keine Wirkung&#8220; gezeigt. Von einem Warnschuss mit dem Taser sei der Mann unbeeindruckt gewesen.<\/p>\n<h3>Beitragsbild: Polizeiangriff auf Blockierende des AfD-Parteitages in Essen am 30. Juni (<a href=\"https:\/\/steadyhq.com\/de\/friedlichesabotage\/posts\/b0b99bbd-6954-4367-9973-245d09108471\">Tadzio M\u00fcller<\/a>).<\/h3>\n","protected":false},"excerpt":{"rendered":"<p>Urteile gegen Polizist*innen: 3. Juni: Die Staatsanwaltschaft hat das Verfahren gegen einen Dortmunder Polizisten wegen<\/p>\n","protected":false},"author":2,"featured_media":23059,"parent":20551,"menu_order":6,"comment_status":"closed","ping_status":"closed","template":"","meta":{"footnotes":""},"class_list":["post-23023","page","type-page","status-publish","has-post-thumbnail","hentry"],"_links":{"self":[{"href":"https:\/\/wp-dev.daten.cool\/index.php?rest_route=\/wp\/v2\/pages\/23023","targetHints":{"allow":["GET"]}}],"collection":[{"href":"https:\/\/wp-dev.daten.cool\/index.php?rest_route=\/wp\/v2\/pages"}],"about":[{"href":"https:\/\/wp-dev.daten.cool\/index.php?rest_route=\/wp\/v2\/types\/page"}],"author":[{"embeddable":true,"href":"https:\/\/wp-dev.daten.cool\/index.php?rest_route=\/wp\/v2\/users\/2"}],"replies":[{"embeddable":true,"href":"https:\/\/wp-dev.daten.cool\/index.php?rest_route=%2Fwp%2Fv2%2Fcomments&post=23023"}],"version-history":[{"count":0,"href":"https:\/\/wp-dev.daten.cool\/index.php?rest_route=\/wp\/v2\/pages\/23023\/revisions"}],"up":[{"embeddable":true,"href":"https:\/\/wp-dev.daten.cool\/index.php?rest_route=\/wp\/v2\/pages\/20551"}],"wp:featuredmedia":[{"embeddable":true,"href":"https:\/\/wp-dev.daten.cool\/index.php?rest_route=\/wp\/v2\/media\/23059"}],"wp:attachment":[{"href":"https:\/\/wp-dev.daten.cool\/index.php?rest_route=%2Fwp%2Fv2%2Fmedia&parent=23023"}],"curies":[{"name":"wp","href":"https:\/\/api.w.org\/{rel}","templated":true}]}}