{"id":23363,"date":"2007-01-28T23:21:23","date_gmt":"2007-01-28T22:21:23","guid":{"rendered":"https:\/\/www.cilip.de\/?page_id=23363"},"modified":"2007-01-28T23:21:23","modified_gmt":"2007-01-28T22:21:23","slug":"stellungnahmen-zu-den-anti-terror-gesetzen","status":"publish","type":"page","link":"https:\/\/wp-dev.daten.cool\/?page_id=23363","title":{"rendered":"Stellungnahmen zu den Anti-Terror-Gesetzen"},"content":{"rendered":"<table border=\"0\" cellspacing=\"1\" cellpadding=\"5\">\n<tbody>\n<tr class=\"kb\">\n<td><strong>Datum<\/strong><\/td>\n<td><strong>Titel<\/strong><\/td>\n<td><strong>Datei<\/strong><\/td>\n<td><strong>Gr\u00f6\u00dfe<\/strong><\/td>\n<\/tr>\n<tr class=\"k\">\n<td>19.01.2007<\/td>\n<td><b>Stellungnahme der Humanistischen Union<\/b> zum Referentenentwurf eines &#8222;Gesetzes zur Neuregelung der Telekommunikations\u00fcberwachung und anderer verdeckter Ermittlungsma\u00dfnahmen sowie zur Umsetzung der Richtlinie 2006\/24\/EG&#8220; (52 Seiten)<br \/>\n<i>Der Entwurf betrifft \u00c4nderungen (u.a. beim Straftatenkatalog, Schutz von Berufsgeheimnistr\u00e4gern und des Kernbereichs privater Lebensgestaltung, Benachrichtigungs- und L\u00f6schungspflichten) bei s\u00e4mtlichen verdeckten Ermittlungsmethoden in der Strafprozessordnung; au\u00dferdem Umsetzung der Richtlinie 2006\/24\/EG des Europ\u00e4ischen Parlaments und des Rates vom 15. M\u00e4rz 2006 \u00fcber die <b>Vorratsdatenspeicherung.<\/b><\/i><\/td>\n<td><a href=\"http:\/\/www.humanistische-union.de\/fileadmin\/hu_upload\/doku\/inneres\/Gesamtreform_HU-Stellungnahme.pdf\">PDF<\/a><br \/>\nextern<\/td>\n<td>360\u00a0KB<\/td>\n<\/tr>\n<tr class=\"k\">\n<td>11.07.2006<\/td>\n<td><b>\u00bbOtto-Katalog\u00ab soll ausgedehnt werden<\/b> &#8211; Heiner Busch zur geplanten Versch\u00e4rfung der Anti-Terror-Gesetze durch die gro\u00dfe Koalition (Interview), in: Neues Deutschland vom 11.7.2006<\/td>\n<td><\/td>\n<td><\/td>\n<\/tr>\n<tr class=\"k\">\n<td>09.07.2006<\/td>\n<td><b>Koalition schafft unkontrollierbare Befugnisse f\u00fcr Geheimdienste. Humanistische Union kritisiert Entwurf f\u00fcr neues Anti-Terror-Gesetz<\/b><br \/>\nPressemitteilung der Humanistischen Union e.V. vom 9.7.2006<\/td>\n<td><a href=\"http:\/\/www.humanistische-union.de\/presse\/2006\/pressedetail_2006\/back\/2006\/article\/neues-anti-terror-gesetz-schafft-unkontrollierbare-befugnisse-fuer-geheimdienste\/\" target=\"1\" rel=\"noopener\">HTML<\/a><br \/>\nExtern<\/td>\n<td><\/td>\n<\/tr>\n<tr class=\"k\">\n<td>09.09.2002<\/td>\n<td><b>Be\u00e4ngstigende Bilanz der Terrorismusbek\u00e4mpfung.<\/b> Presseerkl\u00e4rung der Deutschen Vereinigung f\u00fcr Datenschutz e.V.<\/td>\n<td><a href=\"https:\/\/www.cilip.de\/2002\/09\/09\/datenschutzvereinigung-beaengstigende-bilanz-der-terrorismusbekaempfung\/\">HTML<\/a><\/td>\n<td>6\u00a0KB<\/td>\n<\/tr>\n<tr class=\"k\">\n<td>23.05.2002<\/td>\n<td><b>Stellungnahme der Strafverteidigervereinigungen<\/b> zu dem Entwurf eines Gesetzes zur Verbesserung der Bek\u00e4mpfung der Geldw\u00e4sche und der Bek\u00e4mpfung der Finanzierung des Terrorismus <b>(Geldw\u00e4schebek\u00e4mpfungsgesetz)<\/b>, Bundestagsdrucksache 14\/8739 (7 Seiten)<br \/>\n<i>Die BT-Drucksache <a href=\"http:\/\/dip.bundestag.de\/btd\/14\/087\/1408739.pdf\">14\/8739<\/a> kann vom Dokumentenserver des Bundestages PARFORS heruntergeladen werden.<\/i><\/td>\n<td><a href=\"https:\/\/archiv.cilip.de\/Dokumente\/Terrorgesetze\/stvv-gwg.pdf\">PDF<\/a><\/td>\n<td>23\u00a0KB<\/td>\n<\/tr>\n<tr class=\"k\">\n<td>14.01.2002<\/td>\n<td><b>&#8222;Zehn-Punkte-Erkl\u00e4rung des AKIS zur inneren Sicherheitspolitik&#8220;.<\/b> Pressemitteilung des Interdisziplin\u00e4ren Arbeitskreises Innere Sicherheit (AKIS) vom 14.1.2002<\/td>\n<td><a href=\"https:\/\/www.cilip.de\/2002\/01\/14\/pressemitteilung-des-interdisziplinaeren-arbeitskreises-innere-sicherheit-akis\/\">HTML<\/a><\/td>\n<td>19\u00a0KB<\/td>\n<\/tr>\n<tr class=\"k\">\n<td>12.12.2001<\/td>\n<td><b>Offener Brief von 25 B\u00fcrgerrechtsorganisationen<\/b> an die Abgeordneten des Deutschen Bundestages zur Abstimmung \u00fcber das &#8222;Terrorismusbek\u00e4mpfungsgesetz&#8220; am Freitag, den 14.12.2001<\/td>\n<td><a href=\"https:\/\/www.cilip.de\/2001\/12\/12\/zur-abstimmung-ueber-das-terrorismusbekaempfungsgesetz-am-freitag-den-14-12-2001\/\">HTML<\/a><\/td>\n<td>14\u00a0KB<\/td>\n<\/tr>\n<tr class=\"k\">\n<td>07.12.2001<\/td>\n<td><b>Positionspapier des Unabh\u00e4ngigen Landeszentrums f\u00fcr Datenschutz Schleswig-Holstein<\/b> zum Antiterrorgesetz der Bundesregierung<\/td>\n<td><a href=\"https:\/\/www.cilip.de\/2001\/12\/07\/positionspapier-zum-antiterrorgesetz-der-bundesregierung\/\">HTML<\/a><\/td>\n<td>72\u00a0KB<\/td>\n<\/tr>\n<tr class=\"k\">\n<td>28.11.2001<\/td>\n<td><b>Schilys Terrorismusbek\u00e4mpfungsgesetz: Der falsche Weg.<\/b> Stellungnahme von B\u00fcrgerrechtsorganisationen zur <a href=\"https:\/\/archiv.cilip.de\/Dokumente\/Terrorgesetze\/veranst5.htm\">Anh\u00f6rung des Innenausschusses<\/a> des Deutschen Bundestages am 30. November 2001 zum Entwurf eines Gesetzes zur Bek\u00e4mpfung des internationalen Terrorismus (Terrorismusbek\u00e4mpfungsgesetz) &#8211; Drucksache 14\/7386 &#8211;<\/td>\n<td><a href=\"https:\/\/archiv.cilip.de\/Dokumente\/Terrorgesetze\/atg-stell-281101.pdf\">PDF<\/a><\/td>\n<td>140\u00a0KB<\/td>\n<\/tr>\n<tr class=\"k\">\n<td>28.11.2001<\/td>\n<td><b>Stellungnahme von amnesty international<\/b> zum Entwurf eines Gesetzes zur Bek\u00e4mpfung des internationalen Terrorismus (Terrorismusbek\u00e4mpfungsgesetz)<\/td>\n<td><a href=\"https:\/\/www.cilip.de\/2001\/11\/28\/stellungnahme-von-amnesty-international-zum-entwurf-eines-gesetzes-zur-bekaempfung-des-internationalen-terrorismus-terrorismus-bekaempfungsgesetz\/\">HTML<\/a><\/td>\n<td>22\u00a0KB<\/td>\n<\/tr>\n<tr class=\"k\">\n<td>28.11.2001<\/td>\n<td><b>Generalverdacht gegen Fl\u00fcchtlinge und Unterst\u00fctzer.<\/b> Pressemitteilung des Fl\u00fcchtlingsrates Schleswig-Holstein zum Terrorismusbek\u00e4mpfungsgesetz &#8211; Appell an Bundes- und LandesparlamentarierInnen<\/td>\n<td><a href=\"https:\/\/archiv.cilip.de\/Dokumente\/Terrorgesetze\/frsch-stell.pdf\">PDF<\/a><\/td>\n<td>32\u00a0KB<\/td>\n<\/tr>\n<tr class=\"k\">\n<td>27.11.2001<\/td>\n<td><b>Stellungnahme des UNHCR<\/b> zur Anh\u00f6rung &#8222;Terrorismusbek\u00e4mpfungsgesetz&#8220; des Innenausschusses des Deutschen Bundestages am 30. November 2001 (7 Seiten)<\/td>\n<td><a href=\"https:\/\/archiv.cilip.de\/Dokumente\/Terrorgesetze\/unhcr-301101.pdf\">PDF<\/a><\/td>\n<td>75\u00a0KB<\/td>\n<\/tr>\n<tr class=\"k\">\n<td>27.11.2001<\/td>\n<td><b>Kurze Stellungnahme von Prof. Dr. Martin Kutscha<\/b> zum Entwurf des Terrorismusbek\u00e4mpfungsgesetzes (Bundestagsdrucksache 14\/7386)<\/td>\n<td><a href=\"https:\/\/www.cilip.de\/2001\/11\/27\/kurze-stellungnahme-zum-entwurf-des-terrorismus-bekaempfungsgesetzes-bundestagsdrucksache-14-7386\/\">HTML<\/a><\/td>\n<td>10\u00a0KB<\/td>\n<\/tr>\n<tr class=\"k\">\n<td>27.11.2001<\/td>\n<td><b>Stellungnahme des Fl\u00fcchtlingsrates Berlin<\/b> zum Entwurf eines Gesetzes zur Bek\u00e4mpfung des internationalen Terrorismus (Terrorismusbek\u00e4mpfungsgesetz) vorgelegt zur Anh\u00f6rung am 30. November 2001 im Deutschen Bundestag, Ausschuss f\u00fcr Inneres<\/td>\n<td><a href=\"https:\/\/archiv.cilip.de\/Dokumente\/Terrorgesetze\/frb-stell.pdf\">PDF<\/a><\/td>\n<td>46\u00a0KB<\/td>\n<\/tr>\n<tr class=\"k\">\n<td>27.11.2001<\/td>\n<td><b>Weniger Rechte, mehr Illegalit\u00e4t, viele Illusionen.<\/b> Bemerkungen des Jesuiten-Fl\u00fcchtlingsdienstes Deutschland zu den Entw\u00fcrfen f\u00fcr ein Zuwanderungsgesetz und Terrorismusbek\u00e4mpfungsgesetz<\/td>\n<td><a href=\"https:\/\/archiv.cilip.de\/Dokumente\/Terrorgesetze\/jrs-stell.pdf\">PDF<\/a><\/td>\n<td>222\u00a0KB<\/td>\n<\/tr>\n<tr class=\"k\">\n<td>27.11.2001<\/td>\n<td><b>Stellungnahme von Rechtsanwalt Reinhard Marx<\/b> zu dem Gesetzentwurf der Fraktionen SPD und B\u00fcndnis 90\/Die Gr\u00fcnen Entwurf eines Gesetzes zur Bek\u00e4mpfung des Internationalen Terrorismus (Terrorismusbek\u00e4mpfungsgesetz) &#8211; Drucksache 14\/7386<\/td>\n<td><a href=\"https:\/\/archiv.cilip.de\/Dokumente\/Terrorgesetze\/marx-stell.pdf\">PDF<\/a><\/td>\n<td>107\u00a0KB<\/td>\n<\/tr>\n<tr class=\"k\">\n<td>27.11.2001<\/td>\n<td><b>Stellungnahme der Humanistischen Union<\/b> zum Entwurf eines Gesetzes zur Bek\u00e4mpfung des internationalen Terrorismus (Terrorismusbek\u00e4mpfungsgesetz), Drucksache 14\/7386<\/td>\n<td><a href=\"https:\/\/archiv.cilip.de\/Dokumente\/Terrorgesetze\/hu-stell.pdf\">PDF<\/a><\/td>\n<td>25\u00a0KB<\/td>\n<\/tr>\n<tr class=\"k\">\n<td>27.11.2001<\/td>\n<td><b>Stellungnahme von Rechtsanwalt Hubert Heinold<\/b> zu den wichtigsten fl\u00fcchtlingsrelevanten Regelungen des Entwurfs eines Gesetzes zur Bek\u00e4mpfung des Internationalen Terrorismus (Terrorismusbek\u00e4mpfungsgesetz; sog. Anti-Terror-Paket II)<\/td>\n<td><a href=\"https:\/\/www.cilip.de\/2001\/11\/27\/stellungnahme-zu-den-wichtigsten-fluechtlingsrelevanten-regelungen-des-entwurfs-eines-gesetzes-zur-bekaempfung-des-internationalen-terrorismus-terrorismus-bekaempfungsgesetz-sog-anti-terror-paket-i\/\">HTML<\/a><\/td>\n<td>37\u00a0KB<\/td>\n<\/tr>\n<tr class=\"k\">\n<td>27.11.2001<\/td>\n<td><b>Stellungnahme des Deutschen Frauenrates<\/b> zu den Gesetzgebungsvorhaben zur Inneren Sicherheit<\/td>\n<td><a href=\"https:\/\/www.cilip.de\/2001\/11\/27\/stellungnahme-des-deutschen-frauenrates-zum-terrorismus-bekaempfungsgesetz\/\">HTML<\/a><\/td>\n<td>9\u00a0KB<\/td>\n<\/tr>\n<tr class=\"k\">\n<td>26.11.2001<\/td>\n<td><b>Stellungnahme von Aktion Courage<\/b> zum Entwurf eines Gesetzes zur Bek\u00e4mpfung des internationalen Terrorismus (Terrorismusbek\u00e4mpfungsgesetz)<\/td>\n<td><a href=\"https:\/\/www.cilip.de\/2001\/11\/26\/stellungnahme-von-aktion-courage-zum-terrorismusbekaempfungsgesetz\/\">HTML<\/a><\/td>\n<td>6\u00a0KB<\/td>\n<\/tr>\n<tr class=\"k\">\n<td>21.11.2001<\/td>\n<td><b>Stellungnahme des Forum Menschenrechte<\/b> zum Gesetzgebungsvorhaben zur Inneren Sicherheit<\/td>\n<td><a href=\"https:\/\/archiv.cilip.de\/Dokumente\/Terrorgesetze\/forum-stell.pdf\">PDF<\/a><\/td>\n<td>14\u00a0KB<\/td>\n<\/tr>\n<tr class=\"k\">\n<td>19.11.2001<\/td>\n<td><b>Der neue Paragraf 129b.<\/b> Entstehung, Inhalt und praktische Bedeutung f\u00fcr politisch Aktive von Rechtsanwalt Heinz-J\u00fcrgen Schneider (Hamburg)<\/td>\n<td><a href=\"https:\/\/www.cilip.de\/2001\/11\/19\/der-neue-paragraf-129b-entstehung-inhalt-und-praktische-bedeutung-fuer-politisch-aktive\/\">HTML<\/a><\/td>\n<td>24\u00a0KB<\/td>\n<\/tr>\n<tr class=\"k\">\n<td>15.11.2001<\/td>\n<td><b>Stellungnahme der Deutschen Vereinigung f\u00fcr Datenschutz<\/b> zu den Ausl\u00e4nder datenschutzrechtlich besonders betreffenden Regelungen des Gesetzentwurfes der Bundesregierung bzw. der Bundestagsfraktionen von SPD und B\u00fcndnis 90\/Die Gr\u00fcnen zur Bek\u00e4mpfung des internationalen Terrorismus (Terrorismusbek\u00e4mpfungsgesetz)<\/td>\n<td><a href=\"https:\/\/archiv.cilip.de\/Dokumente\/Terrorgesetze\/dvd-stell.pdf\">PDF<\/a><\/td>\n<td>58\u00a0KB<\/td>\n<\/tr>\n<tr class=\"k\">\n<td>07.11.2001<\/td>\n<td><b>Sicherheitspaket weiterhin in der Kritik<\/b> Pressemitteilung des Unabh\u00e4ngigen Landeszentrums f\u00fcr Datenschutz Schleswig-Holstein zum Terrorismusbek\u00e4mpfungsgesetz<\/td>\n<td><a href=\"https:\/\/www.cilip.de\/2001\/11\/07\/sicherheitspaket-weiterhin-in-der-kritik\/\">HTML<\/a><\/td>\n<td>10\u00a0KB<\/td>\n<\/tr>\n<tr class=\"k\">\n<td>06.11.2001<\/td>\n<td><b>Mit dem &#8222;Terrorismus&#8220;-Bek\u00e4mpfungsgesetz in den \u00dcberwachungsstaat!<\/b> Presseerkl\u00e4rung von \u00fcber 20 B\u00fcrgerrechts- und Datenschutzorganisationen zum &#8222;Terror-Paket&#8220;<\/td>\n<td><a href=\"https:\/\/www.cilip.de\/2001\/11\/06\/mit-dem-terrorismus-bekaempfungsgesetz-in-den-ueberwachungsstaat\/\">HTML<\/a><\/td>\n<td>12\u00a0KB<\/td>\n<\/tr>\n<tr class=\"k\">\n<td>26.10.2001<\/td>\n<td><b>Entschlie\u00dfung der 62. Datenschutzkonferenz des Bundes und der L\u00e4nder:<\/b> &#8222;Freiheits- und Pers\u00f6nlichkeitsrechte d\u00fcrfen bei der Terrorismusbek\u00e4mpfung nicht verloren gehen&#8220;<\/td>\n<td><a href=\"https:\/\/www.cilip.de\/2001\/10\/26\/entschliessung-freiheits-und-persoenlichkeitsrechte-duerfen-bei-der-terrorismusbekaempfung-nicht-verloren-gehen\/\">HTML<\/a><\/td>\n<td>8\u00a0KB<\/td>\n<\/tr>\n<tr class=\"k\">\n<td>26.10.2001<\/td>\n<td><b>Entschlie\u00dfung der 62. Datenschutzkonferenz des Bundes und der L\u00e4nder:<\/b> &#8222;Biometrische Merkmale in Personalausweisen und P\u00e4ssen&#8220;<\/td>\n<td><a href=\"https:\/\/www.cilip.de\/2001\/10\/26\/entschliessung-biometrische-merkmale-in-personalausweisen-und-paessen\/\">HTML<\/a><\/td>\n<td>4\u00a0KB<\/td>\n<\/tr>\n<tr class=\"k\">\n<td>24.10.2001<\/td>\n<td><b>Die falsche Antwort auf den 11. September: Der \u00dcBERWACHUNGSSTAAT.<\/b> Presseerkl\u00e4rung von B\u00fcrgerrechtsorganisationen<\/td>\n<td><a href=\"https:\/\/www.cilip.de\/2001\/10\/24\/die-falsche-antwort-auf-den-11-september-der-ueberwachungsstaat\/\">HTML<\/a><\/td>\n<td>11\u00a0KB<\/td>\n<\/tr>\n<tr class=\"k\">\n<td>24.10.2001<\/td>\n<td><b>Stellungnahmen zum Sicherheitspaket II anl\u00e4sslich der Pressekonferenz im Haus der Demokratie und Menschenrechte am 24.10.2001 in Berlin<\/b><\/td>\n<td><\/td>\n<td><\/td>\n<\/tr>\n<tr class=\"k\">\n<td><\/td>\n<td>Datenschutz und \u00dcberwachung der Telekommunikation [Chaos Computer Club]<\/td>\n<td>\n<a href=\"https:\/\/archiv.cilip.de\/Dokumente\/Terrorgesetze\/CCC20011022.pdf\">PDF<\/a><\/td>\n<td>extern<br \/>\n22\u00a0KB<\/td>\n<\/tr>\n<tr class=\"k\">\n<td><\/td>\n<td>Ma\u00dfnahmen im Ausl\u00e4nder- und Asylrecht (Vorabkontrollen vor Einreise, Einreiseversagung bei Terrorismusverdacht) [Republikanischer Anw\u00e4ltinnen- und Anw\u00e4lteverein]<\/td>\n<td><a href=\"https:\/\/www.cilip.de\/2001\/01\/24\/stellungnahme-des-rav-zu-den-massnahmen-im-auslaender-und-asylbereich-innerhalb-des-bmi-sicherheitspaketes-zur-terrorismusbekaempfung-einreiseversagung-bei-verdacht-sprachaufzeichnung-bei-einre\/\">HTML<\/a><\/td>\n<td>13\u00a0KB<\/td>\n<\/tr>\n<tr class=\"k\">\n<td><\/td>\n<td>Kompetenzerweiterungen f\u00fcr Bundeskriminalamt und Bundesgrenzschutz [B\u00fcrgerrechte &amp; Polizei\/CILIP]<\/td>\n<td><a href=\"https:\/\/www.cilip.de\/2001\/10\/24\/bundesgrenzschutz-und-bundeskriminalamt-weiterer-ausbau-der-bundespolizeien-weitere-einschraenkungen-von-buergerrechten\/\">HTML<\/a><\/td>\n<td>13\u00a0KB<\/td>\n<\/tr>\n<tr class=\"k\">\n<td><\/td>\n<td>Terrorismusbek\u00e4mpfung auf europ\u00e4ischer Ebene [Republikanischer Anw\u00e4ltinnen- und Anw\u00e4lteverein]<\/td>\n<td><a href=\"https:\/\/www.cilip.de\/2001\/10\/24\/stellungnahme-des-rav-zu-den-massnahmen-der-terrorismusbekaempfung-auf-europaeischer-ebene\/\">HTML<\/a><\/td>\n<td>11\u00a0KB<\/td>\n<\/tr>\n<tr class=\"k\">\n<td><\/td>\n<td>Rasterfahndung [Deutsche Vereinigung f\u00fcr Datenschutz]<\/td>\n<td><a href=\"https:\/\/www.cilip.de\/2001\/10\/24\/pressemitteilung-der-deutschen-vereinigung-fuer-datenschutz-e-v-rasterfahndung-einstellen\/\">HTML<\/a><\/td>\n<td>6\u00a0KB<\/td>\n<\/tr>\n<tr class=\"k\">\n<td><\/td>\n<td>Neue Personalausweise (Fingerabdr\u00fccke, Biometrie) [Deutsche Vereinigung f\u00fcr Datenschutz]<\/td>\n<td><a href=\"https:\/\/www.cilip.de\/2001\/10\/24\/datenschuetzer-gegen-biometrische-totalerfassung-der-bevoelkerung\/\">HTML<\/a><\/td>\n<td>5\u00a0KB<\/td>\n<\/tr>\n<tr class=\"k\">\n<td><\/td>\n<td>Aufhebung der Trennung von Geheimdiensten und Polizei [Vereinigung Demokratischer Juristinnen und Juristen]<\/td>\n<td><a href=\"https:\/\/www.cilip.de\/2001\/10\/24\/stellungnahme-des-vdj-zum-trennungsgebot-zwischen-geheimdiensten-und-polizeien\/\">HTML<\/a><\/td>\n<td>5\u00a0KB<\/td>\n<\/tr>\n<tr class=\"k\">\n<td><\/td>\n<td>Kronzeugenregelung und ausl\u00e4ndische terroristische Vereinigung [Organisationsb\u00fcro der Strafverteidigervereinigungen]<\/td>\n<td><a href=\"https:\/\/www.cilip.de\/2001\/10\/24\/erklaerung-der-strafverteidigervereinigungen\/\">HTML<\/a><\/td>\n<td>15\u00a0KB<\/td>\n<\/tr>\n<tr class=\"k\">\n<td><\/td>\n<td>La\u00dft Euch nicht von den Eigenen t\u00e4uschen [Dr. Sebastian Pflugbeil]<\/td>\n<td><a href=\"https:\/\/www.cilip.de\/2001\/10\/24\/dr-sebastian-pflugbeil-lasst-euch-nicht-von-den-eigenen-taeuschen\/\">HTML<\/a><\/td>\n<td>9\u00a0KB<\/td>\n<\/tr>\n<tr class=\"k\">\n<td><\/td>\n<td>Krieg und \u00dcberwachung f\u00fchren in die Irre [Gustav-Heinemann-Initiative]<\/td>\n<td><a href=\"https:\/\/www.cilip.de\/2001\/10\/24\/erklaerung-der-gustav-heinemann-initiative-zur-terrorismusbekaempfung\/\">HTML<\/a><\/td>\n<td>10\u00a0KB<\/td>\n<\/tr>\n<tr class=\"k\">\n<td><\/td>\n<td>Presseerkl\u00e4rung vom 24.10.2001 und alle Stellungnahmen in einer Datei<\/td>\n<td><a href=\"https:\/\/archiv.cilip.de\/Dokumente\/Terrorgesetze\/pe-stell.pdf\">PDF<\/a><\/td>\n<td>99\u00a0KB<\/td>\n<\/tr>\n<\/tbody>\n<\/table>\n","protected":false},"excerpt":{"rendered":"<p>Datum Titel Datei Gr\u00f6\u00dfe 19.01.2007 Stellungnahme der Humanistischen Union zum Referentenentwurf eines &#8222;Gesetzes zur Neuregelung<\/p>\n","protected":false},"author":2,"featured_media":0,"parent":201,"menu_order":0,"comment_status":"closed","ping_status":"closed","template":"page-templates\/full-width.php","meta":{"footnotes":""},"class_list":["post-23363","page","type-page","status-publish","hentry"],"_links":{"self":[{"href":"https:\/\/wp-dev.daten.cool\/index.php?rest_route=\/wp\/v2\/pages\/23363","targetHints":{"allow":["GET"]}}],"collection":[{"href":"https:\/\/wp-dev.daten.cool\/index.php?rest_route=\/wp\/v2\/pages"}],"about":[{"href":"https:\/\/wp-dev.daten.cool\/index.php?rest_route=\/wp\/v2\/types\/page"}],"author":[{"embeddable":true,"href":"https:\/\/wp-dev.daten.cool\/index.php?rest_route=\/wp\/v2\/users\/2"}],"replies":[{"embeddable":true,"href":"https:\/\/wp-dev.daten.cool\/index.php?rest_route=%2Fwp%2Fv2%2Fcomments&post=23363"}],"version-history":[{"count":0,"href":"https:\/\/wp-dev.daten.cool\/index.php?rest_route=\/wp\/v2\/pages\/23363\/revisions"}],"up":[{"embeddable":true,"href":"https:\/\/wp-dev.daten.cool\/index.php?rest_route=\/wp\/v2\/pages\/201"}],"wp:attachment":[{"href":"https:\/\/wp-dev.daten.cool\/index.php?rest_route=%2Fwp%2Fv2%2Fmedia&parent=23363"}],"curies":[{"name":"wp","href":"https:\/\/api.w.org\/{rel}","templated":true}]}}