{"id":23500,"date":"2015-02-03T14:03:29","date_gmt":"2015-02-03T14:03:29","guid":{"rendered":"http:\/\/www.cilip.de\/?page_id=2"},"modified":"2015-02-03T14:03:29","modified_gmt":"2015-02-03T14:03:29","slug":"institut","status":"publish","type":"page","link":"https:\/\/wp-dev.daten.cool\/?page_id=23500","title":{"rendered":"Institut"},"content":{"rendered":"<p><strong>Von der &#8222;AG B\u00fcrgerrechte&#8220; zum Institut f\u00fcr B\u00fcrgerrechte &amp; \u00f6ffentliche Sicherheit e.V.<br \/>\n<\/strong><\/p>\n<p>Seit Mitte der 70er Jahre arbeitete an der Freien Universit\u00e4t Berlin unter Leitung von Prof. Wolf-Dieter Narr eine kleine Gruppe zu Themen aus jenem Bereich, der heute als &#8222;Politik Innerer Sicherheit&#8220; bezeichnet wird. Projekte der Gruppe wurden \u00fcber Drittmittel finanziert; in der ersten Phase insbesondere durch die &#8222;Berghof-Stiftung f\u00fcr Friedens- und Konfliktforschung&#8220;, von 1986 bis 1991 durch die &#8222;Hamburger Stiftung zur F\u00f6rderung von Wissenschaft und Kultur (Jan Philipp Reemtsma)&#8220;. Die Erfahrungen und Probleme mit dieser Art der Finanzierung f\u00fchrten 1990 zur Gr\u00fcndung des auf Dauer eingerichteten Instituts in der Form eines gemeinn\u00fctzigen Vereins. Da es gerade in einem Feld, das von administrativer Geheimnistuerei gekennzeichnet ist, darauf ankommt, Ver\u00e4nderungen \u00fcber l\u00e4ngere Zeitr\u00e4ume kontinuierlich und detailliert verfolgen und dokumentieren zu k\u00f6nnen, ergab sich die Notwendigkeit einer bleibenden Einrichtung bereits aus der Sache selbst.<\/p>\n<p>Das Institut entstand aus der Arbeit in wissenschaftlichen Projekten. Gleichzeitig entsprach es dem Selbstverst\u00e4ndnis der MitarbeiterInnen, sich weder in der Ausrichtung ihrer Arbeiten noch hinsichtlich ihrer Adressaten allein oder vorrangig auf das Wissenschaftssystem zu beziehen: Kritische Sozialwissenschaft ist immer zugleich auch mit bewu\u00dften politischen Intentionen verbunden; politisches Engagement ist Voraussetzung und Folge der Besch\u00e4ftigung mit sozialer Wirklichkeit &#8211; dies gilt erst recht in menschen- und b\u00fcrgerrechtlichen Fragen.<\/p>\n<p>Diese grundlegende Orientierung bestimmt die Arbeit des Instituts f\u00fcr B\u00fcrgerrechte &amp; \u00f6ffentliche Sicherheit. Angesiedelt zwischen Wissenschaft und Politik kommt es nicht nur darauf an, sich von politisch belangloser Sozialwissenschaft abzuheben, sondern gleichzeitig die politische (und das hei\u00dft immer auch eine materielle) Unabh\u00e4ngigkeit sicherzustellen.<\/p>\n<p>Mittlerweile ist das Institut f\u00fcr B\u00fcrgerrechte &amp; \u00f6ffentliche Sicherheit e.V. nicht mehr Freien Universit\u00e4t angesiedelt. Wir haben ein B\u00fcro an der Juristischen Fakult\u00e4t der Humboldt-Universit\u00e4t zu Berlin bezogen.<\/p>\n","protected":false},"excerpt":{"rendered":"<p>Von der &#8222;AG B\u00fcrgerrechte&#8220; zum Institut f\u00fcr B\u00fcrgerrechte &amp; \u00f6ffentliche Sicherheit e.V. Seit Mitte der<\/p>\n","protected":false},"author":2,"featured_media":0,"parent":0,"menu_order":5,"comment_status":"closed","ping_status":"open","template":"page-templates\/full-width.php","meta":{"footnotes":""},"class_list":["post-23500","page","type-page","status-publish","hentry"],"_links":{"self":[{"href":"https:\/\/wp-dev.daten.cool\/index.php?rest_route=\/wp\/v2\/pages\/23500","targetHints":{"allow":["GET"]}}],"collection":[{"href":"https:\/\/wp-dev.daten.cool\/index.php?rest_route=\/wp\/v2\/pages"}],"about":[{"href":"https:\/\/wp-dev.daten.cool\/index.php?rest_route=\/wp\/v2\/types\/page"}],"author":[{"embeddable":true,"href":"https:\/\/wp-dev.daten.cool\/index.php?rest_route=\/wp\/v2\/users\/2"}],"replies":[{"embeddable":true,"href":"https:\/\/wp-dev.daten.cool\/index.php?rest_route=%2Fwp%2Fv2%2Fcomments&post=23500"}],"version-history":[{"count":0,"href":"https:\/\/wp-dev.daten.cool\/index.php?rest_route=\/wp\/v2\/pages\/23500\/revisions"}],"wp:attachment":[{"href":"https:\/\/wp-dev.daten.cool\/index.php?rest_route=%2Fwp%2Fv2%2Fmedia&parent=23500"}],"curies":[{"name":"wp","href":"https:\/\/api.w.org\/{rel}","templated":true}]}}