{"id":28,"date":"2015-02-03T17:04:06","date_gmt":"2015-02-03T17:04:06","guid":{"rendered":"http:\/\/www.cilip.de\/?page_id=28"},"modified":"2015-02-03T17:04:06","modified_gmt":"2015-02-03T17:04:06","slug":"zeitschrift","status":"publish","type":"page","link":"https:\/\/wp-dev.daten.cool\/?page_id=28","title":{"rendered":"Zeitschrift"},"content":{"rendered":"<p>Im Gegensatz zum Milit\u00e4r und den Fragen der \u00e4u\u00dferen Sicherheit sind die Polizei und die &#8222;Politik Innerer Sicherheit&#8220; seltener Gegenstand kritischer Auseinandersetzung. Allenfalls anl\u00e4sslich spektakul\u00e4rer Polizeieins\u00e4tze oder zuf\u00e4llig aufgedeckter Skandale ger\u00e4t die Polizei vor\u00fcbergehend in den Mittelpunkt \u00f6ffentlichen Interesses. Die mittel- und langfristige Entwicklung der Apparate Innerer Sicherheit, deren gesellschaftliche Funktionen und Funktionswandlungen, die aus diesen Ver\u00e4nderungen resultierenden Folgen f\u00fcr die B\u00fcrgerrechte etc. bleiben einer kritischen Auseinandersetzung entzogen.<\/p>\n<p>Seit 1978 dokumentiert und analysiert der Informationsdienst B\u00fcrgerrechte &amp; Polizei\/CILIP die gesetzlichen, organisatorischen und taktischen Ver\u00e4nderungen innerer Sicherheitspolitik in der Bundesrepublik. Dar\u00fcber hinaus liefert B\u00fcrgerrechte &amp; Polizei\/CILIP Berichte, Nachrichten und Analysen zur<\/p>\n<ul>\n<li>Polizeientwicklung in Europa<\/li>\n<li>Polizeihilfe f\u00fcr L\u00e4nder des globalen S\u00fcdens<\/li>\n<li>Arbeit von B\u00fcrgerrechtsgruppen.<\/li>\n<\/ul>\n<p>Seit 1991 hat jedes Heft ein Schwerpunktthema. Au\u00dferdem enth\u00e4lt jede Ausgabe eine Chronologie wichtiger Ereignisse zur Polizeientwicklung, Gesetzgebung etc. und die Rubriken &#8222;Meldungen aus Europa&#8220; mit Nachrichten zu Europol, Schengen u.a. und &#8222;Inland aktuell&#8220;. Literaturhinweise zum Schwerpunktthema sowie Rezensionen von Neuerscheinungen erg\u00e4nzen das Informationsangebot.<\/p>\n<p>B\u00fcrgerrechte &amp; Polizei\/CILIP erscheint j\u00e4hrlich mit drei Ausgaben und einem Umfang von mindestens 112 Seiten (DIN A5).<\/p>\n","protected":false},"excerpt":{"rendered":"<p>Im Gegensatz zum Milit\u00e4r und den Fragen der \u00e4u\u00dferen Sicherheit sind die Polizei und die<\/p>\n","protected":false},"author":2,"featured_media":0,"parent":0,"menu_order":1,"comment_status":"closed","ping_status":"open","template":"page-templates\/full-width.php","meta":{"footnotes":""},"class_list":["post-28","page","type-page","status-publish","hentry"],"_links":{"self":[{"href":"https:\/\/wp-dev.daten.cool\/index.php?rest_route=\/wp\/v2\/pages\/28","targetHints":{"allow":["GET"]}}],"collection":[{"href":"https:\/\/wp-dev.daten.cool\/index.php?rest_route=\/wp\/v2\/pages"}],"about":[{"href":"https:\/\/wp-dev.daten.cool\/index.php?rest_route=\/wp\/v2\/types\/page"}],"author":[{"embeddable":true,"href":"https:\/\/wp-dev.daten.cool\/index.php?rest_route=\/wp\/v2\/users\/2"}],"replies":[{"embeddable":true,"href":"https:\/\/wp-dev.daten.cool\/index.php?rest_route=%2Fwp%2Fv2%2Fcomments&post=28"}],"version-history":[{"count":0,"href":"https:\/\/wp-dev.daten.cool\/index.php?rest_route=\/wp\/v2\/pages\/28\/revisions"}],"wp:attachment":[{"href":"https:\/\/wp-dev.daten.cool\/index.php?rest_route=%2Fwp%2Fv2%2Fmedia&parent=28"}],"curies":[{"name":"wp","href":"https:\/\/api.w.org\/{rel}","templated":true}]}}