{"id":3215,"date":"2015-02-23T21:07:11","date_gmt":"2015-02-23T21:07:11","guid":{"rendered":"http:\/\/www.cilip.de\/?page_id=3215"},"modified":"2015-02-23T21:07:11","modified_gmt":"2015-02-23T21:07:11","slug":"49-1994","status":"publish","type":"page","link":"https:\/\/wp-dev.daten.cool\/?page_id=3215","title":{"rendered":"49 (3\/1994) Operative Polizeimethoden"},"content":{"rendered":"<p><img loading=\"lazy\" decoding=\"async\" class=\"alignright size-medium wp-image-22574\" src=\"https:\/\/www.cilip.de\/wp-content\/uploads\/2024\/05\/CILIP_049-211x300.png\" alt=\"\" width=\"211\" height=\"300\" srcset=\"https:\/\/wp-dev.daten.cool\/wp-content\/uploads\/2024\/05\/CILIP_049-211x300.png 211w, https:\/\/wp-dev.daten.cool\/wp-content\/uploads\/2024\/05\/CILIP_049.png 581w\" sizes=\"auto, (max-width: 211px) 100vw, 211px\" \/><a href=\"http:\/\/archiv.cilip.de\/Hefte\/CILIP_049.pdf\">Download der Gesamtausgabe als PDF<\/a><\/p>\n<p><a href=\"http:\/\/www.cilip.de\/1995\/02\/24\/redaktionelle-vorbemerkung-14\/\"><strong>Redaktionelle Vorbemerkung<\/strong><\/a><br \/>\nOtto Diederichs<\/p>\n<p><a href=\"\/1994\/12\/24\/operative-zusammenarbeit-ueber-grenzen-verdeckte-aktionen-und-kontrollierte-lieferungen\/\"><strong>Operative Polizeimethoden<\/strong><\/a><br \/>\nHeiner Busch\/ Norbert P\u00fctter<br \/>\n<a href=\"\/1994\/12\/24\/polizeiliche-intelligence-informationsverarbeitung-und-auswertung-als-neue-strategie\/\"> <strong>Polizeiliche Intelligence<\/strong><\/a><br \/>\nSabine Strunk<br \/>\n<a href=\"\/1994\/12\/24\/buergervon-verdeckten-ermittlernnoeps-qualifizierten-scheinaufkaeufern-und-anderen-die-polizei-im-kriminellen-untergrundrechte-polizei-50-195\/\"><strong>V-Personen, Verdeckte Ermittler, NoePs, qualifizierte Scheinaufk\u00e4ufer und andere<\/strong><\/a><br \/>\nNorbert P\u00fctter\/Otto Diederichs<br \/>\n<a href=\"\/1994\/12\/24\/gemeinsame-allgemeine-verfuegung-ueber-die-inanspruchnahme-von-informanten-und-ueber-den-einsatz-von-vertrauenspersonen-und-verdeckten-ermittlern-im-rahmen-der-strafverfolgung\/\"> <strong>Gemeinsame Allgemeine Verf\u00fcgung \u00fcber die Inanspruchnahme von Informanten und \u00fcber den Einsatz von Vertrauenspersonen und Verdeckten Ermittlern im Rahmen der Strafverfolgung (Dokumentation)<\/strong><\/a><br \/>\n<a href=\"\/1994\/12\/24\/polizeiliche-beobachtung-mit-der-stange-im-nebel\/\"> <strong>Polizeiliche Beobachtung<\/strong><\/a><br \/>\nHeiner Busch<br \/>\n<a href=\"\/1994\/12\/24\/die-observation-die-kunst-zu-sehen-ohne-gesehen-zu-werden\/\"> <strong>Die Observation<\/strong><\/a><br \/>\nOtto Diederichs<br \/>\n<a href=\"https:\/\/www.cilip.de\/1994\/12\/24\/operative-zusammenarbeit-ueber-grenzen-verdeckte-aktionen-und-kontrollierte-lieferungen\/\"><strong>Operative Zusammenarbeit \u00fcber Grenzen<\/strong><\/a><br \/>\nHeiner Busch<br \/>\n<a href=\"\/1994\/12\/24\/die-telefonueberwachung-oder-die-aeltere-schwester-des-lauschangriffs\/\"> <strong>Die Telefon\u00fcberwachung<\/strong><\/a><br \/>\nOtto Diederichs<br \/>\n<a href=\"\/1994\/12\/24\/neues-zum-undercover-einsatz-in-den-usa-einige-unkommentierte-beispiele\/\"> <strong>Neues zum &#8222;Undercover&#8220;-Einsatz in den USA<\/strong><\/a><br \/>\nGary T. Man<\/p>\n<p><a href=\"\/1994\/12\/24\/chronologie-19\/\"><strong>Chronologie<\/strong><\/a><br \/>\nBritta Grell<br \/>\n<a href=\"\/1994\/12\/24\/literatur-rezensionen-und-hinweise-6\/\"><strong>Literatur<\/strong><\/a><br \/>\n<a href=\"\/1994\/12\/24\/summaries-57\/\"> <strong>Summaries<\/strong><\/a><\/p>\n","protected":false},"excerpt":{"rendered":"<p>Download der Gesamtausgabe als PDF Redaktionelle Vorbemerkung Otto Diederichs Operative Polizeimethoden Heiner Busch\/ Norbert P\u00fctter<\/p>\n","protected":false},"author":2,"featured_media":0,"parent":3277,"menu_order":0,"comment_status":"closed","ping_status":"open","template":"page-templates\/full-width.php","meta":{"footnotes":""},"class_list":["post-3215","page","type-page","status-publish","hentry"],"_links":{"self":[{"href":"https:\/\/wp-dev.daten.cool\/index.php?rest_route=\/wp\/v2\/pages\/3215","targetHints":{"allow":["GET"]}}],"collection":[{"href":"https:\/\/wp-dev.daten.cool\/index.php?rest_route=\/wp\/v2\/pages"}],"about":[{"href":"https:\/\/wp-dev.daten.cool\/index.php?rest_route=\/wp\/v2\/types\/page"}],"author":[{"embeddable":true,"href":"https:\/\/wp-dev.daten.cool\/index.php?rest_route=\/wp\/v2\/users\/2"}],"replies":[{"embeddable":true,"href":"https:\/\/wp-dev.daten.cool\/index.php?rest_route=%2Fwp%2Fv2%2Fcomments&post=3215"}],"version-history":[{"count":0,"href":"https:\/\/wp-dev.daten.cool\/index.php?rest_route=\/wp\/v2\/pages\/3215\/revisions"}],"up":[{"embeddable":true,"href":"https:\/\/wp-dev.daten.cool\/index.php?rest_route=\/wp\/v2\/pages\/3277"}],"wp:attachment":[{"href":"https:\/\/wp-dev.daten.cool\/index.php?rest_route=%2Fwp%2Fv2%2Fmedia&parent=3215"}],"curies":[{"name":"wp","href":"https:\/\/api.w.org\/{rel}","templated":true}]}}