{"id":3248,"date":"2015-02-23T21:49:26","date_gmt":"2015-02-23T21:49:26","guid":{"rendered":"http:\/\/www.cilip.de\/?page_id=3248"},"modified":"2015-02-23T21:49:26","modified_gmt":"2015-02-23T21:49:26","slug":"39-1991","status":"publish","type":"page","link":"https:\/\/wp-dev.daten.cool\/?page_id=3248","title":{"rendered":"39 (2\/1991) Organisierte Kriminalit\u00e4t"},"content":{"rendered":"<p><img loading=\"lazy\" decoding=\"async\" class=\"alignright size-medium wp-image-22572\" src=\"https:\/\/www.cilip.de\/wp-content\/uploads\/2024\/05\/CILIP_039-211x300.png\" alt=\"\" width=\"211\" height=\"300\" srcset=\"https:\/\/wp-dev.daten.cool\/wp-content\/uploads\/2024\/05\/CILIP_039-211x300.png 211w, https:\/\/wp-dev.daten.cool\/wp-content\/uploads\/2024\/05\/CILIP_039.png 583w\" sizes=\"auto, (max-width: 211px) 100vw, 211px\" \/><a href=\"http:\/\/archiv.cilip.de\/Hefte\/CILIP_039.pdf\">Download der Gesamtausgabe als PDF<\/a><\/p>\n<p><a href=\"\/1991\/10\/26\/redaktionelle-vorbemerkung-23\/\"><strong>Redaktionelle Vorbemerkung<\/strong><\/a><\/p>\n<p><a href=\"\/1991\/09\/26\/die-debatte-um-organisierte-kriminalitaet-in-der-brd-von-jungen-liebespaaren-und-anderen-begrifflichen-schwierigkeiten\/\"><strong>Die Debatte um Organisierte Kriminalit\u00e4t in der BRD<\/strong><\/a><br \/>\nHeiner Busch<br \/>\n<a href=\"\/1991\/08\/26\/einflussnahme-der-organisierten-kriminalitaet-auf-politik-oeffentliche-verwaltung-und-wirtschaft-unzureichendes-problembewusstsein\/\"><strong>Einflu\u00dfnahme der Organisierten Kriminalit\u00e4t auf Politik, \u00f6ffentliche Verwaltung und Wirtschaft<\/strong><\/a><br \/>\nWerner Vahlenkamp<br \/>\n<a href=\"\/1991\/09\/26\/im-drogenrausch-der-generalpraevention-das-lka-bayern-sein-v-mann-und-ein-gericht\/\"><strong>Im (Drogen)Rausch der Generalpr\u00e4vention<\/strong><\/a><br \/>\nHeiner Busch<br \/>\n<a href=\"\/1991\/09\/26\/internationaler-frauenhandel-in-der-bundesrepublik-deutschland-eine-einfuehrung\/\"><strong>Internationaler Frauenhandel in der Bundesrepublik Deutschland<\/strong><\/a><br \/>\nTippawan Duscha<br \/>\n<a href=\"\/1991\/09\/26\/zeugenschutz\/\"><strong>Zeugenschutz<\/strong><\/a><br \/>\nOtto Diederichs<br \/>\n<a href=\"\/1991\/09\/26\/zum-entwurf-eines-gesetzes-zur-bekaempfung-der-organisierten-kriminalitaet-keine-prinzipiellen-einwaende-im-bundesrat\/\"><strong>Zum &#8222;Entwurf eines Gesetzes zur Bek\u00e4mpfung der Organisierten Kriminalit\u00e4t&#8220;<\/strong><\/a><br \/>\nEdda We\u00dflau<br \/>\nOrgKG (Dokumentation)<br \/>\n<a href=\"\/1991\/08\/26\/entschliessung-der-datenschutzbeauftragten-zum-bundesrats-entwurf-eines-gesetzes-zur-bekaempfung-des-illegalen-rauschgifthandels-und-anderer-erscheinungsformen-der-organisierten-kriminalitaet\/\"><strong>Entschlie\u00dfung der Datenschutzbeauftragten<\/strong><\/a><br \/>\n<a href=\"\/1991\/09\/26\/business-crime-control-buerger-beobachten-wirtschaftskriminalitaet\/\"><strong>Business Crime Control<\/strong><\/a><br \/>\nBernhard Gill<br \/>\n<a href=\"\/1991\/08\/26\/verfassungsschutz-und-organisierte-kriminalitaet\/\"><strong>Verfassungsschutz und Organisierte Kriminalit\u00e4t<\/strong><\/a><br \/>\nOtto Diederichs<\/p>\n<p><a href=\"\/1991\/09\/26\/schmuecker-verfahren-endgueltig-eingestellt-kein-schlusswort\/\"><strong>Schm\u00fccker-Verfahren endg\u00fcltig eingestellt<\/strong><\/a><br \/>\nHarald Rem\u00e9<br \/>\n<a href=\"\/1991\/08\/26\/polizeihilfe-an-folterregime-der-dritten-welt-ein-beitrag-zur-demokratisierung\/\"><strong>Polizeihilfe an Folterregime der Dritten Welt<\/strong><\/a><br \/>\nDieter Schenk und Manfred Such<br \/>\n<a href=\"\/1991\/08\/26\/was-kostet-die-polizei-eine-vergleichende-analyse\/\"><strong>Was kostet die Polizei<\/strong><\/a><br \/>\nUwe H\u00f6ft<\/p>\n<p><a href=\"\/1991\/09\/26\/chronologie-29\/\"><strong>Chronologie<\/strong><\/a><br \/>\nManfred Walter<br \/>\n<a href=\"\/1991\/08\/26\/literatur-rezensionen-und-hinweise-14\/\"><strong>Literatur<\/strong><\/a><br \/>\n<a href=\"\/1991\/08\/26\/summaries-66\/\"><strong>Summaries<\/strong><\/a><\/p>\n","protected":false},"excerpt":{"rendered":"<p>Download der Gesamtausgabe als PDF Redaktionelle Vorbemerkung Die Debatte um Organisierte Kriminalit\u00e4t in der BRD<\/p>\n","protected":false},"author":2,"featured_media":0,"parent":3271,"menu_order":0,"comment_status":"closed","ping_status":"open","template":"page-templates\/full-width.php","meta":{"footnotes":""},"class_list":["post-3248","page","type-page","status-publish","hentry"],"_links":{"self":[{"href":"https:\/\/wp-dev.daten.cool\/index.php?rest_route=\/wp\/v2\/pages\/3248","targetHints":{"allow":["GET"]}}],"collection":[{"href":"https:\/\/wp-dev.daten.cool\/index.php?rest_route=\/wp\/v2\/pages"}],"about":[{"href":"https:\/\/wp-dev.daten.cool\/index.php?rest_route=\/wp\/v2\/types\/page"}],"author":[{"embeddable":true,"href":"https:\/\/wp-dev.daten.cool\/index.php?rest_route=\/wp\/v2\/users\/2"}],"replies":[{"embeddable":true,"href":"https:\/\/wp-dev.daten.cool\/index.php?rest_route=%2Fwp%2Fv2%2Fcomments&post=3248"}],"version-history":[{"count":0,"href":"https:\/\/wp-dev.daten.cool\/index.php?rest_route=\/wp\/v2\/pages\/3248\/revisions"}],"up":[{"embeddable":true,"href":"https:\/\/wp-dev.daten.cool\/index.php?rest_route=\/wp\/v2\/pages\/3271"}],"wp:attachment":[{"href":"https:\/\/wp-dev.daten.cool\/index.php?rest_route=%2Fwp%2Fv2%2Fmedia&parent=3248"}],"curies":[{"name":"wp","href":"https:\/\/api.w.org\/{rel}","templated":true}]}}