{"id":3256,"date":"2015-02-23T22:03:18","date_gmt":"2015-02-23T22:03:18","guid":{"rendered":"http:\/\/www.cilip.de\/?page_id=3256"},"modified":"2015-02-23T22:03:18","modified_gmt":"2015-02-23T22:03:18","slug":"37-1990","status":"publish","type":"page","link":"https:\/\/wp-dev.daten.cool\/?page_id=3256","title":{"rendered":"37 (3\/1990)"},"content":{"rendered":"<p><img loading=\"lazy\" decoding=\"async\" class=\"alignright size-medium wp-image-22570\" src=\"https:\/\/www.cilip.de\/wp-content\/uploads\/2024\/05\/CILIP_037-211x300.png\" alt=\"\" width=\"211\" height=\"300\" srcset=\"https:\/\/wp-dev.daten.cool\/wp-content\/uploads\/2024\/05\/CILIP_037-211x300.png 211w, https:\/\/wp-dev.daten.cool\/wp-content\/uploads\/2024\/05\/CILIP_037.png 583w\" sizes=\"auto, (max-width: 211px) 100vw, 211px\" \/><a href=\"http:\/\/archiv.cilip.de\/Hefte\/CILIP_037.pdf\">Download der Gesamtausgabe als PDF<\/a><\/p>\n<p><a href=\"\/1990\/12\/27\/redaktionelle-vorbemerkung-24\/\"><strong>Redaktionelle Vorbemerkung<\/strong><\/a><br \/>\n<a href=\"\/1990\/12\/27\/editorial-21\/\"><strong>Editorial<\/strong><\/a><\/p>\n<p><a href=\"\/1990\/12\/27\/das-ende-der-volkspolizei-chronologie-des-zerfalls\/\"><strong>Das Ende der Volkspolizei &#8211; Chronologie des Zerfalls<\/strong><\/a><br \/>\n<a href=\"\/1990\/12\/27\/die-erstreckung-auf-dem-weg-zur-gesamtberliner-polizei\/\"><strong>Die Erstreckung &#8211; auf dem Weg zur Gesamtberliner Polizei <\/strong><\/a><br \/>\n<a href=\"\/1990\/12\/27\/die-justiz-und-innenpolitik-des-rot-gruenen-senats-in-berlin-versuch-einer-bilanz\/\"><strong>Die Justiz- und Innenpolitik des rot-gr\u00fcnen Senats in Berlin &#8211; Versuch einer Bilanz<\/strong><\/a><br \/>\nMartina Gerlach<br \/>\n<a href=\"\/1990\/12\/27\/we-are-the-champions-haeuserraeumung-und-koalitionsbruch-in-berlin\/\"><strong>&#8222;We are the champions &#8230;&#8220; &#8211; H\u00e4userr\u00e4umung und Koalitionsbruch in Berlin<\/strong><\/a><br \/>\n<a href=\"\/1990\/12\/27\/das-berliner-datenschutzgesetz-ein-konsequentes-querschnittsgesetz\/\"><strong>Das Berliner Datenschutzgesetz &#8211; ein konsequentes Querschnittsgesetz <\/strong><\/a><br \/>\nLena Schraut<br \/>\n<a href=\"\/1990\/12\/27\/der-mordfall-schmuecker-ein-verfahren-ohne-ende\/\"><strong>Der Mordfall Schm\u00fccker &#8211; ein Verfahren ohne Ende <\/strong><\/a><br \/>\n<a href=\"\/1990\/12\/27\/cn-cs-gas-kontaktallergien-nach-polizeilichen-traenengas-cncs-einsaetzen\/\"><strong>CN\/CS-&#8222;Gas&#8220; &#8211; Kontaktallergien nach polizeiliche &#8222;Tr\u00e4nenengas&#8220;-Eins\u00e4tzen <\/strong><\/a><br \/>\nMichael in der Wiesche<br \/>\n<a href=\"\/1990\/12\/27\/die-klage-hat-keinen-erfolg-kein-unfallausgleich-fuer-cn-verletzung\/\"><strong>Die Klage hat keinen Erfolg &#8211; kein Unfallausgleich f\u00fcr CN-Verletzung <\/strong><\/a><br \/>\n<a href=\"\/1990\/12\/27\/polizeilicher-schusswaffeneinsatz-1974-1989-ein-deutlich-ruecklaeufiger-trend\/\"><strong>Polizeilicher Schu\u00dfwaffeneinsatz 1974-1989 &#8211; ein deutlich r\u00fcckl\u00e4ufiger Trend <\/strong><\/a><br \/>\n<a href=\"\/1990\/12\/27\/todesschuesse-1988-ein-nachtrag\/\"><strong>Todessch\u00fcsse 1988 &#8211; ein Nachtrag<\/strong><\/a><br \/>\n<a href=\"\/1990\/12\/27\/gewaltkriminalitaet-drohung-mit-oder-einsatz-von-schusswaffen-durch-straftaeter-1971-1989\/\"><strong>Gewaltkriminalit\u00e4t &#8211; Drohung mit oder Einsatz von Schu\u00dfwaffen durch Straft\u00e4ter 1971-1989 <\/strong><\/a><br \/>\n<a href=\"\/1990\/09\/27\/literatur-rezensionen-und-hinweise-16\/\"><strong>Literatur &#8211; Rezensionen und Hinweise<\/strong><\/a><br \/>\n<a href=\"\/1990\/12\/27\/fuer-eine-buergernahe-polizei-rezension-des-cilip-gutachtens\/\"><strong>&#8222;F\u00fcr eine b\u00fcrgernahe Polizei&#8220; &#8211; Rezension des CILIP-Gutachtens in &#8222;Kriminalistik&#8220; <\/strong><\/a><br \/>\nWaldemar Burghard<\/p>\n<p><strong>OibEs entdeckt &#8211; STASI und &#8222;Kriminalistik&#8220; <\/strong><br \/>\n<a href=\"\/1990\/12\/27\/chronologie-der-ereignisse\/\"><strong>Chronologie der Ereignisse <\/strong><\/a><br \/>\n<a href=\"\/1990\/12\/27\/summaries-69\/\"><strong>Summaries <\/strong><\/a><\/p>\n","protected":false},"excerpt":{"rendered":"<p>Download der Gesamtausgabe als PDF Redaktionelle Vorbemerkung Editorial Das Ende der Volkspolizei &#8211; Chronologie des<\/p>\n","protected":false},"author":2,"featured_media":0,"parent":3269,"menu_order":0,"comment_status":"closed","ping_status":"open","template":"page-templates\/full-width.php","meta":{"footnotes":""},"class_list":["post-3256","page","type-page","status-publish","hentry"],"_links":{"self":[{"href":"https:\/\/wp-dev.daten.cool\/index.php?rest_route=\/wp\/v2\/pages\/3256","targetHints":{"allow":["GET"]}}],"collection":[{"href":"https:\/\/wp-dev.daten.cool\/index.php?rest_route=\/wp\/v2\/pages"}],"about":[{"href":"https:\/\/wp-dev.daten.cool\/index.php?rest_route=\/wp\/v2\/types\/page"}],"author":[{"embeddable":true,"href":"https:\/\/wp-dev.daten.cool\/index.php?rest_route=\/wp\/v2\/users\/2"}],"replies":[{"embeddable":true,"href":"https:\/\/wp-dev.daten.cool\/index.php?rest_route=%2Fwp%2Fv2%2Fcomments&post=3256"}],"version-history":[{"count":0,"href":"https:\/\/wp-dev.daten.cool\/index.php?rest_route=\/wp\/v2\/pages\/3256\/revisions"}],"up":[{"embeddable":true,"href":"https:\/\/wp-dev.daten.cool\/index.php?rest_route=\/wp\/v2\/pages\/3269"}],"wp:attachment":[{"href":"https:\/\/wp-dev.daten.cool\/index.php?rest_route=%2Fwp%2Fv2%2Fmedia&parent=3256"}],"curies":[{"name":"wp","href":"https:\/\/api.w.org\/{rel}","templated":true}]}}