{"id":3259,"date":"2015-02-23T22:10:57","date_gmt":"2015-02-23T22:10:57","guid":{"rendered":"http:\/\/www.cilip.de\/?page_id=3259"},"modified":"2015-02-23T22:10:57","modified_gmt":"2015-02-23T22:10:57","slug":"36-1990","status":"publish","type":"page","link":"https:\/\/wp-dev.daten.cool\/?page_id=3259","title":{"rendered":"36 (2\/1990) Stasi &amp; Verfassungsschutz"},"content":{"rendered":"<p><img loading=\"lazy\" decoding=\"async\" class=\"alignright size-medium wp-image-22569\" src=\"https:\/\/www.cilip.de\/wp-content\/uploads\/2024\/05\/CILIP_036-211x300.png\" alt=\"\" width=\"211\" height=\"300\" srcset=\"https:\/\/wp-dev.daten.cool\/wp-content\/uploads\/2024\/05\/CILIP_036-211x300.png 211w, https:\/\/wp-dev.daten.cool\/wp-content\/uploads\/2024\/05\/CILIP_036.png 583w\" sizes=\"auto, (max-width: 211px) 100vw, 211px\" \/><a href=\"http:\/\/archiv.cilip.de\/Hefte\/CILIP_036.pdf\">Download der Gesamtausgabe als PDF<\/a><\/p>\n<p><a href=\"\/1990\/09\/27\/editorial-stasi-gleich-verfassungsschutz\/\"><strong>Editorial<\/strong><\/a><\/p>\n<p><a href=\"\/1990\/09\/27\/editorial-stasi-gleich-verfassungsschutz\/\"><strong>Stasi gleich &#8222;Verfassungsschutz?&#8220;<\/strong><\/a><br \/>\nVon W.-D. Narr\/ F. Werkentin<br \/>\n<strong>Im Un&#8220;rechtsstaat&#8220;: Die Staatssicherheit (Stasi)<\/strong><br \/>\n<a href=\"\/1990\/09\/27\/stasi-leben-mit-der-stasi\/\"><strong>Leben mit der Stasi <\/strong><\/a><br \/>\nVon R. Schult<br \/>\n<a href=\"\/1990\/10\/27\/der-aufloesungsprozess-der-stasi-chronologie-einer-erfreulichen-agonie-teil-2-und-des-verfassungsschuetzerischen-neubeginns-in-den-oestlichen-bundeslaendern\/\"><strong>Der Aufl\u00f6sungsproze\u00df der Stasi &#8211; Chronologie einer erfreulichen Agonie &#8211; Teil II<\/strong><\/a><br \/>\n<a href=\"\/1990\/10\/27\/stasi-die-aufloesung-eines-geheimdienstes-versuch-eines-resuemees\/\"><strong>Die Aufl\u00f6sung eines Geheimdienstes &#8211; Versuch eines Res\u00fcmees<\/strong><\/a><br \/>\nVon H. Schwenke<br \/>\n<strong>Stasi-Dokumente: &#8222;Zersetzung&#8220; &#8211; aus der Richtlinie 1\/76 des MfS<\/strong><br \/>\n<a href=\"\/1990\/08\/27\/dokumentation-6\/\"><strong>&#8222;Die Werbung der IM&#8220; &#8211; aus der Richtlinie 1\/79 des MfS <\/strong><\/a><br \/>\n<strong>Zu fr\u00fch! &#8211; Ernennungsurkunde f\u00fcr Bezirksleiter der DDR-&#8222;Verfassungsschutz&#8220;-\u00c4mter vom 15. Dezember 1989 <\/strong><br \/>\n<strong>Das &#8222;tschekistische Feindbild&#8220; &#8211; aus einem Stasi-Lehrbuch <\/strong><br \/>\n<strong>Eine Anweisung des Leiters des AfNS Berlin vom 7.12.&#8217;89 <\/strong><br \/>\n<strong>Im &#8222;Rechtsstaat&#8220;: Der &#8222;Verfassungsschutz&#8220;<\/strong><br \/>\n<a href=\"\/1990\/09\/27\/brd-leben-mit-dem-verfassungsschutz\/\"><strong>Leben mit dem &#8222;Verfassungsschutz&#8220; <\/strong><\/a><br \/>\n<a href=\"\/1990\/08\/27\/verfassungsschutz-berlin-west-auf-ihr-auskunftsersuchen-teilen-wir-ihnen-mit\/\"><strong>&#8222;Auf Ihr Auskunftsersuchen teilen wir Ihnen mit &#8230;&#8220; <\/strong><\/a><br \/>\nVon Otto Diederichs<br \/>\n<strong>Humanistische Union: Weg mit dem &#8222;Verfassungsschutz&#8220; <\/strong><br \/>\n<a href=\"\/1990\/08\/27\/dokumentation-7\/\"><strong>&#8222;Verfassungsschutz&#8220;-Dokumente: Aus Pr\u00fcfberichten des Berliner Datenschutzbeauftragten zur Praxis d. &#8222;Verfassungsschutzes&#8220; <\/strong><\/a><br \/>\n<a href=\"\/1990\/11\/27\/verfassungsschutz-ueber-den-einsatz-und-die-fuehrung-inoffizieller-gesellschaftlicher-mitarbeiter-eine-warnung-fuer-die-neuen-bundesbuerger\/\"><strong>V-Frau &#8222;Emden 852&#8220; &#8211; Eine Warnung f\u00fcr neue Bundesb\u00fcrger <\/strong><\/a><br \/>\n<a href=\"\/1990\/08\/27\/gesamtdeutscher-verfassungsschutz-okkupationsplaene-fuer-die-ddr\/\"><strong>&#8222;Verfassungsschmutz&#8220;- Okkupationspl\u00e4ne f\u00fcr die DDR <\/strong><\/a><br \/>\nVon F. Werkentin<br \/>\n<strong>&#8222;Ueber die geheime Polizei&#8220; Aktuelles aus dem Jahre 1831 <\/strong><br \/>\n<strong>Literatengegeifer: &#8222;Finstere Geschichte&#8220; <\/strong><br \/>\nVon Eugen Roth<br \/>\n<a href=\"\/1990\/08\/27\/kinder-des-kalten-krieges-zur-geschichte-der-apparate-innerer-sicherheit-in-der-bundesrepublik-und-in-der-ddr\/\"><strong>Zur Geschichte der Apparate &#8222;innerer Sicherheit&#8220; in der BRD und der DDR <\/strong><\/a><br \/>\nVon F. Werkentin<br \/>\n<a href=\"\/1990\/10\/27\/gesetzgebung-geheimdienstgesetze-rechtskraeftig-verabschiedet\/\"><strong>Geheimdienstgesetze verabschiedet <\/strong><\/a><br \/>\nVon H. Busch\/ F. Werkentin<br \/>\n<strong>Dokumente: Die Regelung des &#8222;Einigungsvertrages&#8220; zu den Stasi-Akten <\/strong><br \/>\n<strong>Statistiken: Personelle St\u00e4rke der Apparate &#8222;innerer Sicherheit&#8220;in der BRD und der DDR Ende &#8217;89<\/strong><br \/>\n<strong>Personelle St\u00e4rke der &#8222;\u00c4mter f\u00fcr Verfassungschutz&#8220; in der BRD <\/strong><br \/>\n<strong>Personalst\u00e4rke bundesdeutscher Geheimdienste<\/strong><br \/>\n<strong>Vergleich: Hauptberufliche Geheimdienstmitarbeiter in der DDR und BRD <\/strong> <strong>Demonstrationsstatistik der Bundesrepublik 1970 &#8211; 1988 <\/strong><br \/>\n<a href=\"\/1990\/08\/27\/der-polizeibeauftragte-ein-gespraech-mit-ibrahim-boehme-dem-polizeibeauftragten-des-magistrats-von-berlin\/\"><strong>Der Polizeibeauftragte des Magistrats &#8211; Ein Gespr\u00e4ch mit Ibrahim B\u00f6hme <\/strong><\/a><\/p>\n<p><a href=\"\/1990\/09\/27\/literatur-rezensionen-und-hinweise-17\/\"><strong>Literatur: Schwerpunkt &#8222;Stasi&#8220; <\/strong><\/a><br \/>\n<a href=\"\/1990\/09\/27\/chronologie-33\/\"><strong>Chronologie<\/strong><\/a><br \/>\n<a href=\"\/1990\/09\/27\/summaries-70\/\"><strong>Summary<\/strong><\/a><\/p>\n","protected":false},"excerpt":{"rendered":"<p>Download der Gesamtausgabe als PDF Editorial Stasi gleich &#8222;Verfassungsschutz?&#8220; Von W.-D. Narr\/ F. Werkentin Im<\/p>\n","protected":false},"author":2,"featured_media":0,"parent":3269,"menu_order":0,"comment_status":"closed","ping_status":"open","template":"page-templates\/full-width.php","meta":{"footnotes":""},"class_list":["post-3259","page","type-page","status-publish","hentry"],"_links":{"self":[{"href":"https:\/\/wp-dev.daten.cool\/index.php?rest_route=\/wp\/v2\/pages\/3259","targetHints":{"allow":["GET"]}}],"collection":[{"href":"https:\/\/wp-dev.daten.cool\/index.php?rest_route=\/wp\/v2\/pages"}],"about":[{"href":"https:\/\/wp-dev.daten.cool\/index.php?rest_route=\/wp\/v2\/types\/page"}],"author":[{"embeddable":true,"href":"https:\/\/wp-dev.daten.cool\/index.php?rest_route=\/wp\/v2\/users\/2"}],"replies":[{"embeddable":true,"href":"https:\/\/wp-dev.daten.cool\/index.php?rest_route=%2Fwp%2Fv2%2Fcomments&post=3259"}],"version-history":[{"count":0,"href":"https:\/\/wp-dev.daten.cool\/index.php?rest_route=\/wp\/v2\/pages\/3259\/revisions"}],"up":[{"embeddable":true,"href":"https:\/\/wp-dev.daten.cool\/index.php?rest_route=\/wp\/v2\/pages\/3269"}],"wp:attachment":[{"href":"https:\/\/wp-dev.daten.cool\/index.php?rest_route=%2Fwp%2Fv2%2Fmedia&parent=3259"}],"curies":[{"name":"wp","href":"https:\/\/api.w.org\/{rel}","templated":true}]}}