{"id":3263,"date":"2015-02-23T22:14:10","date_gmt":"2015-02-23T22:14:10","guid":{"rendered":"http:\/\/www.cilip.de\/?page_id=3263"},"modified":"2015-02-23T22:14:10","modified_gmt":"2015-02-23T22:14:10","slug":"1990-1994","status":"publish","type":"page","link":"https:\/\/wp-dev.daten.cool\/?page_id=3263","title":{"rendered":"1990 &#8211; 1994"},"content":{"rendered":"<table>\n<tr>\n<td width=\"40%\"><a href=\"\/files\/2024\/05\/CILIP_049.png\"><img decoding=\"async\" src=\"\/wp-content\/uploads\/2024\/05\/CILIP_049_medium.png\" alt=\"CILIP_049\"><\/a><\/td>\n<td><a href=\"\/zeitschrift\/1990-1994\/1994-2\/49-1994\/\">49 (3\/1994)<\/a> Operative Polizeimethoden<\/td>\n<\/tr>\n<tr>\n<td width=\"40%\"><a href=\"\/files\/2024\/05\/CILIP_048.png\"><img decoding=\"async\" src=\"\/wp-content\/uploads\/2024\/05\/CILIP_048_medium.png\" alt=\"CILIP_048\"><\/a><\/td>\n<td><a href=\"\/zeitschrift\/1990-1994\/1994-2\/48-1994\/\">48 (2\/1994)<\/a> (Parteien-)Politik &#8222;Innere Sicherheit&#8220;<\/td>\n<\/tr>\n<tr>\n<td width=\"40%\"><a href=\"\/files\/2024\/05\/CILIP_047.png\"><img decoding=\"async\" src=\"\/wp-content\/uploads\/2024\/05\/CILIP_047_medium.png\" alt=\"CILIP_047\"><\/a><\/td>\n<td><a href=\"\/zeitschrift\/1990-1994\/1994-2\/47-1994\/\">47 (1\/1994)<\/a> Bundesgrenzschutz<\/td>\n<\/tr>\n<tr>\n<td width=\"40%\"><a href=\"\/files\/2024\/05\/CILIP_046.png\"><img decoding=\"async\" src=\"\/wp-content\/uploads\/2024\/05\/CILIP_046_medium.png\" alt=\"CILIP_046\"><\/a><\/td>\n<td><a href=\"\/zeitschrift\/1990-1994\/1993-2\/46-1993\/\">46 (3\/1993)<\/a> Rekrutierung und Ausbildung bei der Polizei <\/td>\n<\/tr>\n<tr>\n<td width=\"40%\"><a href=\"http:\/\/www.cilip.de\/zeitschrift\/1978-1995\/45-1993\/\"><img decoding=\"async\" src=\"\/wp-content\/uploads\/2024\/05\/CILIP_045_medium.png\" alt=\"CILIP_045\"><\/a><\/td>\n<td><a href=\"\/zeitschrift\/1978-1995\/45-1993\/\">45 (2\/1993)<\/a> Polizei und Ausl\u00e4nder <\/td>\n<\/tr>\n<tr>\n<td width=\"40%\"><a href=\"\/zeitschrift\/1978-1995\/44-1993\/\"><img decoding=\"async\" src=\"\/wp-content\/uploads\/2024\/05\/CILIP_044_medium.png\" alt=\"CILIP_044\"><\/a><\/td>\n<td><a href=\"\/zeitschrift\/1978-1995\/44-1993\/\">44 (1\/1993)<\/a> Rechtsextremismus, Rassismus und polizeiliche Reaktionen <\/td>\n<\/tr>\n<tr>\n<td width=\"40%\"><a href=\"\/files\/2024\/05\/CILIP_043.png\"><img decoding=\"async\" src=\"\/wp-content\/uploads\/2024\/05\/CILIP_043_medium.png\" alt=\"CILIP_043\"><\/a><\/td>\n<td><a href=\"\/zeitschrift\/1990-1994\/1992-2\/43-1992\/\">43 (3\/1992)<\/a> Private Sicherheitsdienste<\/td>\n<\/tr>\n<tr>\n<td width=\"40%\"><a href=\"\/files\/2024\/05\/CILIP_042.png\"><img decoding=\"async\" src=\"\/wp-content\/uploads\/2024\/05\/CILIP_042_medium.png\" alt=\"CILIP_042\"><\/a><\/td>\n<td><a href=\"\/zeitschrift\/1990-1994\/1992-2\/42-1992\/\">42 (2\/1992)<\/a> Polizeilicher Staatsschutz<\/td>\n<\/tr>\n<tr>\n<td width=\"40%\"><a href=\"\/files\/2024\/05\/CILIP_041.png\"><img decoding=\"async\" src=\"\/wp-content\/uploads\/2024\/05\/CILIP_041_medium.png\" alt=\"CILIP_041\"><\/a><\/td>\n<td><a href=\"\/zeitschrift\/1990-1994\/1992-2\/41-1992\/\">41 (1\/1992)<\/a> Polizeiliche Datenverarbeitung<\/td>\n<\/tr>\n<tr>\n<td width=\"40%\"><a href=\"\/files\/2024\/05\/CILIP_040.png\"><img decoding=\"async\" src=\"\/wp-content\/uploads\/2024\/05\/CILIP_040_medium.png\" alt=\"CILIP_040\"><\/a><\/td>\n<td><a href=\"\/zeitschrift\/1990-1994\/1991-2\/40-1991\/\">40 (3\/1991)<\/a> Das Schengener Abkommen <\/td>\n<\/tr>\n<tr>\n<td width=\"40%\"><a href=\"\/files\/2024\/05\/CILIP_039.png\"><img decoding=\"async\" src=\"\/wp-content\/uploads\/2024\/05\/CILIP_039_medium.png\" alt=\"CILIP_039\"><\/a><\/td>\n<td><a href=\"\/zeitschrift\/1990-1994\/1991-2\/39-1991\/\"> 39 (2\/1991) Organisierte Kriminalit\u00e4t<\/a> <\/td>\n<\/tr>\n<tr>\n<td width=\"40%\"><a href=\"\/files\/2024\/05\/CILIP_038.png\"><img decoding=\"async\" src=\"\/wp-content\/uploads\/2024\/05\/CILIP_038_medium.png\" alt=\"CILIP_038\"><\/a><\/td>\n<td><a href=\"\/zeitschrift\/1990-1994\/1991-2\/38-1991\/\">38 (1\/1991)<\/a> Polizeilicher Neubeginn in den L\u00e4ndern der ehemaligen DDR <\/td>\n<\/tr>\n<tr>\n<td width=\"40%\"><a href=\"\/files\/2024\/05\/CILIP_037.png\"><img decoding=\"async\" src=\"\/wp-content\/uploads\/2024\/05\/CILIP_037_medium.png\" alt=\"CILIP_037\"><\/a><\/td>\n<td><a href=\"\/zeitschrift\/1990-1994\/1990-2\/37-1990\/\">37 (3\/1990)<\/a> 2 Jahre Rot\/Gr\u00fcn: Bilanz; Koalitionsbruch: Hausbesetzer; Berliner &#8222;Erstreckungsmodell&#8220;; CN\/CS-Gutachten; CN-Urteil; Berliner Datenschutzgesetz<\/td>\n<\/tr>\n<tr>\n<td width=\"40%\"><a href=\"\/files\/2024\/05\/CILIP_036.png\"><img decoding=\"async\" src=\"\/wp-content\/uploads\/2024\/05\/CILIP_036_medium.png\" alt=\"CILIP_036\"><\/a><\/td>\n<td><a href=\"\/zeitschrift\/1990-1994\/1990-2\/36-1990\/\">36 (2\/1990)<\/a> Stasi &amp; Verfassungsschutz: VfS-Okkupationspl\u00e4ne f\u00fcr die DDR; VfS-Alltagspraktiken; Der &#8222;Kalte Krieg&#8220; als Vater der &#8222;Sicherheitsapparate&#8220; in der DDR und BRD <\/td>\n<\/tr>\n<tr>\n<td width=\"40%\"><a href=\"\/files\/2024\/05\/CILIP_035.png\"><img decoding=\"async\" src=\"\/wp-content\/uploads\/2024\/05\/CILIP_035_medium.png\" alt=\"CILIP_035\"><\/a><\/td>\n<td><a href=\"\/zeitschrift\/1990-1994\/1990-2\/35-1990\/\">35 (1\/1990)<\/a> Unabh\u00e4ngige Klageaussch\u00fcsse in Australien, Kanada, Amsterdam; Stasi-Aufl\u00f6sung; Todessch\u00fcsse 1<\/td>\n<\/tr>\n<\/table>\n","protected":false},"excerpt":{"rendered":"<p>49 (3\/1994) Operative Polizeimethoden 48 (2\/1994) (Parteien-)Politik &#8222;Innere Sicherheit&#8220; 47 (1\/1994) Bundesgrenzschutz 46 (3\/1993) Rekrutierung<\/p>\n","protected":false},"author":2,"featured_media":0,"parent":28,"menu_order":0,"comment_status":"closed","ping_status":"open","template":"","meta":{"footnotes":""},"class_list":["post-3263","page","type-page","status-publish","hentry"],"_links":{"self":[{"href":"https:\/\/wp-dev.daten.cool\/index.php?rest_route=\/wp\/v2\/pages\/3263","targetHints":{"allow":["GET"]}}],"collection":[{"href":"https:\/\/wp-dev.daten.cool\/index.php?rest_route=\/wp\/v2\/pages"}],"about":[{"href":"https:\/\/wp-dev.daten.cool\/index.php?rest_route=\/wp\/v2\/types\/page"}],"author":[{"embeddable":true,"href":"https:\/\/wp-dev.daten.cool\/index.php?rest_route=\/wp\/v2\/users\/2"}],"replies":[{"embeddable":true,"href":"https:\/\/wp-dev.daten.cool\/index.php?rest_route=%2Fwp%2Fv2%2Fcomments&post=3263"}],"version-history":[{"count":0,"href":"https:\/\/wp-dev.daten.cool\/index.php?rest_route=\/wp\/v2\/pages\/3263\/revisions"}],"up":[{"embeddable":true,"href":"https:\/\/wp-dev.daten.cool\/index.php?rest_route=\/wp\/v2\/pages\/28"}],"wp:attachment":[{"href":"https:\/\/wp-dev.daten.cool\/index.php?rest_route=%2Fwp%2Fv2%2Fmedia&parent=3263"}],"curies":[{"name":"wp","href":"https:\/\/api.w.org\/{rel}","templated":true}]}}