{"id":3269,"date":"2015-02-23T22:28:10","date_gmt":"2015-02-23T22:28:10","guid":{"rendered":"http:\/\/www.cilip.de\/?page_id=3269"},"modified":"2015-02-23T22:28:10","modified_gmt":"2015-02-23T22:28:10","slug":"1990-2","status":"publish","type":"page","link":"https:\/\/wp-dev.daten.cool\/?page_id=3269","title":{"rendered":"1990"},"content":{"rendered":"<table>\n<tbody>\n<tr>\n<td width=\"40%\"><img decoding=\"async\" src=\"\/wp-content\/uploads\/2024\/05\/CILIP_037_medium.png\" \/><\/td>\n<td><a href=\"\/zeitschrift\/1990-1994\/1990-2\/37-1990\/\">37 (3\/1990)<\/a> 2 Jahre Rot\/Gr\u00fcn: Bilanz; Koalitionsbruch: Hausbesetzer; Berliner &#8222;Erstreckungsmodell&#8220;; CN\/CS-Gutachten; CN-Urteil; Berliner Datenschutzgesetz<\/td>\n<\/tr>\n<tr>\n<td width=\"40%\"><img decoding=\"async\" src=\"\/wp-content\/uploads\/2024\/05\/CILIP_036_medium.png\" \/><\/td>\n<td><a href=\"\/zeitschrift\/1990-1994\/1990-2\/36-1990\/\">36 (2\/1990)<\/a> Stasi &amp; Verfassungsschutz: VfS-Okkupationspl\u00e4ne f\u00fcr die DDR; VfS-Alltagspraktiken; Der &#8222;Kalte Krieg&#8220; als Vater der &#8222;Sicherheitsapparate&#8220; in der DDR und BRD<\/td>\n<\/tr>\n<tr>\n<td width=\"40%\"><img decoding=\"async\" src=\"\/wp-content\/uploads\/2024\/05\/CILIP_035_medium.png\" \/><\/td>\n<td><a href=\"\/zeitschrift\/1990-1994\/1990-2\/35-1990\/\">35 (1\/1990)<\/a> Unabh\u00e4ngige Klageaussch\u00fcsse in Australien, Kanada, Amsterdam; Stasi-Aufl\u00f6sung; Todessch\u00fcsse 1989<\/td>\n<\/tr>\n<\/tbody>\n<\/table>\n","protected":false},"excerpt":{"rendered":"<p>37 (3\/1990) 2 Jahre Rot\/Gr\u00fcn: Bilanz; Koalitionsbruch: Hausbesetzer; Berliner &#8222;Erstreckungsmodell&#8220;; CN\/CS-Gutachten; CN-Urteil; Berliner Datenschutzgesetz 36<\/p>\n","protected":false},"author":2,"featured_media":0,"parent":3263,"menu_order":0,"comment_status":"closed","ping_status":"open","template":"","meta":{"footnotes":""},"class_list":["post-3269","page","type-page","status-publish","hentry"],"_links":{"self":[{"href":"https:\/\/wp-dev.daten.cool\/index.php?rest_route=\/wp\/v2\/pages\/3269","targetHints":{"allow":["GET"]}}],"collection":[{"href":"https:\/\/wp-dev.daten.cool\/index.php?rest_route=\/wp\/v2\/pages"}],"about":[{"href":"https:\/\/wp-dev.daten.cool\/index.php?rest_route=\/wp\/v2\/types\/page"}],"author":[{"embeddable":true,"href":"https:\/\/wp-dev.daten.cool\/index.php?rest_route=\/wp\/v2\/users\/2"}],"replies":[{"embeddable":true,"href":"https:\/\/wp-dev.daten.cool\/index.php?rest_route=%2Fwp%2Fv2%2Fcomments&post=3269"}],"version-history":[{"count":0,"href":"https:\/\/wp-dev.daten.cool\/index.php?rest_route=\/wp\/v2\/pages\/3269\/revisions"}],"up":[{"embeddable":true,"href":"https:\/\/wp-dev.daten.cool\/index.php?rest_route=\/wp\/v2\/pages\/3263"}],"wp:attachment":[{"href":"https:\/\/wp-dev.daten.cool\/index.php?rest_route=%2Fwp%2Fv2%2Fmedia&parent=3269"}],"curies":[{"name":"wp","href":"https:\/\/api.w.org\/{rel}","templated":true}]}}