{"id":3335,"date":"2015-02-23T23:03:41","date_gmt":"2015-02-23T23:03:41","guid":{"rendered":"http:\/\/www.cilip.de\/?page_id=3335"},"modified":"2015-02-23T23:03:41","modified_gmt":"2015-02-23T23:03:41","slug":"33-1989","status":"publish","type":"page","link":"https:\/\/wp-dev.daten.cool\/?page_id=3335","title":{"rendered":"33 (2\/1989)"},"content":{"rendered":"<p><img loading=\"lazy\" decoding=\"async\" class=\"alignright size-medium wp-image-22598\" src=\"https:\/\/www.cilip.de\/wp-content\/uploads\/2024\/05\/CILIP_033-211x300.png\" alt=\"\" width=\"211\" height=\"300\" srcset=\"https:\/\/wp-dev.daten.cool\/wp-content\/uploads\/2024\/05\/CILIP_033-211x300.png 211w, https:\/\/wp-dev.daten.cool\/wp-content\/uploads\/2024\/05\/CILIP_033.png 583w\" sizes=\"auto, (max-width: 211px) 100vw, 211px\" \/><a href=\"http:\/\/archiv.cilip.de\/Hefte\/CILIP_033.pdf\">Download der Gesamtausgabe als PDF<\/a><\/p>\n<p><strong><a href=\"\/1989\/08\/15\/editorial-23\/\">Editorial: Rot-Gr\u00fcne Politik &#8222;innerer Sicherheit&#8220; in Berlin<\/a><br \/>\n<\/strong><\/p>\n<p><strong><a href=\"\/1989\/08\/15\/berliner-geheimdienstskandale-nichts-mehr-so-wie-vorher\/\">Berliner Verfassungsschutz: Nichts mehr so wie vorher<\/a><br \/>\nDokumentation: Koalitionsvereinbarungen AL-SPD (Berlin) zur &#8222;inneren Sicherheit&#8220;<br \/>\n<a href=\"\/1989\/08\/15\/mai-randale-89-in-berlin-kreuzberg-obristenrevolte-gegen-rot-gruen\/\">Mai-Randale 89 in Berlin-Kreuzberg \u2013 Obristenrevolte gegen \u201cRot-Gr\u00fcn\u201d<\/a><br \/>\n<a href=\"\/1989\/08\/15\/ein-nachtrag-die-groesste-datenaktion-der-berliner-polizei\/\">Nachtrag: &#8222;Die gr\u00f6\u00dfte Datenaktion der Berliner Polizei&#8220;<\/a><br \/>\n<a href=\"\/1989\/08\/15\/verdachtsobjekt-cilip\/\">Verdachtsfall CILIP<\/a><br \/>\n<a href=\"cilip.de\/1989\/08\/15\/sicherheitsverluste-durch-aufhebung-der-eg-binnengrenzkontrollen\/\">Sicherheitsverluste durch Aufhebung der EG-Binnengrenzkontrollen?<\/a><br \/>\nHelmut Willems\/ Roland Eckert\/ Harald Goldbach\/ Toni Loosen: Demonstranten und Polizisten &#8211; Motive, Erfahrungen und Eskalationsbedingungen &#8211; Ein Forschungsbericht, M\u00fcnchen 1988<\/strong><br \/>\n<strong>Aufhebung der EG-Binnengrenzen?<br \/>\n<a href=\"\/1989\/08\/15\/schengen-gruppe-keine-oeffnung-der-grenzen-dafuer-aber-ausgleichsmassnahmen\/\">Schengen Abkommen: Keine \u00d6ffnung der Grenzen, daf\u00fcr aber &#8222;Ausgleichsma\u00dfnahmen&#8220;<\/a><br \/>\nDie Vervollkommnung der Dienste<br \/>\n<a href=\"https:\/\/www.cilip.de\/1989\/05\/01\/polizeiliche-todesschuesse-1988\/\">Todessch\u00fcsse 1988<\/a><br \/>\n<a href=\"\/1989\/08\/15\/todesschuesse-gnade-vor-recht-gegenueber-polizeibeamten\/\">Todessch\u00fcsse: Gnade vor Recht f\u00fcr Polizeibeamte?<br \/>\n<\/a><a href=\"\/1989\/08\/15\/usa-polizeiliche-todesschuesse-und-getoetete-polizisten-1970-1984\/\">USA: Polizeiliche Todessch\u00fcsse und get\u00f6tete Polizisten 1970- 1984<\/a><br \/>\n<a href=\"\/1989\/08\/15\/unterbringungsgewahrsam-vorbeugehaft-auf-bayerische-art\/\">&#8222;Unterbindungsgewahrsam&#8220; &#8211; Vorbeugehaft auf bayerische Art<\/a><br \/>\n<a href=\"\/1989\/08\/15\/\u00a7129a-anmerkungen-zum-pkk-verfahren\/\">\u00a7 129a: Anmerkungen zum &#8222;PKK&#8220;-Verfahren<\/a><br \/>\n<a href=\"\/1989\/08\/15\/der-genetische-fingerabdruck-verfahrensstand-und-rechtspolitische-diskussion\/\"> Der &#8222;Genetische Fingerabdruck&#8220;<\/a><br \/>\n<a href=\"\/1989\/08\/15\/republikaner-partei-der-polizisten\/\">&#8222;Republikaner&#8220; &#8211; Partei der Polizisten?<\/a><br \/>\nRechtsprechung<\/strong><\/p>\n<p><a href=\"\/1989\/08\/15\/literatur-16\/\">Literatur<\/a><br \/>\n<a href=\"\/1989\/08\/15\/chronologie-der-ereignisse-2\/\">Chronologie der Ereignisse<\/a><br \/>\n<a href=\"\/1989\/08\/15\/summary-72\/\">Summary<\/a><\/p>\n","protected":false},"excerpt":{"rendered":"<p>Download der Gesamtausgabe als PDF Editorial: Rot-Gr\u00fcne Politik &#8222;innerer Sicherheit&#8220; in Berlin Berliner Verfassungsschutz: Nichts<\/p>\n","protected":false},"author":2,"featured_media":0,"parent":3595,"menu_order":0,"comment_status":"closed","ping_status":"open","template":"page-templates\/full-width.php","meta":{"footnotes":""},"class_list":["post-3335","page","type-page","status-publish","hentry"],"_links":{"self":[{"href":"https:\/\/wp-dev.daten.cool\/index.php?rest_route=\/wp\/v2\/pages\/3335","targetHints":{"allow":["GET"]}}],"collection":[{"href":"https:\/\/wp-dev.daten.cool\/index.php?rest_route=\/wp\/v2\/pages"}],"about":[{"href":"https:\/\/wp-dev.daten.cool\/index.php?rest_route=\/wp\/v2\/types\/page"}],"author":[{"embeddable":true,"href":"https:\/\/wp-dev.daten.cool\/index.php?rest_route=\/wp\/v2\/users\/2"}],"replies":[{"embeddable":true,"href":"https:\/\/wp-dev.daten.cool\/index.php?rest_route=%2Fwp%2Fv2%2Fcomments&post=3335"}],"version-history":[{"count":0,"href":"https:\/\/wp-dev.daten.cool\/index.php?rest_route=\/wp\/v2\/pages\/3335\/revisions"}],"up":[{"embeddable":true,"href":"https:\/\/wp-dev.daten.cool\/index.php?rest_route=\/wp\/v2\/pages\/3595"}],"wp:attachment":[{"href":"https:\/\/wp-dev.daten.cool\/index.php?rest_route=%2Fwp%2Fv2%2Fmedia&parent=3335"}],"curies":[{"name":"wp","href":"https:\/\/api.w.org\/{rel}","templated":true}]}}