{"id":345,"date":"2015-02-04T10:47:36","date_gmt":"2015-02-04T10:47:36","guid":{"rendered":"http:\/\/www.cilip.de\/?page_id=345"},"modified":"2015-02-04T10:47:36","modified_gmt":"2015-02-04T10:47:36","slug":"86-2007","status":"publish","type":"page","link":"https:\/\/wp-dev.daten.cool\/?page_id=345","title":{"rendered":"86 (1\/2007) Pr\u00e4vention und ihre Abgr\u00fcnde"},"content":{"rendered":"<p><img loading=\"lazy\" decoding=\"async\" class=\"alignright size-full wp-image-22495\" src=\"https:\/\/www.cilip.de\/wp-content\/uploads\/2024\/05\/CILIP_086.png\" alt=\"\" width=\"210\" height=\"297\" \/><a href=\"http:\/\/archiv.cilip.de\/Hefte\/CILIP_086.pdf\">Download der Gesamtausgabe als PDF<\/a><\/p>\n<p><a href=\"\/2007\/02\/09\/redaktionsmitteilung-18\/\"><b>Redaktionsmitteilung <\/b><\/a><\/p>\n<p><b><a href=\"\/2007\/02\/09\/praevention-spielarten-und-abgruende-einer-populaeren-ueberzeugung\/\">Pr\u00e4vention &#8211; eine popul\u00e4re \u00dcberzeugung <\/a><\/b><br \/>\nNorbert P\u00fctter<br \/>\n<b><a href=\"https:\/\/www.cilip.de\/2007\/02\/17\/risiko-und-sicherheitsmanagement-von-den-gefahren-einer-neuen-sicherheitslogik\/\">Risiko- und Sicherheitsmanagement: neue Sicherheitslogik <\/a><\/b><br \/>\nAlbrecht Funk<br \/>\n<b><a href=\"https:\/\/www.cilip.de\/2007\/02\/06\/terrorismuspraevention-ausufernde-befugnisse-und-ihre-resultate\/\">Terrorismuspr\u00e4vention und ihre Resultate<\/a><\/b><br \/>\nStefan Waterkamp und Mark Eidam<br \/>\n<b><a href=\"https:\/\/www.cilip.de\/2007\/02\/17\/kriminalpraeventive-oeffentlichkeitsarbeit-kompetent-kostenlos-neutral-1\/\">Kriminalpr\u00e4ventive \u00d6ffentlichkeitsarbeit<\/a><\/b><br \/>\nHanna Noesselt<br \/>\n<b><a href=\"https:\/\/www.cilip.de\/2007\/02\/17\/polizei-und-kommunale-praevention-zwischen-legitimationspflege-und-vernetzter-repression\/\">Polizei und kommunale Pr\u00e4vention <\/a><\/b><br \/>\nNorbert P\u00fctter<\/p>\n<p><b><a href=\"https:\/\/www.cilip.de\/2007\/02\/17\/militaerische-sicherheit-innen-und-aussen-das-weissbuch-zur-zukunft-der-bundeswehr\/\">Das Wei\u00dfbuch zur Zukunft der Bundeswehr <\/a><\/b><br \/>\nWolf-Dieter Narr<br \/>\n<b><a href=\"https:\/\/www.cilip.de\/2007\/02\/17\/auslieferung-contra-asyl-die-nie-endende-furcht-vor-verfolgung\/\">Auslieferung contra Asyl<\/a><\/b><br \/>\nJutta Hermanns<br \/>\n<b><a href=\"https:\/\/www.cilip.de\/2007\/02\/17\/200-dollar-und-ein-paar-sms-ein-schweizerischer-terror-prozess-2\/\">Ein schweizerisches Terrorismusverfahren <\/a><\/b><br \/>\nHeiner Busch<\/p>\n<p><b>Inland aktuell <\/b><br \/>\n<b>Meldungen aus Europa<\/b><br \/>\n<a href=\"https:\/\/www.cilip.de\/2007\/02\/17\/chronologie-42\/\"><b>Chronologie<\/b><\/a><br \/>\n<a href=\"https:\/\/www.cilip.de\/2007\/01\/25\/literatur-56\/\"><b>Literatur &amp; Aus dem Netz <\/b><\/a><br \/>\n<a href=\"https:\/\/www.cilip.de\/2007\/02\/05\/summaries-17\/\"><b>Summaries<\/b> <\/a><br \/>\n<b>MitarbeiterInnen dieser Ausgabe <\/b><br \/>\n<b>Zusammenfassungen<\/b><\/p>\n","protected":false},"excerpt":{"rendered":"<p>Download der Gesamtausgabe als PDF Redaktionsmitteilung Pr\u00e4vention &#8211; eine popul\u00e4re \u00dcberzeugung Norbert P\u00fctter Risiko- und<\/p>\n","protected":false},"author":3,"featured_media":0,"parent":339,"menu_order":0,"comment_status":"closed","ping_status":"open","template":"page-templates\/full-width.php","meta":{"footnotes":""},"class_list":["post-345","page","type-page","status-publish","hentry"],"_links":{"self":[{"href":"https:\/\/wp-dev.daten.cool\/index.php?rest_route=\/wp\/v2\/pages\/345","targetHints":{"allow":["GET"]}}],"collection":[{"href":"https:\/\/wp-dev.daten.cool\/index.php?rest_route=\/wp\/v2\/pages"}],"about":[{"href":"https:\/\/wp-dev.daten.cool\/index.php?rest_route=\/wp\/v2\/types\/page"}],"author":[{"embeddable":true,"href":"https:\/\/wp-dev.daten.cool\/index.php?rest_route=\/wp\/v2\/users\/3"}],"replies":[{"embeddable":true,"href":"https:\/\/wp-dev.daten.cool\/index.php?rest_route=%2Fwp%2Fv2%2Fcomments&post=345"}],"version-history":[{"count":0,"href":"https:\/\/wp-dev.daten.cool\/index.php?rest_route=\/wp\/v2\/pages\/345\/revisions"}],"up":[{"embeddable":true,"href":"https:\/\/wp-dev.daten.cool\/index.php?rest_route=\/wp\/v2\/pages\/339"}],"wp:attachment":[{"href":"https:\/\/wp-dev.daten.cool\/index.php?rest_route=%2Fwp%2Fv2%2Fmedia&parent=345"}],"curies":[{"name":"wp","href":"https:\/\/api.w.org\/{rel}","templated":true}]}}