{"id":3590,"date":"2015-02-24T20:07:14","date_gmt":"2015-02-24T20:07:14","guid":{"rendered":"http:\/\/www.cilip.de\/?page_id=3590"},"modified":"2015-02-24T20:07:14","modified_gmt":"2015-02-24T20:07:14","slug":"1985-1989","status":"publish","type":"page","link":"https:\/\/wp-dev.daten.cool\/?page_id=3590","title":{"rendered":"1985 &#8211; 1989"},"content":{"rendered":"<table>\n<tbody>\n<tr>\n<td><a href=\"\/files\/2024\/05\/CILIP_034.png\"><img decoding=\"async\" src=\"\/wp-content\/uploads\/2024\/05\/CILIP_034_medium.png\" alt=\"CILIP_034\"><\/a><\/td>\n<td><a href=\"\/zeitschrift\/1985-1989\/1989-2\/34-1989\/\">34 (3\/1989)<\/a> Schm\u00fccker-Verfahren; Lockspitzel-System (Celler Loch); Strafverfahrens-\u00c4nderungs-Gesetz<\/td>\n<\/tr>\n<tr>\n<td><a href=\"\/files\/2024\/05\/CILIP_033.png\"><img decoding=\"async\" src=\"\/wp-content\/uploads\/2024\/05\/CILIP_033_medium.png\" alt=\"CILIP_033\"><\/a><\/td>\n<td><a href=\"\/zeitschrift\/1985-1989\/1989-2\/33-1989\/\">33 (2\/1989)<\/a> VfS-Skandale Berlin; Todessch\u00fcsse 1988; REPs und Polizei; Schengen-Abkommen<\/td>\n<\/tr>\n<tr>\n<td><a href=\"\/files\/2024\/05\/CILIP_032.png\"><img decoding=\"async\" src=\"\/wp-content\/uploads\/2024\/05\/CILIP_032_medium.png\" alt=\"CILIP_032\"><\/a><\/td>\n<td><a href=\"\/zeitschrift\/1985-1989\/1989-2\/32-1989\/\">32 (1\/1989)<\/a> &#8222;Sicherheits&#8220;-Gesetze, Stand Mai 1989 <\/td>\n<\/tr>\n<tr>\n<td><a href=\"\/files\/2024\/05\/CILIP_031.png\"><img decoding=\"async\" src=\"\/wp-content\/uploads\/2024\/05\/CILIP_031_medium.png\" alt=\"CILIP_031\"><\/a><\/td>\n<td><a href=\"\/zeitschrift\/1985-1989\/1988-2\/31-1988\/\">31 (3\/1988)<\/a> BKA-G, Ausl\u00e4nderzentralregister-Gesetz (Entw.); Polizeiliche Entwicklungshilfe; IWF-Eins\u00e4tze<\/td>\n<\/tr>\n<tr>\n<td><a href=\"\/files\/2024\/05\/CILIP_030.png\"><img decoding=\"async\" src=\"\/wp-content\/uploads\/2024\/05\/CILIP_030_medium.png\" alt=\"CILIP_030\"><\/a><\/td>\n<td><a href=\"\/zeitschrift\/1985-1989\/1988-2\/30-1988\/\">30 (2\/1988)<\/a> Europ\u00e4isierung der Polizei; SPUDOK-Prozesse; Berlins EbLT; Polizeigeschichtliche Literatur <\/td>\n<\/tr>\n<tr>\n<td><a href=\"\/files\/2024\/05\/CILIP_029.png\"><img decoding=\"async\" src=\"\/wp-content\/uploads\/2024\/05\/CILIP_029_medium.png\" alt=\"CILIP_029\"><\/a><\/td>\n<td><a href=\"\/zeitschrift\/1985-1989\/1988-2\/29-1988\/\">29 (1\/1988)<\/a> Neue Sicherheitsgesetze &#8211; Dokumentation und Kritik (Stand: Februar 1988) und StPO-\u00c4nderung <\/td>\n<\/tr>\n<tr>\n<td><a href=\"\/files\/2024\/05\/CILIP_028.png\"><img decoding=\"async\" src=\"\/wp-content\/uploads\/2024\/05\/CILIP_028_medium.png\" alt=\"CILIP_028\"><\/a><\/td>\n<td><a href=\"\/zeitschrift\/1985-1989\/1987-2\/28-1987\/\">28 (3\/1987)<\/a> VfS-Skandalchronik; Schm\u00fccker-Proze\u00df; VfS-Literatur; Beobachtungsobjekte des VfS <\/td>\n<\/tr>\n<tr>\n<td><a href=\"\/files\/2024\/05\/CILIP_027.png\"><img decoding=\"async\" src=\"\/wp-content\/uploads\/2024\/05\/CILIP_027_medium.png\" alt=\"CILIP_027\"><\/a><\/td>\n<td><a href=\"\/zeitschrift\/1985-1989\/1987-2\/27-1987\/\">27 (2\/1987)<\/a> Verfassungsschutz; &#8222;Celler Loch&#8220;; Sicherheits\u00fcberpr\u00fcfung; Todessch\u00fcsse 1986 <\/td>\n<\/tr>\n<tr>\n<td><a href=\"\/files\/2024\/05\/CILIP_026.png\"><img decoding=\"async\" src=\"\/wp-content\/uploads\/2024\/05\/CILIP_026_medium.png\" alt=\"CILIP_026\"><\/a><\/td>\n<td><a href=\"\/zeitschrift\/1985-1989\/1987-2\/26-1987\/\">26 (1\/1987)<\/a> Justizielle Kontrolle polizeilicher Todessch\u00fcsse; Kritische Polizisten; SPUDOK<\/td>\n<\/tr>\n<tr>\n<td><a href=\"\/files\/2024\/05\/CILIP_025.png\"><img decoding=\"async\" src=\"\/wp-content\/uploads\/2024\/05\/CILIP_025_medium.png\" alt=\"CILIP_025\"><\/a><\/td>\n<td><a href=\"\/zeitschrift\/1985-1989\/1986-2\/25-1986\/\">25 (3\/1986)<\/a> Alternative Polizei? &#8211; Alternativen zur Polizei? Gr\u00fcne Wahlaussagen zur Polizei<\/td>\n<\/tr>\n<tr>\n<td><a href=\"\/files\/2024\/05\/CILIP_024.png\"><img decoding=\"async\" src=\"\/wp-content\/uploads\/2024\/05\/CILIP_024_medium.png\" alt=\"CILIP_024\"><\/a><\/td>\n<td><a href=\"\/zeitschrift\/1985-1989\/1986-2\/24-1986\/\">24 (2\/1986)<\/a> Brokdorf-Demo, CS-Gaseinsatz; Todessch\u00fcsse 1985; ME Polizeigesetz &#8211; 3\/86; PDV 100<\/td>\n<\/tr>\n<tr>\n<td><a href=\"\/files\/2024\/05\/CILIP_023.png\"><img decoding=\"async\" src=\"\/wp-content\/uploads\/2024\/05\/CILIP_023_medium.png\" alt=\"CILIP_023\"><\/a><\/td>\n<td><a href=\"\/zeitschrift\/1985-1989\/1986-2\/23-1986\/\">23 (1\/1986)<\/a> Neue &#8222;Sicherheits&#8220;-Gesetze: Dokumentation &#8211; Kritik &#8211; Materialien, Stand 1.3.1986 <\/td>\n<\/tr>\n<tr>\n<td><a href=\"\/files\/2024\/05\/CILIP_022.png\"><img decoding=\"async\" src=\"\/wp-content\/uploads\/2024\/05\/CILIP_022_medium.png\" alt=\"CILIP_022\"><\/a><\/td>\n<td><a href=\"\/zeitschrift\/1985-1989\/1985-2\/22-1985\/\">22 (3\/1985)<\/a> ZEVIS-Gesetzentwurf; Akteneinsichtsrecht; Bedeutung des \u00a7129 a f\u00fcr das Strafrecht und polizeiliche Ermittlungen; Verrechtlichungsdiskussion &#8222;Verdeckter Ermittler&#8220; <\/td>\n<\/tr>\n<tr>\n<td><a href=\"\/files\/2024\/05\/CILIP_021.png\"><img decoding=\"async\" src=\"\/wp-content\/uploads\/2024\/05\/CILIP_021_medium.png\" alt=\"CILIP_021\"><\/a><\/td>\n<td><a href=\"\/zeitschrift\/1985-1989\/1985-2\/21-1985\/\">21 (2\/1985)<\/a> Neue &#8222;Sicherheits&#8220;-Gesetze, Materialien, Dokumente, Einsch\u00e4tzungen <\/td>\n<\/tr>\n<tr>\n<td><a href=\"\/files\/2024\/05\/CILIP_020.png\"><img decoding=\"async\" src=\"\/wp-content\/uploads\/2024\/05\/CILIP_020_medium.png\" alt=\"CILIP_020\"><\/a><\/td>\n<td><a href=\"\/zeitschrift\/1985-1989\/1985-2\/20-1985\/\">20 (1\/1985)<\/a> Umweltpolizei; Polizei&#8220;hilfe&#8220; f\u00fcr die sog. Dritte Welt; Musterentwurf von 1985 <\/td>\n<\/tr>\n<\/tbody>\n<\/table>\n","protected":false},"excerpt":{"rendered":"<p>34 (3\/1989) Schm\u00fccker-Verfahren; Lockspitzel-System (Celler Loch); Strafverfahrens-\u00c4nderungs-Gesetz 33 (2\/1989) VfS-Skandale Berlin; Todessch\u00fcsse 1988; REPs und<\/p>\n","protected":false},"author":2,"featured_media":0,"parent":28,"menu_order":0,"comment_status":"closed","ping_status":"open","template":"","meta":{"footnotes":""},"class_list":["post-3590","page","type-page","status-publish","hentry"],"_links":{"self":[{"href":"https:\/\/wp-dev.daten.cool\/index.php?rest_route=\/wp\/v2\/pages\/3590","targetHints":{"allow":["GET"]}}],"collection":[{"href":"https:\/\/wp-dev.daten.cool\/index.php?rest_route=\/wp\/v2\/pages"}],"about":[{"href":"https:\/\/wp-dev.daten.cool\/index.php?rest_route=\/wp\/v2\/types\/page"}],"author":[{"embeddable":true,"href":"https:\/\/wp-dev.daten.cool\/index.php?rest_route=\/wp\/v2\/users\/2"}],"replies":[{"embeddable":true,"href":"https:\/\/wp-dev.daten.cool\/index.php?rest_route=%2Fwp%2Fv2%2Fcomments&post=3590"}],"version-history":[{"count":0,"href":"https:\/\/wp-dev.daten.cool\/index.php?rest_route=\/wp\/v2\/pages\/3590\/revisions"}],"up":[{"embeddable":true,"href":"https:\/\/wp-dev.daten.cool\/index.php?rest_route=\/wp\/v2\/pages\/28"}],"wp:attachment":[{"href":"https:\/\/wp-dev.daten.cool\/index.php?rest_route=%2Fwp%2Fv2%2Fmedia&parent=3590"}],"curies":[{"name":"wp","href":"https:\/\/api.w.org\/{rel}","templated":true}]}}