{"id":3599,"date":"2015-02-24T20:12:37","date_gmt":"2015-02-24T20:12:37","guid":{"rendered":"http:\/\/www.cilip.de\/?page_id=3599"},"modified":"2015-02-24T20:12:37","modified_gmt":"2015-02-24T20:12:37","slug":"1987-2","status":"publish","type":"page","link":"https:\/\/wp-dev.daten.cool\/?page_id=3599","title":{"rendered":"1987"},"content":{"rendered":"<table>\n<tr>\n<td><a href=\"\/files\/2024\/05\/CILIP_028.png\"><img decoding=\"async\" src=\"\/wp-content\/uploads\/2024\/05\/CILIP_028_medium.png\" alt=\"CILIP_028\"><\/a><\/td>\n<td><a href=\"\/zeitschrift\/1985-1989\/1987-2\/28-1987\/\">28 (3\/1987)<\/a> VfS-Skandalchronik; Schm\u00fccker-Proze\u00df; VfS-Literatur; Beobachtungsobjekte des VfS <\/td>\n<\/tr>\n<tr>\n<td><a href=\"\/files\/2024\/05\/CILIP_027.png\"><img decoding=\"async\" src=\"\/wp-content\/uploads\/2024\/05\/CILIP_027_medium.png\" alt=\"CILIP_027\"><\/a><\/td>\n<td><a href=\"\/zeitschrift\/1985-1989\/1987-2\/27-1987\/\">27 (2\/1987)<\/a> Verfassungsschutz; &#8222;Celler Loch&#8220;; Sicherheits\u00fcberpr\u00fcfung; Todessch\u00fcsse 1986 <\/td>\n<\/tr>\n<tr>\n<td><a href=\"\/files\/2024\/05\/CILIP_026.png\"><img decoding=\"async\" src=\"\/wp-content\/uploads\/2024\/05\/CILIP_026_medium.png\" alt=\"CILIP_026\"><\/a><\/td>\n<td><a href=\"\/zeitschrift\/1985-1989\/1987-2\/26-1987\/\">26 (1\/1987)<\/a> Justizielle Kontrolle polizeilicher Todessch\u00fcsse; Kritische Polizisten; SPUDOK<\/td>\n<\/tr>\n<\/table>\n","protected":false},"excerpt":{"rendered":"<p>28 (3\/1987) VfS-Skandalchronik; Schm\u00fccker-Proze\u00df; VfS-Literatur; Beobachtungsobjekte des VfS 27 (2\/1987) Verfassungsschutz; &#8222;Celler Loch&#8220;; Sicherheits\u00fcberpr\u00fcfung; Todessch\u00fcsse<\/p>\n","protected":false},"author":2,"featured_media":0,"parent":3590,"menu_order":0,"comment_status":"closed","ping_status":"open","template":"","meta":{"footnotes":""},"class_list":["post-3599","page","type-page","status-publish","hentry"],"_links":{"self":[{"href":"https:\/\/wp-dev.daten.cool\/index.php?rest_route=\/wp\/v2\/pages\/3599","targetHints":{"allow":["GET"]}}],"collection":[{"href":"https:\/\/wp-dev.daten.cool\/index.php?rest_route=\/wp\/v2\/pages"}],"about":[{"href":"https:\/\/wp-dev.daten.cool\/index.php?rest_route=\/wp\/v2\/types\/page"}],"author":[{"embeddable":true,"href":"https:\/\/wp-dev.daten.cool\/index.php?rest_route=\/wp\/v2\/users\/2"}],"replies":[{"embeddable":true,"href":"https:\/\/wp-dev.daten.cool\/index.php?rest_route=%2Fwp%2Fv2%2Fcomments&post=3599"}],"version-history":[{"count":0,"href":"https:\/\/wp-dev.daten.cool\/index.php?rest_route=\/wp\/v2\/pages\/3599\/revisions"}],"up":[{"embeddable":true,"href":"https:\/\/wp-dev.daten.cool\/index.php?rest_route=\/wp\/v2\/pages\/3590"}],"wp:attachment":[{"href":"https:\/\/wp-dev.daten.cool\/index.php?rest_route=%2Fwp%2Fv2%2Fmedia&parent=3599"}],"curies":[{"name":"wp","href":"https:\/\/api.w.org\/{rel}","templated":true}]}}