{"id":374,"date":"2015-02-04T22:11:00","date_gmt":"2015-02-04T22:11:00","guid":{"rendered":"http:\/\/www.cilip.de\/?page_id=374"},"modified":"2015-02-04T22:11:00","modified_gmt":"2015-02-04T22:11:00","slug":"84-2006","status":"publish","type":"page","link":"https:\/\/wp-dev.daten.cool\/?page_id=374","title":{"rendered":"84 (2\/2006) Grenzenlose Sicherheit: Das Europa der Polizeien"},"content":{"rendered":"<p><img loading=\"lazy\" decoding=\"async\" class=\"alignright size-full wp-image-22543\" src=\"https:\/\/www.cilip.de\/wp-content\/uploads\/2024\/05\/CILIP_084.png\" alt=\"\" width=\"210\" height=\"297\" \/><a href=\"http:\/\/archiv.cilip.de\/Hefte\/CILIP_084.pdf\">Download der Gesamtausgabe als PDF<\/a><\/p>\n<p><a href=\"\/2006\/08\/09\/redaktionsmitteilung-22\/\"><b>Redaktionsmitteilung<\/b><\/a><\/p>\n<p><b><a href=\"\/2006\/08\/09\/europaeischer-staat-im-aufbau-die-eu-in-schlechter-verfassung\/\">EU-Staat im Aufbau: eine Einleitung<\/a><\/b><br \/>\nHeiner Busch<br \/>\n<b><a href=\"https:\/\/www.cilip.de\/2006\/07\/30\/wachstumsringe-innerer-sicherheit-tampere-und-den-haag-in-der-umsetzung\/\">F\u00fcnfjahrespl\u00e4ne f\u00fcr Innere Sicherheit &#8211; von Tampere nach Den Haag <\/a><\/b><br \/>\nNorbert P\u00fctter<br \/>\n<b><a href=\"https:\/\/www.cilip.de\/2006\/07\/30\/freier-markt-fuer-polizeidaten-das-prinzip-der-verfuegbarkeit\/\">&#8222;Verf\u00fcgbarkeit&#8220;: Binnenmarkt f\u00fcr Polizeidaten<\/a><\/b><br \/>\nTony Bunyan<br \/>\n<a href=\"https:\/\/www.cilip.de\/2006\/07\/30\/der-traum-von-der-restlosen-erfassung-stand-und-planung-der-eu-informationssysteme\/\"><b>EU-Informationssysteme: Stand und Planung<\/b><\/a><br \/>\nHeiner Busch<br \/>\n<b><a href=\"https:\/\/www.cilip.de\/2006\/07\/30\/falsche-rechtsgrundlage-rechtswidriger-austausch-von-fluggastdaten-mit-den-usa\/\">Fluggast- und andere Daten<\/a><\/b><br \/>\nMark Holzberger<br \/>\n<a href=\"https:\/\/www.cilip.de\/2006\/07\/30\/mehr-befugnisse-und-weniger-regeln-eine-nette-kleine-debatte-um-europols-zukunft\/\"><b>Europol: mehr Befugnisse und weniger Regeln<\/b><\/a><br \/>\nBen Hayes<br \/>\n<b><a href=\"https:\/\/www.cilip.de\/2006\/08\/08\/europols-kleine-schwester-die-europaeische-grenzschutzagentur-frontex\/\">Frontex: die Europ\u00e4ische Grenzschutzagentur<\/a><\/b><br \/>\nMark Holzberger<\/p>\n<p><a href=\"https:\/\/www.cilip.de\/2006\/07\/30\/polizeiliche-todesschuesse-2005\/\"><b>Polizeiliche Todessch\u00fcsse 2005<\/b><\/a><br \/>\nOtto Diederichs<br \/>\n<a href=\"https:\/\/www.cilip.de\/2006\/07\/30\/deformation-durch-information-notwendige-fragen-zum-bnd-und-seiner-kontrolle\/\"><b>Bundesnachrichtendienst: Deformation durch Information<\/b><\/a><br \/>\nWolf-Dieter Narr<br \/>\n<a href=\"https:\/\/www.cilip.de\/2006\/07\/30\/weltmeister-der-inneren-sicherheit-bilanz-der-wm-2006\/\"><b>Weltmeister der Inneren Sicherheit: Bilanz der WM<\/b><\/a><br \/>\nAnja Lederer<\/p>\n<p><b>Inland aktuell <\/b><br \/>\n<a href=\"https:\/\/www.cilip.de\/2006\/07\/30\/chronologie-64\/\"><b>Chronologie <\/b><\/a><br \/>\n<a href=\"https:\/\/www.cilip.de\/2006\/06\/30\/literatur-42\/\"><b>Literatur &amp; Aus dem Netz <\/b><\/a><br \/>\n<a href=\"https:\/\/www.cilip.de\/2006\/08\/09\/summaries-21\/\"><b>Summaries<\/b> <\/a><br \/>\n<b>MitarbeiterInnen dieser Ausgabe <\/b><br \/>\n<b>Zusammenfassungen<\/b><\/p>\n","protected":false},"excerpt":{"rendered":"<p>Download der Gesamtausgabe als PDF Redaktionsmitteilung EU-Staat im Aufbau: eine Einleitung Heiner Busch F\u00fcnfjahrespl\u00e4ne f\u00fcr<\/p>\n","protected":false},"author":3,"featured_media":0,"parent":354,"menu_order":0,"comment_status":"closed","ping_status":"open","template":"page-templates\/full-width.php","meta":{"footnotes":""},"class_list":["post-374","page","type-page","status-publish","hentry"],"_links":{"self":[{"href":"https:\/\/wp-dev.daten.cool\/index.php?rest_route=\/wp\/v2\/pages\/374","targetHints":{"allow":["GET"]}}],"collection":[{"href":"https:\/\/wp-dev.daten.cool\/index.php?rest_route=\/wp\/v2\/pages"}],"about":[{"href":"https:\/\/wp-dev.daten.cool\/index.php?rest_route=\/wp\/v2\/types\/page"}],"author":[{"embeddable":true,"href":"https:\/\/wp-dev.daten.cool\/index.php?rest_route=\/wp\/v2\/users\/3"}],"replies":[{"embeddable":true,"href":"https:\/\/wp-dev.daten.cool\/index.php?rest_route=%2Fwp%2Fv2%2Fcomments&post=374"}],"version-history":[{"count":0,"href":"https:\/\/wp-dev.daten.cool\/index.php?rest_route=\/wp\/v2\/pages\/374\/revisions"}],"up":[{"embeddable":true,"href":"https:\/\/wp-dev.daten.cool\/index.php?rest_route=\/wp\/v2\/pages\/354"}],"wp:attachment":[{"href":"https:\/\/wp-dev.daten.cool\/index.php?rest_route=%2Fwp%2Fv2%2Fmedia&parent=374"}],"curies":[{"name":"wp","href":"https:\/\/api.w.org\/{rel}","templated":true}]}}