{"id":394,"date":"2015-02-04T22:20:12","date_gmt":"2015-02-04T22:20:12","guid":{"rendered":"http:\/\/www.cilip.de\/?page_id=394"},"modified":"2015-02-04T22:20:12","modified_gmt":"2015-02-04T22:20:12","slug":"76-2003","status":"publish","type":"page","link":"https:\/\/wp-dev.daten.cool\/?page_id=394","title":{"rendered":"76 (3\/2003) Polizei und Technik"},"content":{"rendered":"<p><img loading=\"lazy\" decoding=\"async\" class=\"alignright size-full wp-image-22535\" src=\"https:\/\/www.cilip.de\/wp-content\/uploads\/2024\/05\/CILIP_076.png\" alt=\"\" width=\"210\" height=\"297\" \/><a href=\"http:\/\/archiv.cilip.de\/Hefte\/CILIP_076.pdf\">Download der Gesamtausgabe als PDF<\/a><\/p>\n<p><a href=\"\/2003\/12\/09\/editorial-7\/\"><b>Editorial<\/b><\/a><br \/>\nHeiner Busch<\/p>\n<p><b><a href=\"\/2003\/12\/09\/die-technologisierung-der-polizei-und-ihre-dringliche-politisierung\/\">Die Technologisierung der Polizei &#8211; eine Einleitung<\/a><\/b><br \/>\nWolf-Dieter Narr<br \/>\n<b><a href=\"https:\/\/www.cilip.de\/2003\/12\/29\/inpol-neu-informatisierung-des-polizeilichen-alltags\/\">INPOL-neu: Informatisierung des polizeilichen Alltags<\/a><\/b><br \/>\nHeiner Busch<br \/>\n<b><a href=\"https:\/\/www.cilip.de\/2003\/12\/29\/rechnung-ohne-wirt-digitalfunk-nicht-nur-eine-kostenfrage\/\">Digitalfunk &#8211; nicht nur eine Kostenfrage<\/a><\/b><br \/>\nStephan Stolle<br \/>\n<b><a href=\"https:\/\/www.cilip.de\/2003\/12\/29\/dna-identifizierung-transformationen-einer-kriminalistischen-wunderwaffe\/\">DNA-Identifizierung<\/a><\/b><br \/>\nDetlef Nogala<br \/>\n<b><a href=\"https:\/\/www.cilip.de\/2003\/12\/29\/der-krieg-im-innern-biometrische-kontrollen-nach-dem-11-september\/\">Biometrische Kontrollen nach dem 11. September<\/a><\/b><br \/>\nJonathan P. Aus<br \/>\n<b><a href=\"https:\/\/www.cilip.de\/2003\/12\/29\/ueberwachte-fahrt-fuer-freie-buerger-automatische-nummernschilderkennung\/\">Automatische Nummernschilderkennung<\/a><\/b><br \/>\nDaniel Boos<br \/>\n<b><a href=\"https:\/\/www.cilip.de\/2003\/12\/29\/jeden-tag-leben-verteidigen-nicht-toedliche-waffen-fuer-kriege-und-innere-einsaetze\/\">&#8222;Nicht-t\u00f6dliche&#8220; Waffen f\u00fcr Kriege und Innere Eins\u00e4tze<\/a><\/b><br \/>\nOlaf Arndt und David Artichouk<\/p>\n<p><b><a href=\"https:\/\/www.cilip.de\/2003\/12\/29\/rechtshilfe-ohne-rechtsschutz-rechtshilfe-und-auslieferungsabkommen-mit-den-usa\/\">Rechtshilfe- und Auslieferungsabkommen mit den USA<\/a><\/b><br \/>\nHartmut W\u00e4chtler<br \/>\n<b><a href=\"https:\/\/www.cilip.de\/2003\/12\/29\/war-on-terrorism-oder-war-on-liberty-schlechte-zeiten-fuer-die-buergerrechte-in-den-usa\/\">Anti-Terror-Gesetze in den USA<\/a><\/b><br \/>\nClemens Arzt<br \/>\n<b><a href=\"https:\/\/www.cilip.de\/2003\/12\/29\/die-wissenschaft-hat-festgestellt-die-verharmlosung-der-telekommunikationsueberwachung\/\">Telekommunikations\u00fcberwachung wissenschaftlich verharmlost<\/a><\/b><br \/>\nNorbert P\u00fctter<\/p>\n<p><b>Inland aktuell<\/b><br \/>\n<b>Meldungen aus Europa<\/b><br \/>\n<b><a href=\"https:\/\/www.cilip.de\/2003\/12\/29\/chronologie-56\/\">Chronologie<\/a><\/b><br \/>\nMarion Knorr<br \/>\n<b><a href=\"https:\/\/www.cilip.de\/2003\/12\/29\/literatur-34\/\">Literatur<\/a><\/b><br \/>\n<a href=\"\/2003\/12\/09\/summaries-29\/\"><b>Summaries<\/b> <\/a><br \/>\n<b>Zusammenfassungen<\/b><\/p>\n","protected":false},"excerpt":{"rendered":"<p>Download der Gesamtausgabe als PDF Editorial Heiner Busch Die Technologisierung der Polizei &#8211; eine Einleitung<\/p>\n","protected":false},"author":3,"featured_media":0,"parent":365,"menu_order":0,"comment_status":"closed","ping_status":"open","template":"page-templates\/full-width.php","meta":{"footnotes":""},"class_list":["post-394","page","type-page","status-publish","hentry"],"_links":{"self":[{"href":"https:\/\/wp-dev.daten.cool\/index.php?rest_route=\/wp\/v2\/pages\/394","targetHints":{"allow":["GET"]}}],"collection":[{"href":"https:\/\/wp-dev.daten.cool\/index.php?rest_route=\/wp\/v2\/pages"}],"about":[{"href":"https:\/\/wp-dev.daten.cool\/index.php?rest_route=\/wp\/v2\/types\/page"}],"author":[{"embeddable":true,"href":"https:\/\/wp-dev.daten.cool\/index.php?rest_route=\/wp\/v2\/users\/3"}],"replies":[{"embeddable":true,"href":"https:\/\/wp-dev.daten.cool\/index.php?rest_route=%2Fwp%2Fv2%2Fcomments&post=394"}],"version-history":[{"count":0,"href":"https:\/\/wp-dev.daten.cool\/index.php?rest_route=\/wp\/v2\/pages\/394\/revisions"}],"up":[{"embeddable":true,"href":"https:\/\/wp-dev.daten.cool\/index.php?rest_route=\/wp\/v2\/pages\/365"}],"wp:attachment":[{"href":"https:\/\/wp-dev.daten.cool\/index.php?rest_route=%2Fwp%2Fv2%2Fmedia&parent=394"}],"curies":[{"name":"wp","href":"https:\/\/api.w.org\/{rel}","templated":true}]}}