{"id":406,"date":"2015-02-04T22:27:13","date_gmt":"2015-02-04T22:27:13","guid":{"rendered":"http:\/\/www.cilip.de\/?page_id=406"},"modified":"2015-02-04T22:27:13","modified_gmt":"2015-02-04T22:27:13","slug":"70-2001","status":"publish","type":"page","link":"https:\/\/wp-dev.daten.cool\/?page_id=406","title":{"rendered":"70 (3\/2001) Terrorismusbek\u00e4mpfung &#8211; alte und neue Irrwege"},"content":{"rendered":"<p><img loading=\"lazy\" decoding=\"async\" class=\"alignright size-full wp-image-22529\" src=\"https:\/\/www.cilip.de\/wp-content\/uploads\/2024\/05\/CILIP_070.png\" alt=\"\" width=\"210\" height=\"297\" \/><a href=\"http:\/\/archiv.cilip.de\/Hefte\/CILIP_070.pdf\">Download der Gesamtausgabe als PDF<\/a><\/p>\n<p><a href=\"http:\/\/www.cilip.de\/2001\/12\/28\/editorial-13\/\"><b>Editorial: Erm\u00e4chtigungsgesetze <\/b><\/a><br \/>\nWolf-Dieter Narr<\/p>\n<p><a href=\"\/2001\/12\/09\/mit-schily-in-den-ueberwachungsstaat-kampf-gegen-terror-laesst-sicherheitstraeume-wahr-werden\/\"><b>Mit Schily in den \u00dcberwachungsstaat <\/b><\/a><br \/>\nKatina Schubert<br \/>\n<a href=\"\/2001\/12\/09\/anti-terror-programme-der-laender-mehr-geld-mehr-stellen-neue-gesetze\/\"><b>Anti-Terror-Programme der L\u00e4nder und des Bundes<\/b><\/a><br \/>\nMarion Knorr und Andrea B\u00f6hm<br \/>\n<a href=\"\/2001\/12\/09\/%c2%a7-129b-und-kronzeugenregelung-alte-instrumente-in-neuem-gewand\/\"><b>\u00a7 129b und Kronzeugenregelung<\/b><\/a><br \/>\nAlbrecht Maurer<br \/>\n<a href=\"\/2001\/12\/09\/nichts-zu-verbergen-datenschutz-sicherheitsgesetze-rasterfahndung\/\"><b>Datenschutz, Sicherheitsgesetze und Rasterfahndung<\/b><\/a><br \/>\nHeiner Busch<br \/>\n<a href=\"\/2001\/12\/09\/sicherheitsrisiko-nr-1-auslaenderinnen-als-suendenboecke-der-terrorbekaempfung\/\"><b>Ausl\u00e4nderInnen als S\u00fcndenb\u00f6cke der &#8222;Terrorbek\u00e4mpfung&#8220; <\/b><\/a><br \/>\nAnja Lederer<br \/>\n<a href=\"\/2001\/12\/09\/geheimdienste-aufruesten-elemente-einer-abschreckenden-bilanz\/\"><b>Geheimdienste aufr\u00fcsten?<\/b><\/a><br \/>\nNorbert P\u00fctter<br \/>\n<a href=\"\/2001\/12\/09\/bundeswehr-im-innern-die-union-ruestet-erneut-zum-kampf\/\"><b>Bundeswehr im Innern<\/b><\/a><br \/>\nStefan Gose<br \/>\n<a href=\"\/2001\/12\/09\/durchmarsch-in-bruessel-die-eu-reagiert-auf-den-11-september\/\"><b>Reaktionen der EU auf den 11. September <\/b><\/a><br \/>\nMark Holzberger<br \/>\n<a href=\"\/2001\/12\/09\/the-war-on-terrorism-us-terrorismusbekaempfung-und-nationale-sicherheit\/\"><b>US-Terrorismusbek\u00e4mpfung und &#8222;Nationale Sicherheit&#8220; <\/b><\/a><br \/>\nAlbrecht Funk<\/p>\n<p><b><a href=\"https:\/\/www.cilip.de\/2001\/11\/29\/polizeiliche-todesschuesse-2000\/\">Polizeiliche Todessch\u00fcsse 2000<\/a> <\/b><br \/>\nOtto Diederichs<br \/>\n<a href=\"https:\/\/www.cilip.de\/2001\/12\/27\/der-weiche-unterleib-das-grenzkontrollregime-an-der-meerenge-von-otranto\/\"><b>Grenzkontrollregime Italien-Albanien<\/b><\/a><br \/>\nDerek Lutterbeck<br \/>\n<a href=\"\/2001\/12\/26\/kein-erfolg-fuer-die-mannstopper-im-ordentlichen-polizeidienst-bleibt-die-schweiz-bei-vollmantelmunition\/\"><b>Keine Deformationsmunition in der Schweiz<\/b><\/a><br \/>\nCatherine Weber<\/p>\n<p><b>Inland aktuell <\/b><br \/>\n<b>Meldungen aus Europa<\/b><br \/>\n<a href=\"\/2001\/12\/09\/chronologie\/\"><b>Chronologie<\/b><\/a><br \/>\nPetra Schmittner<br \/>\n<a href=\"\/2001\/12\/09\/literatur\/\"><b>Literatur<\/b><\/a><br \/>\n<a href=\"\/2001\/12\/09\/summaries-35\/\"><b>Summaries<\/b><\/a><br \/>\n<b>Zusammenfassungen<\/b><\/p>\n","protected":false},"excerpt":{"rendered":"<p>Download der Gesamtausgabe als PDF Editorial: Erm\u00e4chtigungsgesetze Wolf-Dieter Narr Mit Schily in den \u00dcberwachungsstaat Katina<\/p>\n","protected":false},"author":3,"featured_media":0,"parent":359,"menu_order":0,"comment_status":"closed","ping_status":"open","template":"page-templates\/full-width.php","meta":{"footnotes":""},"class_list":["post-406","page","type-page","status-publish","hentry"],"_links":{"self":[{"href":"https:\/\/wp-dev.daten.cool\/index.php?rest_route=\/wp\/v2\/pages\/406","targetHints":{"allow":["GET"]}}],"collection":[{"href":"https:\/\/wp-dev.daten.cool\/index.php?rest_route=\/wp\/v2\/pages"}],"about":[{"href":"https:\/\/wp-dev.daten.cool\/index.php?rest_route=\/wp\/v2\/types\/page"}],"author":[{"embeddable":true,"href":"https:\/\/wp-dev.daten.cool\/index.php?rest_route=\/wp\/v2\/users\/3"}],"replies":[{"embeddable":true,"href":"https:\/\/wp-dev.daten.cool\/index.php?rest_route=%2Fwp%2Fv2%2Fcomments&post=406"}],"version-history":[{"count":0,"href":"https:\/\/wp-dev.daten.cool\/index.php?rest_route=\/wp\/v2\/pages\/406\/revisions"}],"up":[{"embeddable":true,"href":"https:\/\/wp-dev.daten.cool\/index.php?rest_route=\/wp\/v2\/pages\/359"}],"wp:attachment":[{"href":"https:\/\/wp-dev.daten.cool\/index.php?rest_route=%2Fwp%2Fv2%2Fmedia&parent=406"}],"curies":[{"name":"wp","href":"https:\/\/api.w.org\/{rel}","templated":true}]}}