{"id":4385,"date":"2015-03-01T16:45:27","date_gmt":"2015-03-01T16:45:27","guid":{"rendered":"http:\/\/www.cilip.de\/?page_id=4385"},"modified":"2015-03-01T16:45:27","modified_gmt":"2015-03-01T16:45:27","slug":"1980-2","status":"publish","type":"page","link":"https:\/\/wp-dev.daten.cool\/?page_id=4385","title":{"rendered":"1980"},"content":{"rendered":"<table>\n<tbody>\n<tr>\n<td><img decoding=\"async\" src=\"\/wp-content\/uploads\/2024\/05\/CILIP_007_medium.png\" alt=\"CILIP_007\" \/><\/td>\n<td><a href=\"\/zeitschrift\/1978-1984\/1980-2\/7-1980\/\">7 (3\/1980)<\/a> Zivilfahnder und Verh\u00e4ltnism\u00e4\u00dfigkeitsprinzip; Polizeiliche Auftragsforschung; Franz\u00f6sische Polizei<\/td>\n<\/tr>\n<tr>\n<td><img decoding=\"async\" src=\"\/wp-content\/uploads\/2024\/05\/CILIP_006_medium.png\" alt=\"CILIP_006\" \/><\/td>\n<td><a href=\"\/zeitschrift\/1978-1984\/1980-2\/6-1980\/\">6 (2\/1980)<\/a> Polizei\u00fcbergriffe und Rechtsverletzungen in Kanada; Rasterfahndung; Initiativen zur Kontrolle der Polizei<\/td>\n<\/tr>\n<tr>\n<td><img decoding=\"async\" src=\"\/wp-content\/uploads\/2024\/05\/CILIP_005_medium.png\" alt=\"CILIP_005\" \/><\/td>\n<td><a href=\"\/zeitschrift\/1978-1984\/1980-2\/5-1980\/\">5 (1\/1980)<\/a> Verfassungsschutzaktivit\u00e4ten im betrieblichen und gewerkschaftlichen Bereich; Datenschutz-Datenkommunikation zwischen Meldebeh\u00f6rden und Polizei; britische Rolle bei der Weitergabe von Repressionstechnologie an L\u00e4nder der Dritten Welt<\/td>\n<\/tr>\n<\/tbody>\n<\/table>\n","protected":false},"excerpt":{"rendered":"<p>7 (3\/1980) Zivilfahnder und Verh\u00e4ltnism\u00e4\u00dfigkeitsprinzip; Polizeiliche Auftragsforschung; Franz\u00f6sische Polizei 6 (2\/1980) Polizei\u00fcbergriffe und Rechtsverletzungen in<\/p>\n","protected":false},"author":2,"featured_media":0,"parent":542,"menu_order":0,"comment_status":"closed","ping_status":"open","template":"","meta":{"footnotes":""},"class_list":["post-4385","page","type-page","status-publish","hentry"],"_links":{"self":[{"href":"https:\/\/wp-dev.daten.cool\/index.php?rest_route=\/wp\/v2\/pages\/4385","targetHints":{"allow":["GET"]}}],"collection":[{"href":"https:\/\/wp-dev.daten.cool\/index.php?rest_route=\/wp\/v2\/pages"}],"about":[{"href":"https:\/\/wp-dev.daten.cool\/index.php?rest_route=\/wp\/v2\/types\/page"}],"author":[{"embeddable":true,"href":"https:\/\/wp-dev.daten.cool\/index.php?rest_route=\/wp\/v2\/users\/2"}],"replies":[{"embeddable":true,"href":"https:\/\/wp-dev.daten.cool\/index.php?rest_route=%2Fwp%2Fv2%2Fcomments&post=4385"}],"version-history":[{"count":0,"href":"https:\/\/wp-dev.daten.cool\/index.php?rest_route=\/wp\/v2\/pages\/4385\/revisions"}],"up":[{"embeddable":true,"href":"https:\/\/wp-dev.daten.cool\/index.php?rest_route=\/wp\/v2\/pages\/542"}],"wp:attachment":[{"href":"https:\/\/wp-dev.daten.cool\/index.php?rest_route=%2Fwp%2Fv2%2Fmedia&parent=4385"}],"curies":[{"name":"wp","href":"https:\/\/api.w.org\/{rel}","templated":true}]}}