{"id":4387,"date":"2015-03-01T16:45:36","date_gmt":"2015-03-01T16:45:36","guid":{"rendered":"http:\/\/www.cilip.de\/?page_id=4387"},"modified":"2015-03-01T16:45:36","modified_gmt":"2015-03-01T16:45:36","slug":"1979-2","status":"publish","type":"page","link":"https:\/\/wp-dev.daten.cool\/?page_id=4387","title":{"rendered":"1979"},"content":{"rendered":"<table>\n<tbody>\n<tr>\n<td><img decoding=\"async\" src=\"\/wp-content\/uploads\/2024\/05\/CILIP_004_medium.png\" alt=\"CILIP_004\" \/><\/td>\n<td><a href=\"\/zeitschrift\/1978-1984\/1979-2\/4-1979\/\">4 (3\/1979)<\/a> \u00dcbergriffe und Klagen gegen die Polizei; Polizei und Strafproze\u00df in GB; \u00dcberpr\u00fcfung der Geschworenen<\/td>\n<\/tr>\n<tr>\n<td><img decoding=\"async\" src=\"\/wp-content\/uploads\/2024\/05\/CILIP_003_medium.png\" alt=\"CILIP_003\" \/><\/td>\n<td><a href=\"\/zeitschrift\/1978-1984\/1979-2\/3-1979\/\">3 (2\/1979)<\/a> Organisation der belgischen Polizei &#8211; ein historischer \u00dcberblick; polizeiliche Durchdringung des Strafprozesses in der BRD; Kennzeichnung von Polizisten mit Namensschildern?<\/td>\n<\/tr>\n<tr>\n<td><img decoding=\"async\" src=\"\/wp-content\/uploads\/2024\/05\/CILIP_002_medium.png\" alt=\"CILIP_002\" \/><\/td>\n<td><a href=\"\/zeitschrift\/1978-1984\/1979-2\/2-1978\/\">2 (1\/1979)<\/a> Forschungsergebnisse zum t\u00f6dlichen Schu\u00dfwaffengebrauch der Polizei in den USA; Recht auf freien Zugang zu Informationen &#8211; ein Gesetzgebungs\u00fcberblick<\/td>\n<\/tr>\n<\/tbody>\n<\/table>\n","protected":false},"excerpt":{"rendered":"<p>4 (3\/1979) \u00dcbergriffe und Klagen gegen die Polizei; Polizei und Strafproze\u00df in GB; \u00dcberpr\u00fcfung der<\/p>\n","protected":false},"author":2,"featured_media":0,"parent":542,"menu_order":0,"comment_status":"closed","ping_status":"open","template":"","meta":{"footnotes":""},"class_list":["post-4387","page","type-page","status-publish","hentry"],"_links":{"self":[{"href":"https:\/\/wp-dev.daten.cool\/index.php?rest_route=\/wp\/v2\/pages\/4387","targetHints":{"allow":["GET"]}}],"collection":[{"href":"https:\/\/wp-dev.daten.cool\/index.php?rest_route=\/wp\/v2\/pages"}],"about":[{"href":"https:\/\/wp-dev.daten.cool\/index.php?rest_route=\/wp\/v2\/types\/page"}],"author":[{"embeddable":true,"href":"https:\/\/wp-dev.daten.cool\/index.php?rest_route=\/wp\/v2\/users\/2"}],"replies":[{"embeddable":true,"href":"https:\/\/wp-dev.daten.cool\/index.php?rest_route=%2Fwp%2Fv2%2Fcomments&post=4387"}],"version-history":[{"count":0,"href":"https:\/\/wp-dev.daten.cool\/index.php?rest_route=\/wp\/v2\/pages\/4387\/revisions"}],"up":[{"embeddable":true,"href":"https:\/\/wp-dev.daten.cool\/index.php?rest_route=\/wp\/v2\/pages\/542"}],"wp:attachment":[{"href":"https:\/\/wp-dev.daten.cool\/index.php?rest_route=%2Fwp%2Fv2%2Fmedia&parent=4387"}],"curies":[{"name":"wp","href":"https:\/\/api.w.org\/{rel}","templated":true}]}}