{"id":4389,"date":"2015-03-01T16:45:45","date_gmt":"2015-03-01T16:45:45","guid":{"rendered":"http:\/\/www.cilip.de\/?page_id=4389"},"modified":"2015-03-01T16:45:45","modified_gmt":"2015-03-01T16:45:45","slug":"1978-2","status":"publish","type":"page","link":"https:\/\/wp-dev.daten.cool\/?page_id=4389","title":{"rendered":"1978"},"content":{"rendered":"<table>\n<tbody>\n<tr>\n<td><img decoding=\"async\" src=\"\/wp-content\/uploads\/2024\/05\/CILIP_001_medium.png\" alt=\"CILIP_001\" \/><\/td>\n<td><a href=\"http:\/\/www.cilip.de\/zeitschrift\/1978-1995\/1-1978\/\">1\/1978<\/a> Polizeiliches Schu\u00dfwaffengebrauchsrecht in Westeuropa; Anti-Terrorismusgesetzgebung in Westeuropa; Daten zur Entwicklung der norwegischen Polizei<\/td>\n<\/tr>\n<tr>\n<td><img decoding=\"async\" src=\"\/wp-content\/uploads\/2024\/05\/CILIP_000_medium.png\" alt=\"Cilip_0\" \/><\/td>\n<td><a href=\"\/zeitschrift1978-1995\/0-1978\/\">0\/1978<\/a> Polizeiforschung, Strukturdaten der Polizeientwicklung in Westeuropa, Gesetze f\u00fcr ein neues Polizeikonzept, Kalkar 1977, Polizeihilfe f\u00fcr \u00c4thiopien, Polizei in Europa, Kontrolle der Polizei<\/td>\n<\/tr>\n<\/tbody>\n<\/table>\n","protected":false},"excerpt":{"rendered":"<p>1\/1978 Polizeiliches Schu\u00dfwaffengebrauchsrecht in Westeuropa; Anti-Terrorismusgesetzgebung in Westeuropa; Daten zur Entwicklung der norwegischen Polizei 0\/1978<\/p>\n","protected":false},"author":2,"featured_media":0,"parent":542,"menu_order":0,"comment_status":"closed","ping_status":"open","template":"","meta":{"footnotes":""},"class_list":["post-4389","page","type-page","status-publish","hentry"],"_links":{"self":[{"href":"https:\/\/wp-dev.daten.cool\/index.php?rest_route=\/wp\/v2\/pages\/4389","targetHints":{"allow":["GET"]}}],"collection":[{"href":"https:\/\/wp-dev.daten.cool\/index.php?rest_route=\/wp\/v2\/pages"}],"about":[{"href":"https:\/\/wp-dev.daten.cool\/index.php?rest_route=\/wp\/v2\/types\/page"}],"author":[{"embeddable":true,"href":"https:\/\/wp-dev.daten.cool\/index.php?rest_route=\/wp\/v2\/users\/2"}],"replies":[{"embeddable":true,"href":"https:\/\/wp-dev.daten.cool\/index.php?rest_route=%2Fwp%2Fv2%2Fcomments&post=4389"}],"version-history":[{"count":0,"href":"https:\/\/wp-dev.daten.cool\/index.php?rest_route=\/wp\/v2\/pages\/4389\/revisions"}],"up":[{"embeddable":true,"href":"https:\/\/wp-dev.daten.cool\/index.php?rest_route=\/wp\/v2\/pages\/542"}],"wp:attachment":[{"href":"https:\/\/wp-dev.daten.cool\/index.php?rest_route=%2Fwp%2Fv2%2Fmedia&parent=4389"}],"curies":[{"name":"wp","href":"https:\/\/api.w.org\/{rel}","templated":true}]}}