{"id":4392,"date":"2015-03-01T17:23:33","date_gmt":"2015-03-01T17:23:33","guid":{"rendered":"http:\/\/www.cilip.de\/?page_id=4392"},"modified":"2015-03-01T17:23:33","modified_gmt":"2015-03-01T17:23:33","slug":"21-1985","status":"publish","type":"page","link":"https:\/\/wp-dev.daten.cool\/?page_id=4392","title":{"rendered":"21 (2\/1985)"},"content":{"rendered":"<p><img loading=\"lazy\" decoding=\"async\" class=\"alignright size-medium wp-image-22577\" src=\"https:\/\/www.cilip.de\/wp-content\/uploads\/2024\/05\/CILIP_021-211x300.png\" alt=\"\" width=\"211\" height=\"300\" srcset=\"https:\/\/wp-dev.daten.cool\/wp-content\/uploads\/2024\/05\/CILIP_021-211x300.png 211w, https:\/\/wp-dev.daten.cool\/wp-content\/uploads\/2024\/05\/CILIP_021.png 583w\" sizes=\"auto, (max-width: 211px) 100vw, 211px\" \/><a href=\"http:\/\/archiv.cilip.de\/Hefte\/CILIP_021.pdf\">Download der Gesamtausgabe als PDF<\/a><\/p>\n<p><strong>SCHWERPUNKT: NEUE &#8222;SICHERHEITS&#8220;-GESETZE, DOKUMENTATION UND KRITIK<\/strong><\/p>\n<p><strong>EDITORIAL <\/strong><\/p>\n<p><strong>Erm\u00e4chtigungsgesetze in staatssch\u00fctzerischer Absicht<\/strong><br \/>\n<strong>Einige technische Hinweise zu den dokumentierten Materialien<\/strong><\/p>\n<p><strong>I. NEUES POLIZEIRECHT<\/strong><br \/>\nRedaktionelle Stellungnahme zum &#8222;Vorentwurf zur \u00c4nderung<br \/>\ndes Musterentwurfs eines einheitlichen Polizeigesetzes des Bundes und der L\u00e4nder: Fassung vom 8-2-1985<br \/>\nDOKUMENTATION:<br \/>\nVorentwurf zur \u00c4nderung des Musterentwurfs eines einheitlichen Polizeigesetzes des Bundes und der L\u00e4nder gem\u00e4\u00df Beschlu\u00df der Innenministerkonferenz (Stand: 8.2.1985) (mit Begr\u00fcndung)<\/p>\n<p><strong>II. NEUE GEHEIMDIENSTGESETZE<br \/>\n<\/strong>Redaktionelle Stellungnahme zum Vor-Entwurf eines &#8222;Gesetzes \u00fcber die Zusammenarbeit des Bundes und der L\u00e4nder in Angelegenheiten des Verfassungsschutzes und \u00fcber das Bundes- amt f\u00fcr Verfassungsschutz&#8220; (BVerfSchG)<br \/>\nDOKUMENTATION:<br \/>\nVor-Entwurf Gesetz \u00fcber die Zusammenarbeit des Bundes und der L\u00e4nder in Angelegenheiten des Verfassungsschutzes und \u00fcber das Bundesamt f\u00fcr Verfassungsschutz (Bundesverfassungsschutzgesetz &#8211; BVerfSchG) v. 4.9.1985 mit Begr\u00fcndung v. 14.3.1985<br \/>\nRedaktionelle Stellungnahme zum Entwurf eines &#8222;Gesetzes \u00fcber den Milit\u00e4rischen Abschirmdienst&#8220;<br \/>\nDOKUMENTATION:<br \/>\nEntwurf eines Gesetzes \u00fcber den Milit\u00e4rischen Abschirmdienst (MAD-Gesetz &#8211; MADG -) vom 29-8-1985 mit Begr\u00fcndung vom 8.3.1985<br \/>\nBrauchen wir den Verfassungsschutz? Ein Gastkommentar<br \/>\nEggert Schwan<\/p>\n<p><strong>III. &#8222;AMTSHILFE-GESETZ&#8220;: ZUSAMMENARBEITSGESETZ (ZAG)<br \/>\n<\/strong>Redaktionelle Stellungnahme zum ZAG, Fassung vom 22-6-1985<br \/>\nDOKUMENTATION:<br \/>\nVor-Entwurf eines Gesetzes \u00fcber die informationelle Zusammenarbeit der Sicherheitsbeh\u00f6rden des Bundes und der L\u00e4nder in Angelegenheiten des Staats- und Verfassungsschutzes (Zusammenarbeitsgesetz AG) vom 22.6.1985<\/p>\n<p><strong>IV. BUNDESDATENSCHUTZGESETZ, NEUFASSUNG<\/strong><br \/>\nRedaktionelle Stellungnahme zum Entwurf eines &#8222;Gesetzes zum Schutz personenbezogener Daten&#8220;, CDU\/CSU-Entwurf, Fassung vom 14.5.1985<br \/>\nDOKUMENTATION:<br \/>\nEntwurf eines Gesetzes zum Schutz personenbezogener Daten, Fassung vom 14.5.i985 (Ausz\u00fcge)<\/p>\n<p><strong>V. ERG\u00c4NZENDE MATERIALIEN<\/strong><br \/>\nVolksz\u00e4hlungsurteil des Bundesverfassungsgerichts (Ausz\u00fcge)<br \/>\nEntwurf eines F\u00fcnften Gesetzes zur \u00c4nderung des Gesetzes \u00fcber Personalausweise vom 23.10.1984i<br \/>\nEntwurf eines Pa\u00dfgesetzes vom 7.5.1985 (Ausz\u00fcge)<br \/>\nGesetz zur Beschr\u00e4nkung des Brief-, Post- und Fernmeldegeheimnisses(Gesetz zu Artikel 10 Grundgesetz) (G 10) vom 13. August 1968 (Fass. v. 13.9.1978)<br \/>\nGerichtsverfassungsgesetz (GVG)<br \/>\nStrafproze\u00dfordnung, \u00a7 100<br \/>\n&#8222;Polizeibrief&#8220; der Milit\u00e4rgouverneure an den Pr\u00e4sidenten des Parlamentarischen Rates vom 14. April 1949<\/p>\n<p><strong>VI. LITERATURHINWEISE<\/strong><\/p>\n<p><strong>VII. SUMMARY<\/strong><\/p>\n<p><strong>VIII. DAS ALLERLETZTE<\/strong><\/p>\n","protected":false},"excerpt":{"rendered":"<p>Download der Gesamtausgabe als PDF SCHWERPUNKT: NEUE &#8222;SICHERHEITS&#8220;-GESETZE, DOKUMENTATION UND KRITIK EDITORIAL Erm\u00e4chtigungsgesetze in staatssch\u00fctzerischer<\/p>\n","protected":false},"author":2,"featured_media":0,"parent":3603,"menu_order":0,"comment_status":"closed","ping_status":"open","template":"page-templates\/full-width.php","meta":{"footnotes":""},"class_list":["post-4392","page","type-page","status-publish","hentry"],"_links":{"self":[{"href":"https:\/\/wp-dev.daten.cool\/index.php?rest_route=\/wp\/v2\/pages\/4392","targetHints":{"allow":["GET"]}}],"collection":[{"href":"https:\/\/wp-dev.daten.cool\/index.php?rest_route=\/wp\/v2\/pages"}],"about":[{"href":"https:\/\/wp-dev.daten.cool\/index.php?rest_route=\/wp\/v2\/types\/page"}],"author":[{"embeddable":true,"href":"https:\/\/wp-dev.daten.cool\/index.php?rest_route=\/wp\/v2\/users\/2"}],"replies":[{"embeddable":true,"href":"https:\/\/wp-dev.daten.cool\/index.php?rest_route=%2Fwp%2Fv2%2Fcomments&post=4392"}],"version-history":[{"count":0,"href":"https:\/\/wp-dev.daten.cool\/index.php?rest_route=\/wp\/v2\/pages\/4392\/revisions"}],"up":[{"embeddable":true,"href":"https:\/\/wp-dev.daten.cool\/index.php?rest_route=\/wp\/v2\/pages\/3603"}],"wp:attachment":[{"href":"https:\/\/wp-dev.daten.cool\/index.php?rest_route=%2Fwp%2Fv2%2Fmedia&parent=4392"}],"curies":[{"name":"wp","href":"https:\/\/api.w.org\/{rel}","templated":true}]}}