{"id":4423,"date":"2015-03-01T18:04:28","date_gmt":"2015-03-01T18:04:28","guid":{"rendered":"http:\/\/www.cilip.de\/?page_id=4423"},"modified":"2015-03-01T18:04:28","modified_gmt":"2015-03-01T18:04:28","slug":"29-1988","status":"publish","type":"page","link":"https:\/\/wp-dev.daten.cool\/?page_id=4423","title":{"rendered":"29 (1\/1988)"},"content":{"rendered":"<p><img loading=\"lazy\" decoding=\"async\" class=\"alignright size-medium wp-image-22585\" src=\"https:\/\/www.cilip.de\/wp-content\/uploads\/2024\/05\/CILIP_029-209x300.png\" alt=\"\" width=\"209\" height=\"300\" srcset=\"https:\/\/wp-dev.daten.cool\/wp-content\/uploads\/2024\/05\/CILIP_029-209x300.png 209w, https:\/\/wp-dev.daten.cool\/wp-content\/uploads\/2024\/05\/CILIP_029.png 560w\" sizes=\"auto, (max-width: 209px) 100vw, 209px\" \/><a href=\"http:\/\/archiv.cilip.de\/Hefte\/CILIP_029.pdf\">Download der Gesamtausgabe als PDF<\/a><\/p>\n<p><strong>Amtsenthebung f\u00fcr Prof. Eggert Schwan?<br \/>\nEditorial: &#8222;Sicherheitsgesetze&#8220; &#8211; ein neuer Anlauf<\/strong><\/p>\n<p><strong>1. Datenfreigabe im &#8222;Sicherheitsbereich&#8220;<\/strong><br \/>\n<strong>Dokumentation: Entwurf Bundesverfassungsschutz-Gesetz vom 19.1 1.1987<\/strong><br \/>\n<strong>Stellungnahme zum Entwurf BVerfSchG<\/strong><br \/>\n<strong>Dokumentation: Entwurf Verfassungsschutzmitteilungsgesetz vom 2.1 1 .I987<\/strong><br \/>\n<strong>Stellungnahme zum Entwurf VerfSchMiG<\/strong><br \/>\n<strong>Dokumentation: Entwurf Justizmitteilungsgesetz vom 8.9.1986<\/strong><br \/>\n<strong>Stellungnahme zum Justizmitteilungsgesetz<\/strong><br \/>\n<strong>Dokumentation: Arbeitsentwurf eines Gesetzes zur Regelung der rechtlichen Grundlagen f\u00fcr Fahndungsma\u00dfnahmen, Fahndungshilfsmittel &#8230; im Strafverfahren vom 31.7.1986 und<\/strong><br \/>\n<strong>Dokumentation: Erg\u00e4nzung des Arbeitsentwurfs vom 31.7.1986 durch &#8222;Allgemeine Bestimmungen \u00fcber die Speicherung, Verwendung und \u00dcbermittlung personenbezogener Daten durch die Strafverfolgungsbeh\u00f6rden&#8220; vom 16.7.1987<\/strong><br \/>\n<strong>Stellungnahme zum Arbeitsentwurf vom 31.7.1986 und zum Erg\u00e4nzungsentwurf vom 16.7.1987<\/strong><br \/>\n<strong>Dokumentation: Entwurf Bundesdatenschutz-Gesetz (Ausz\u00fcge) vom 5.1 1.1987<\/strong><br \/>\n<strong>Stellungnahme zum Entwurf BDSG<\/strong><br \/>\n<strong>Dokumentation: Sicherheitsrichtlinien v. 11.11.1987<\/strong><br \/>\n<strong>Anmerkungen zu den Sicherheitsrichtlinien<\/strong><\/p>\n<p><strong>2. Grundrechtsfreigabe durch Gesetzes-Artikel<\/strong><\/p>\n<p><strong>Dokumentation: Entwurf des Gesetzes zur \u00c4nderung des StGB, der StPO und des VersG und zur Einf\u00fchrung einer Kronzeugenregelung (Artikelgesetz-Entwurf vom 23.1 2.1 987)<\/strong><br \/>\n<strong>Stellungnahme zum Artikelgesetz<\/strong><br \/>\n<strong>1. Zensur durch politisches Strafrecht<\/strong><br \/>\n<strong>2. Demonstrationsrecht<\/strong><br \/>\n<strong>3. Die Kronzeugenregelung<\/strong><\/p>\n<p><strong>3. Materialien<\/strong><br \/>\n<strong>Anschriften der Datenschutzbeauftragten<\/strong><br \/>\n<strong>Dokumentation: Musterentwurf Polizeigesetz der IMK, Fassung vom 12.3.1986<\/strong><br \/>\n<strong>Entschlie\u00dfung der Konferenz der Datenschutzbeauftragten vom 18.4.1986 zur \u00c4nderung des Bundes-VfSchG<\/strong><\/p>\n<p><strong>4. Literatur<br \/>\nChronologie der Ereignisse<br \/>\nSummary<\/strong><\/p>\n","protected":false},"excerpt":{"rendered":"<p>Download der Gesamtausgabe als PDF Amtsenthebung f\u00fcr Prof. Eggert Schwan? Editorial: &#8222;Sicherheitsgesetze&#8220; &#8211; ein neuer<\/p>\n","protected":false},"author":2,"featured_media":0,"parent":3597,"menu_order":0,"comment_status":"closed","ping_status":"open","template":"page-templates\/full-width.php","meta":{"footnotes":""},"class_list":["post-4423","page","type-page","status-publish","hentry"],"_links":{"self":[{"href":"https:\/\/wp-dev.daten.cool\/index.php?rest_route=\/wp\/v2\/pages\/4423","targetHints":{"allow":["GET"]}}],"collection":[{"href":"https:\/\/wp-dev.daten.cool\/index.php?rest_route=\/wp\/v2\/pages"}],"about":[{"href":"https:\/\/wp-dev.daten.cool\/index.php?rest_route=\/wp\/v2\/types\/page"}],"author":[{"embeddable":true,"href":"https:\/\/wp-dev.daten.cool\/index.php?rest_route=\/wp\/v2\/users\/2"}],"replies":[{"embeddable":true,"href":"https:\/\/wp-dev.daten.cool\/index.php?rest_route=%2Fwp%2Fv2%2Fcomments&post=4423"}],"version-history":[{"count":0,"href":"https:\/\/wp-dev.daten.cool\/index.php?rest_route=\/wp\/v2\/pages\/4423\/revisions"}],"up":[{"embeddable":true,"href":"https:\/\/wp-dev.daten.cool\/index.php?rest_route=\/wp\/v2\/pages\/3597"}],"wp:attachment":[{"href":"https:\/\/wp-dev.daten.cool\/index.php?rest_route=%2Fwp%2Fv2%2Fmedia&parent=4423"}],"curies":[{"name":"wp","href":"https:\/\/api.w.org\/{rel}","templated":true}]}}