{"id":4644,"date":"2015-03-05T22:08:53","date_gmt":"2015-03-05T22:08:53","guid":{"rendered":"http:\/\/www.cilip.de\/?page_id=4644"},"modified":"2015-03-05T22:08:53","modified_gmt":"2015-03-05T22:08:53","slug":"einzelhefte","status":"publish","type":"page","link":"https:\/\/wp-dev.daten.cool\/?page_id=4644","title":{"rendered":"Einzelhefte"},"content":{"rendered":"<p>Bitte die gew\u00fcnschten CILIP-Hefte ausw\u00e4hlen.<\/p>\n<p><strong>Angezeigt werden nur die noch lieferbaren Exemplare!<br \/>\nS\u00e4mtliche anderen stehen online; der Downloadlink findet sich im jeweiligen Inhaltsverzeichnis.<br \/>\n<\/strong><\/p>\n<p>Bei Auslandssendungen berechnen wir Porto von 3,70 \u20ac, bei mehreren Heften oder Luftpostsendungen einen entsprechend h\u00f6heren Betrag. Alle Preise inkl. 7% MwSt.).<\/p>\n<p>Bestellte Hefte werden per Post zugesandt. Die mitgeschickte Rechnung kann per \u00dcberweisung oder mit einem Verrechnungsscheck bezahlt werden.<\/p>\n<p>Die Lieferzeit betr\u00e4gt maximal 14 Werktage.<\/p>\n<p>[contact-form-7 id=&#8220;4643&#8243; title=&#8220;Einzelheft&#8220;]<\/p>\n<p><strong>Oder per Post an: <\/strong><\/p>\n<p>Institut f\u00fcr B\u00fcrgerrechte &amp; \u00f6ffentliche Sicherheit e.V.<br \/>\nc\/o Juristische Fakult\u00e4t<br \/>\nHumboldt-Universit\u00e4t zu Berlin<br \/>\nUnter den Linden 6<br \/>\n10099 Berlin (Germany)<\/p>\n<p>Werden Kopien von einzelnen Ausgaben oder Aufs\u00e4tzen ben\u00f6tigt, schicken Sie uns bitte eine Nachricht.<\/p>\n<p>Ein Abonnement kann hier \u00fcber unser <a href=\"https:\/\/cilip.de\/zeitschrift-bestellen\/abonnement\/\">Online-Formular<\/a> bestellt werden.<\/p>\n","protected":false},"excerpt":{"rendered":"<p>Bitte die gew\u00fcnschten CILIP-Hefte ausw\u00e4hlen. Angezeigt werden nur die noch lieferbaren Exemplare! S\u00e4mtliche anderen stehen<\/p>\n","protected":false},"author":2,"featured_media":0,"parent":97,"menu_order":1,"comment_status":"closed","ping_status":"open","template":"page-templates\/full-width.php","meta":{"footnotes":""},"class_list":["post-4644","page","type-page","status-publish","hentry"],"_links":{"self":[{"href":"https:\/\/wp-dev.daten.cool\/index.php?rest_route=\/wp\/v2\/pages\/4644","targetHints":{"allow":["GET"]}}],"collection":[{"href":"https:\/\/wp-dev.daten.cool\/index.php?rest_route=\/wp\/v2\/pages"}],"about":[{"href":"https:\/\/wp-dev.daten.cool\/index.php?rest_route=\/wp\/v2\/types\/page"}],"author":[{"embeddable":true,"href":"https:\/\/wp-dev.daten.cool\/index.php?rest_route=\/wp\/v2\/users\/2"}],"replies":[{"embeddable":true,"href":"https:\/\/wp-dev.daten.cool\/index.php?rest_route=%2Fwp%2Fv2%2Fcomments&post=4644"}],"version-history":[{"count":0,"href":"https:\/\/wp-dev.daten.cool\/index.php?rest_route=\/wp\/v2\/pages\/4644\/revisions"}],"up":[{"embeddable":true,"href":"https:\/\/wp-dev.daten.cool\/index.php?rest_route=\/wp\/v2\/pages\/97"}],"wp:attachment":[{"href":"https:\/\/wp-dev.daten.cool\/index.php?rest_route=%2Fwp%2Fv2%2Fmedia&parent=4644"}],"curies":[{"name":"wp","href":"https:\/\/api.w.org\/{rel}","templated":true}]}}