{"id":490,"date":"2015-02-04T23:56:30","date_gmt":"2015-02-04T23:56:30","guid":{"rendered":"http:\/\/www.cilip.de\/?page_id=490"},"modified":"2015-02-04T23:56:30","modified_gmt":"2015-02-04T23:56:30","slug":"61-1998","status":"publish","type":"page","link":"https:\/\/wp-dev.daten.cool\/?page_id=490","title":{"rendered":"61 (3\/1998) \u00dcberwachungstechnologien II"},"content":{"rendered":"<p><img loading=\"lazy\" decoding=\"async\" class=\"alignright size-medium wp-image-22554\" src=\"https:\/\/www.cilip.de\/wp-content\/uploads\/2024\/05\/CILIP_061-211x300.png\" alt=\"\" width=\"211\" height=\"300\" srcset=\"https:\/\/wp-dev.daten.cool\/wp-content\/uploads\/2024\/05\/CILIP_061-211x300.png 211w, https:\/\/wp-dev.daten.cool\/wp-content\/uploads\/2024\/05\/CILIP_061.png 583w\" sizes=\"auto, (max-width: 211px) 100vw, 211px\" \/><a href=\"http:\/\/archiv.cilip.de\/Hefte\/CILIP_061.pdf\">Download der Gesamtausgabe als PDF<\/a><\/p>\n<p><a href=\"\/1998\/12\/20\/redaktionelle-vorbemerkung-4\/\"><b>Redaktionelle Vorbemerkung<\/b><\/a><br \/>\nHeiner Busch<br \/>\n<b><\/b><\/p>\n<p><a href=\"\/1998\/12\/20\/dna-analyse-und-dna-datenbanken-der-genetische-fingerabdruck-eine-erstaunliche-karriere\/\"><b>DNA-Analyse und DNA-Datenbanken<\/b><\/a><br \/>\nDetlef Nogala<br \/>\n<a href=\"\/1998\/12\/20\/das-arsenal-des-grossen-bruders-im-land-der-freiheit-ueberwachungstechnologien-in-den-vereinigten-staaten\/\"><b>\u00dcberwachungstechnologien in den Vereinigten Staaten<\/b><\/a><br \/>\nDavid Banisar<br \/>\n<a href=\"\/1998\/12\/20\/smile-you-re-on-camera-flaechendeckende-videoueberwachung-in-grossbritannien\/\"><b>Fl\u00e4chendeckende Video\u00fcberwachung in Gro\u00dfbritannien<\/b><\/a><br \/>\nClive Norris und Gary Armstrong<br \/>\n<a href=\"\/1998\/12\/20\/big-brothers-oscars-privacy-international\/\"><b>\u2018Big-Brothers\u2019-Oscars<\/b><\/a><br \/>\n<a href=\"\/1998\/12\/20\/auf-dem-weg-zum-globalen-ueberwachungsstaat-ergebnisse-eines-berichts-fuer-das-europaeische-parlament\/\"><b>Auf dem Weg zum globalen \u00dcberwachungsstaat<\/b><\/a><br \/>\nSteve Wright<br \/>\n<a href=\"\/1998\/12\/20\/tecs-europols-computersysteme-zwischenloesung-geht-in-betrieb\/\"><b>TECS \u2013 Europols Computersysteme<\/b><\/a><br \/>\nHeiner Busch<br \/>\n<a href=\"\/1998\/12\/20\/freiheit-oder-sicherheit-demokratische-kontrolle-polizeilicher-ueberwachung-ein-beitrag-aus-franzoesischer-sicht\/\"><b>Freiheit oder Sicherheit?<\/b><\/a><br \/>\nFr\u00e9d\u00e9ric Ocqueteau<\/p>\n<p><a href=\"\/1998\/12\/20\/rot-gruene-politik-innerer-sicherheit-fortsetzung-der-alten-politik-mit-anderen-personen\/\"><b>Rot-gr\u00fcne Politik \u2018Innerer Sicherheit\u2019<\/b><\/a><br \/>\nMartina Kant und Norbert P\u00fctter<br \/>\n<a href=\"\/1998\/12\/20\/beweissicherungs-und-festnahmeeinheit-thueringen-ein-wichtiger-faktor-zur-gewaehrleistung-der-inneren-sicherheit\/\"><b>Beweissicherungs- und Festnahmeeinheit in Th\u00fcringen<\/b><\/a><br \/>\nChristoph Ellinghaus<br \/>\n<a href=\"\/1998\/12\/20\/polizeilicher-schusswaffengebrauch-in-frankreich-vertrauliche-dokumente-und-polemische-auseinandersetzungen\/\"><b>Polizeilicher Schu\u00dfwaffengebrauch in Frankreich<\/b><\/a><br \/>\nFabien Jobard<\/p>\n<p><a href=\"\/1998\/12\/20\/chronologie-10\/\"><b>Chronologie<\/b><\/a><br \/>\nSimone Breddermann und Katharina Kempfer<br \/>\n<a href=\"\/1998\/12\/20\/literatur-9\/\"><b>Literatur<\/b><\/a><br \/>\n<a href=\"\/1998\/12\/20\/summaries-44\/\"><b>Summaries<\/b><\/a><\/p>\n","protected":false},"excerpt":{"rendered":"<p>Download der Gesamtausgabe als PDF Redaktionelle Vorbemerkung Heiner Busch DNA-Analyse und DNA-Datenbanken Detlef Nogala \u00dcberwachungstechnologien<\/p>\n","protected":false},"author":3,"featured_media":0,"parent":2012,"menu_order":0,"comment_status":"closed","ping_status":"open","template":"page-templates\/full-width.php","meta":{"footnotes":""},"class_list":["post-490","page","type-page","status-publish","hentry"],"_links":{"self":[{"href":"https:\/\/wp-dev.daten.cool\/index.php?rest_route=\/wp\/v2\/pages\/490","targetHints":{"allow":["GET"]}}],"collection":[{"href":"https:\/\/wp-dev.daten.cool\/index.php?rest_route=\/wp\/v2\/pages"}],"about":[{"href":"https:\/\/wp-dev.daten.cool\/index.php?rest_route=\/wp\/v2\/types\/page"}],"author":[{"embeddable":true,"href":"https:\/\/wp-dev.daten.cool\/index.php?rest_route=\/wp\/v2\/users\/3"}],"replies":[{"embeddable":true,"href":"https:\/\/wp-dev.daten.cool\/index.php?rest_route=%2Fwp%2Fv2%2Fcomments&post=490"}],"version-history":[{"count":0,"href":"https:\/\/wp-dev.daten.cool\/index.php?rest_route=\/wp\/v2\/pages\/490\/revisions"}],"up":[{"embeddable":true,"href":"https:\/\/wp-dev.daten.cool\/index.php?rest_route=\/wp\/v2\/pages\/2012"}],"wp:attachment":[{"href":"https:\/\/wp-dev.daten.cool\/index.php?rest_route=%2Fwp%2Fv2%2Fmedia&parent=490"}],"curies":[{"name":"wp","href":"https:\/\/api.w.org\/{rel}","templated":true}]}}