{"id":516,"date":"2015-02-05T00:15:06","date_gmt":"2015-02-05T00:15:06","guid":{"rendered":"http:\/\/www.cilip.de\/?page_id=516"},"modified":"2015-02-05T00:15:06","modified_gmt":"2015-02-05T00:15:06","slug":"55-1996","status":"publish","type":"page","link":"https:\/\/wp-dev.daten.cool\/?page_id=516","title":{"rendered":"55 (3\/1996) Polizeientwicklung und B\u00fcrgerrechte in Mittel- und Osteuropa"},"content":{"rendered":"<p><img loading=\"lazy\" decoding=\"async\" class=\"alignright size-full wp-image-22059\" src=\"https:\/\/www.cilip.de\/wp-content\/uploads\/2024\/05\/CILIP_055_medium.png\" alt=\"\" width=\"211\" height=\"300\" \/><a href=\"http:\/\/archiv.cilip.de\/Hefte\/CILIP_055.pdf\">Download der Gesamtausgabe als PDF<\/a><\/p>\n<p><strong><a href=\"\/1996\/12\/21\/redaktionelle-vorbemerkung-9\/\">Redaktionelle Vorbemerkung<\/a><\/strong><br \/>\nOtto Diederichs<\/p>\n<p><strong><a href=\"\/1996\/12\/21\/probleme-der-polizeientwicklung-in-postsozialistischen-staaten-eine-betrachtung-aus-westlicher-perspektive\/\">Probleme bei der Polizeientwicklung in postkommunistischen Staaten<\/a><\/strong><br \/>\nMike King 6<br \/>\n<strong> <a href=\"\/1996\/12\/21\/polizeientwicklung-und-buergerrechte-in-polen-die-kontrolle-entgleitet\/\">Polizei und B\u00fcrgerrechte in Polen<\/a><\/strong><br \/>\nDorota Rowicka 13<br \/>\n<strong> <a href=\"\/1996\/02\/21\/die-polizei-in-der-republik-tschechien-seit-dem-machtwechsel-1989-veraenderung-durch-kontinuitaet\/\">Die Polizei in der Republik Tschechien seit dem Machtwechsel 1989<\/a><\/strong><br \/>\nMarian Zaj\u00edcek 21<br \/>\n<strong> <a href=\"\/1996\/12\/21\/veraenderungen-in-der-polizeiorganisation-und-arbeit-in-ungarn-ein-erfolgreicher-prozess\/\">Ver\u00e4nderungen in der Polizeiorganisation und -arbeit in Ungarn<\/a><\/strong><br \/>\nDr. L\u00e1szl\u00f3 Salg\u00f3 26<br \/>\n<strong> <a href=\"\/1996\/12\/21\/buergerrechte-und-polizei-in-ungarn-seit-1989-haetten-sie-die-guete-gehabt-eine-revolution-zu-machen\/\">B\u00fcrgerrechte und Polizei in Ungarn seit 1989<\/a><\/strong><br \/>\nIstv\u00e1n Szikinger 34<br \/>\n<strong> <a href=\"\/1996\/12\/21\/polizeihilfe-fuer-die-polizeien-in-mittel-und-osteuropa-die-helfer-helfen-sich-selbst\/\">Polizeihilfe f\u00fcr die Polizeien in Mittel- und Osteuropa<\/a><\/strong><br \/>\nHeiner Busch 47<\/p>\n<p><strong><a href=\"\/1996\/12\/21\/polizeitransformation-als-buergerrechtliches-problem-erfahrungen-aus-zwei-deutschen-systemveraenderungen\/\">Polizeitransformation als b\u00fcrgerrechtliches Problem<\/a><\/strong><br \/>\nWolf-Dieter Narr 54<br \/>\n<strong> <a href=\"\/1996\/12\/21\/zwischen-vertragsarbeit-und-organisierter-kriminalitaet-zur-kriminalisierung-der-vietnamesischen-minderheit-in-der-bundesrepublik\/\">Zwischen Vertragsarbeit und organisierter Kriminalit\u00e4t<\/a><\/strong><br \/>\nSabine am Orde 61<br \/>\n<strong> <a href=\"\/1996\/12\/21\/polizei-im-internet-cybercops-im-cyberspace\/\">Polizei im Internet<\/a><\/strong><br \/>\nCarsten Wiegrefe 67<br \/>\n<a href=\"\/1996\/12\/21\/toedlicher-schusswaffeneinsatz-durch-polizeibeamte-1995-eine-notwendige-ergaenzung\/\"><strong> T\u00f6dlicher Schu\u00dfwaffeneinsatz durch Polizeibeamte 1995<\/strong><\/a><br \/>\nOtto Diederichs 72<\/p>\n<p><strong> Chronologie<\/strong><br \/>\nOtto Diederichs<br \/>\n<strong> <a href=\"\/1996\/12\/21\/chronologie-juli-1996\/\">Juli 1996<\/a><\/strong><br \/>\n<strong> <a href=\"\/1996\/12\/21\/chronologie-august-1996\/\">August 1996<\/a><\/strong><br \/>\n<strong> <a href=\"http:\/\/www.cilip.de\/1996\/12\/21\/chronologie-september-1996\/\">September 1996<\/a><\/strong><br \/>\n<strong> <a href=\"\/1996\/12\/21\/chronologie-oktober-1996\/\">Oktober 1996<\/a><\/strong> 76<br \/>\n<strong> <a href=\"\/1996\/12\/21\/literatur-zum-schwerpunkt-2\/\">Literatur zum Schwerpunkt<\/a><\/strong> 87<br \/>\n<strong> <a href=\"\/1996\/12\/21\/neuerscheinungen-3\/\">Neuerscheinungen<\/a><\/strong> 94<br \/>\n<strong> <a title=\"Summaries\" href=\"\/1996\/12\/21\/summaries-49\/\">Summaries<\/a><\/strong><\/p>\n","protected":false},"excerpt":{"rendered":"<p>Download der Gesamtausgabe als PDF Redaktionelle Vorbemerkung Otto Diederichs Probleme bei der Polizeientwicklung in postkommunistischen<\/p>\n","protected":false},"author":3,"featured_media":0,"parent":2016,"menu_order":0,"comment_status":"closed","ping_status":"open","template":"page-templates\/full-width.php","meta":{"footnotes":""},"class_list":["post-516","page","type-page","status-publish","hentry"],"_links":{"self":[{"href":"https:\/\/wp-dev.daten.cool\/index.php?rest_route=\/wp\/v2\/pages\/516","targetHints":{"allow":["GET"]}}],"collection":[{"href":"https:\/\/wp-dev.daten.cool\/index.php?rest_route=\/wp\/v2\/pages"}],"about":[{"href":"https:\/\/wp-dev.daten.cool\/index.php?rest_route=\/wp\/v2\/types\/page"}],"author":[{"embeddable":true,"href":"https:\/\/wp-dev.daten.cool\/index.php?rest_route=\/wp\/v2\/users\/3"}],"replies":[{"embeddable":true,"href":"https:\/\/wp-dev.daten.cool\/index.php?rest_route=%2Fwp%2Fv2%2Fcomments&post=516"}],"version-history":[{"count":0,"href":"https:\/\/wp-dev.daten.cool\/index.php?rest_route=\/wp\/v2\/pages\/516\/revisions"}],"up":[{"embeddable":true,"href":"https:\/\/wp-dev.daten.cool\/index.php?rest_route=\/wp\/v2\/pages\/2016"}],"wp:attachment":[{"href":"https:\/\/wp-dev.daten.cool\/index.php?rest_route=%2Fwp%2Fv2%2Fmedia&parent=516"}],"curies":[{"name":"wp","href":"https:\/\/api.w.org\/{rel}","templated":true}]}}