{"id":523,"date":"2015-02-05T00:21:21","date_gmt":"2015-02-05T00:21:21","guid":{"rendered":"http:\/\/www.cilip.de\/?page_id=523"},"modified":"2015-02-05T00:21:21","modified_gmt":"2015-02-05T00:21:21","slug":"53-1996","status":"publish","type":"page","link":"https:\/\/wp-dev.daten.cool\/?page_id=523","title":{"rendered":"53 (1\/1996) Innere Sicherheit in der EU (Dokumente)"},"content":{"rendered":"<p><img loading=\"lazy\" decoding=\"async\" class=\"alignright size-medium wp-image-22547\" src=\"https:\/\/www.cilip.de\/wp-content\/uploads\/2024\/05\/CILIP_053-211x300.png\" alt=\"\" width=\"211\" height=\"300\" srcset=\"https:\/\/wp-dev.daten.cool\/wp-content\/uploads\/2024\/05\/CILIP_053-211x300.png 211w, https:\/\/wp-dev.daten.cool\/wp-content\/uploads\/2024\/05\/CILIP_053.png 583w\" sizes=\"auto, (max-width: 211px) 100vw, 211px\" \/><a href=\"http:\/\/archiv.cilip.de\/Hefte\/CILIP_053.pdf\">Download der Gesamtausgabe als PDF<\/a><\/p>\n<p><a href=\"\/1996\/02\/24\/redaktionelle-vorbemerkung-16\/\"><strong>Redaktionelle Vorbemerkung<\/strong><\/a><br \/>\nOtto Diederichs 4<\/p>\n<p><strong>Die \u2018Dritte S\u00e4ule\u2019 der Europ\u00e4ischen Union<\/strong><br \/>\nHeiner Busch 6<br \/>\n<strong>Bericht \u00fcber die Funktionsweise des Vertrags \u00fcber die Europ\u00e4ische Union &#8211; (Dokumentation)<\/strong> 14<br \/>\n<a href=\"\/1996\/02\/24\/europol-eigenstaendiger-organismus-mit-zukunft\/\"><strong>EUROPOL<\/strong><\/a><br \/>\nHeiner Busch 21<br \/>\n<a href=\"\/1996\/02\/24\/europol-drogenstelle-arbeitsprogramm\/\"> <strong>EUROPOL-Drogenstelle \u2013 Arbeitsprogramm Januar-Juni 1996 &#8211; (Dokumentation)<\/strong> 30<\/a><br \/>\n<strong>Technische Modernisierung bei Interpol<\/strong><br \/>\nHeiner Busch 37<br \/>\n<a href=\"\/1996\/02\/24\/vorschriften-zu-einer-datenbank-mit-ausgewaehlten-daten-und-direktem-zugriff-der-nzbs-beim-ikpo-interpol-generalsekretariat-in-kraft-getreten-am-1-2-92\/\"> <strong>Vorschriften zu einer Datenbank mit ausgew\u00e4hlten Daten und direktem Zugriff der NZBs beim IKPO-Interpol-Generalsekretariat &#8211; (Dokumentation)<\/strong> 43<\/a><br \/>\n<a href=\"\/1996\/02\/24\/zollkooperation-in-europa-informationssysteme-und-verdeckte-ermittlungen\/\"> <strong>Zollkooperation in Europa<\/strong><\/a><br \/>\nHeiner Busch 47<br \/>\n<a href=\"\/1995\/02\/24\/uebereinkommen-aufgrund-von-artikel-k-3-des-vertrags-ueber-die-europaeische-union-ueber-den-einsatz-der-informationstechnologie-im-zollbereich\/\"> <strong>\u00dcbereinkommen aufgrund Artikel K.3 des Vertrages \u00fcber die Europ\u00e4ische Union \u00fcber den Einsatz der Informationstechnologie im Zollbereich &#8211; (Dokumentation)<\/strong> 54<\/a><br \/>\n<a href=\"\/1996\/02\/24\/asylpolitik-in-der-europaeischen-union-schutz-vor-fluechtlingen\/\"> <strong>Asylpolitik in der Europ\u00e4ischen Union<\/strong><\/a><br \/>\nOlaf Neu\u00dfner 64<\/p>\n<p><a href=\"\/1996\/02\/24\/entschliessung-ueber-mindestgarantien-fuer-asylverfahren\/\"><strong>Entschlie\u00dfung \u00fcber Mindestgarantien f\u00fcr Asylverfahren &#8211; (Dokumentation)<\/strong> 70<\/a><br \/>\n<a href=\"\/1996\/02\/24\/toedlicher-schusswaffeneinsatz-1995\/\"><strong>T\u00f6dlicher Schu\u00dfwaffeneinsatz 1995<\/strong><\/a><br \/>\nOtto Diederichs 76<\/p>\n<p><a href=\"\/1996\/02\/24\/chronologie-21\/\"> <strong>Chronologie<\/strong><\/a><br \/>\nOtto Diederichs 80<br \/>\n<a href=\"\/1996\/02\/21\/literatur-zum-schwerpunkt-3\/\"><b>Literatur<\/b><\/a> 90<br \/>\n<a href=\"\/1996\/02\/21\/summaries-50\/\"><b>Summaries<\/b><\/a><\/p>\n","protected":false},"excerpt":{"rendered":"<p>Download der Gesamtausgabe als PDF Redaktionelle Vorbemerkung Otto Diederichs 4 Die \u2018Dritte S\u00e4ule\u2019 der Europ\u00e4ischen<\/p>\n","protected":false},"author":3,"featured_media":0,"parent":2016,"menu_order":0,"comment_status":"closed","ping_status":"open","template":"page-templates\/full-width.php","meta":{"footnotes":""},"class_list":["post-523","page","type-page","status-publish","hentry"],"_links":{"self":[{"href":"https:\/\/wp-dev.daten.cool\/index.php?rest_route=\/wp\/v2\/pages\/523","targetHints":{"allow":["GET"]}}],"collection":[{"href":"https:\/\/wp-dev.daten.cool\/index.php?rest_route=\/wp\/v2\/pages"}],"about":[{"href":"https:\/\/wp-dev.daten.cool\/index.php?rest_route=\/wp\/v2\/types\/page"}],"author":[{"embeddable":true,"href":"https:\/\/wp-dev.daten.cool\/index.php?rest_route=\/wp\/v2\/users\/3"}],"replies":[{"embeddable":true,"href":"https:\/\/wp-dev.daten.cool\/index.php?rest_route=%2Fwp%2Fv2%2Fcomments&post=523"}],"version-history":[{"count":0,"href":"https:\/\/wp-dev.daten.cool\/index.php?rest_route=\/wp\/v2\/pages\/523\/revisions"}],"up":[{"embeddable":true,"href":"https:\/\/wp-dev.daten.cool\/index.php?rest_route=\/wp\/v2\/pages\/2016"}],"wp:attachment":[{"href":"https:\/\/wp-dev.daten.cool\/index.php?rest_route=%2Fwp%2Fv2%2Fmedia&parent=523"}],"curies":[{"name":"wp","href":"https:\/\/api.w.org\/{rel}","templated":true}]}}