{"id":542,"date":"2015-02-05T00:48:21","date_gmt":"2015-02-05T00:48:21","guid":{"rendered":"http:\/\/www.cilip.de\/?page_id=542"},"modified":"2015-02-05T00:48:21","modified_gmt":"2015-02-05T00:48:21","slug":"1978-1984","status":"publish","type":"page","link":"https:\/\/wp-dev.daten.cool\/?page_id=542","title":{"rendered":"1978 &#8211; 1984"},"content":{"rendered":"<table>\n<tbody>\n<tr>\n<td><img decoding=\"async\" src=\"\/wp-content\/uploads\/2024\/05\/CILIP_019_medium.png\" alt=\"CILIP_019\" \/><\/td>\n<td><a href=\"\/zeitschrift\/1978-1984\/1984-2\/19-1984\/\">19 (3\/1984)<\/a> Polizei &#8211; Schutzmacht im Alltag?; Neuer Musterentwurf eines einheitlichen Polizeigesetzes (Dokumentation)<\/td>\n<\/tr>\n<tr>\n<td><img decoding=\"async\" src=\"\/wp-content\/uploads\/2024\/05\/CILIP_018_medium.png\" alt=\"CILIP_018\" \/><\/td>\n<td><a href=\"\/zeitschrift\/1978-1984\/1984-2\/18-1984\/\">18 (2\/1984)<\/a> Datenschutz und polizeiliche Informationssysteme in GB, NL, BRD<\/td>\n<\/tr>\n<tr>\n<td><img decoding=\"async\" src=\"\/wp-content\/uploads\/2024\/05\/CILIP_017_medium.png\" alt=\"CILIP_017\" \/><\/td>\n<td><a href=\"\/zeitschrift\/1978-1984\/1984-2\/17-1984\/\">17 (1\/1984)<\/a> V-Leute; agents provocateurs<\/td>\n<\/tr>\n<tr>\n<td><img decoding=\"async\" src=\"\/wp-content\/uploads\/2024\/05\/CILIP_016_medium.png\" alt=\"CILIP_016\" \/><\/td>\n<td><a href=\"\/zeitschrift\/1978-1984\/1983-2\/16-1983\/\">16 (3\/1983)<\/a> Schutz der Privatsph\u00e4re; Herold-Interview; Todessch\u00fcsse 1983<\/td>\n<\/tr>\n<tr>\n<td><img decoding=\"async\" src=\"\/wp-content\/uploads\/2024\/05\/CILIP_015_medium.png\" alt=\"CILIP_015\" \/><\/td>\n<td><a href=\"\/zeitschrift\/1978-1984\/1983-2\/15-1983\/\">15 (2\/1983)<\/a> Kontrolle der Polizei in GB, USA, BRD; &#8222;B\u00fcrger beobachten die Polizei&#8220;<\/td>\n<\/tr>\n<tr>\n<td><img decoding=\"async\" src=\"\/wp-content\/uploads\/2024\/05\/CILIP_014_medium.png\" alt=\"CILIP_014\" \/><\/td>\n<td><a href=\"\/zeitschrift\/1978-1984\/1983-2\/14-1983\/\">14 (1\/1983)<\/a> Demonstrationsrecht und -geb\u00fchren; Neuer Personalausweis<\/td>\n<\/tr>\n<tr>\n<td><img decoding=\"async\" src=\"\/wp-content\/uploads\/2024\/05\/CILIP_013_medium.png\" alt=\"CILIP_013\" \/><\/td>\n<td><a href=\"\/zeitschrift\/1978-1984\/1982-2\/13-1982\/\">13 (3\/1982)<\/a> Die hilflose Polizeikritik; Freiwillige Polizeireserve; Neue Waffen<\/td>\n<\/tr>\n<tr>\n<td><img decoding=\"async\" src=\"\/wp-content\/uploads\/2024\/05\/CILIP_012_medium.png\" alt=\"CILIP_012\" \/><\/td>\n<td><a href=\"\/zeitschrift\/1978-1984\/1982-2\/12-1982\/\">12 (2\/1982)<\/a> Schu\u00dfwaffengebrauch; Nordirland; CS-Gas; Demonstrationsrecht<\/td>\n<\/tr>\n<tr>\n<td><img decoding=\"async\" src=\"\/wp-content\/uploads\/2024\/05\/CILIP_011_medium.png\" alt=\"CILIP_011\" \/><\/td>\n<td><a href=\"\/zeitschrift\/1978-1984\/1982-2\/11-1982\/\">11 (1\/1982)<\/a> Polizeiausbildung; St\u00f6rermeldedienst; Verdeckte Ermittlungst\u00e4tigkeit<\/td>\n<\/tr>\n<tr>\n<td><img decoding=\"async\" src=\"\/wp-content\/uploads\/2024\/05\/CILIP_009-010_medium.png\" alt=\"CILIP_009-010\" \/><\/td>\n<td><a href=\"\/zeitschrift\/1978-1984\/1981-2\/9-10-1981\/\">9-10 (2\/1981)<\/a> Berlin, Z\u00fcrich, Amsterdam &#8211; Politik, Protest und die Polizei. Eine vergleichende Untersuchung; agent provocateur; CS-Gas<\/td>\n<\/tr>\n<tr>\n<td><img decoding=\"async\" src=\"\/wp-content\/uploads\/2024\/05\/CILIP_008_medium.png\" alt=\"CILIP_008\" \/><\/td>\n<td><a href=\"\/zeitschrift\/1978-1984\/1981-2\/8-1981\/\">8 (1\/1981)<\/a> Polizeigewerkschaften; neue Waffen f\u00fcr die Polizei; Polizei-F\u00fchrungsakademie; Identit\u00e4tskontrollen in Frankreich; Hollands neue Geheimpolizei<\/td>\n<\/tr>\n<tr>\n<td><img decoding=\"async\" src=\"\/wp-content\/uploads\/2024\/05\/CILIP_007_medium.png\" alt=\"CILIP_007\" \/><\/td>\n<td><a href=\"\/zeitschrift\/1978-1984\/1980-2\/7-1980\/\">7 (3\/1980)<\/a> Zivilfahnder und Verh\u00e4ltnism\u00e4\u00dfigkeitsprinzip; Polizeiliche Auftragsforschung; Franz\u00f6sische Polizei<\/td>\n<\/tr>\n<tr>\n<td><img decoding=\"async\" src=\"\/wp-content\/uploads\/2024\/05\/CILIP_006_medium.png\" alt=\"CILIP_006\" \/><\/td>\n<td><a href=\"\/zeitschrift\/1978-1984\/1980-2\/6-1980\/\">6 (2\/1980)<\/a> Polizei\u00fcbergriffe und Rechtsverletzungen in Kanada; Rasterfahndung; Initiativen zur Kontrolle der Polizei<\/td>\n<\/tr>\n<tr>\n<td><img decoding=\"async\" src=\"\/wp-content\/uploads\/2024\/05\/CILIP_005_medium.png\" alt=\"CILIP_005\" \/><\/td>\n<td><a href=\"\/zeitschrift\/1978-1984\/1980-2\/5-1980\/\">5 (1\/1980)<\/a> Verfassungsschutzaktivit\u00e4ten im betrieblichen und gewerkschaftlichen Bereich; Datenschutz-Datenkommunikation zwischen Meldebeh\u00f6rden und Polizei; britische Rolle bei der Weitergabe von Repressionstechnologie an L\u00e4nder der Dritten Welt<\/td>\n<\/tr>\n<tr>\n<td><img decoding=\"async\" src=\"\/wp-content\/uploads\/2024\/05\/CILIP_004_medium.png\" alt=\"CILIP_004\" \/><\/td>\n<td><a href=\"\/zeitschrift\/1978-1984\/1979-2\/4-1979\/\">4 (3\/1979)<\/a> \u00dcbergriffe und Klagen gegen die Polizei; Polizei und Strafproze\u00df in GB; \u00dcberpr\u00fcfung der Geschworenen<\/td>\n<\/tr>\n<tr>\n<td><img decoding=\"async\" src=\"\/wp-content\/uploads\/2024\/05\/CILIP_003_medium.png\" alt=\"CILIP_003\" \/><\/td>\n<td><a href=\"\/zeitschrift\/1978-1984\/1979-2\/3-1979\/\">3 (2\/1979)<\/a> Organisation der belgischen Polizei &#8211; ein historischer \u00dcberblick; polizeiliche Durchdringung des Strafprozesses in der BRD; Kennzeichnung von Polizisten mit Namensschildern?<\/td>\n<\/tr>\n<tr>\n<td><img decoding=\"async\" src=\"\/wp-content\/uploads\/2024\/05\/CILIP_002_medium.png\" alt=\"CILIP_002\" \/><\/td>\n<td><a href=\"\/zeitschrift\/1978-1984\/1979-2\/2-1978\/\">2 (1\/1979)<\/a> Forschungsergebnisse zum t\u00f6dlichen Schu\u00dfwaffengebrauch der Polizei in den USA; Recht auf freien Zugang zu Informationen &#8211; ein Gesetzgebungs\u00fcberblick<\/td>\n<\/tr>\n<tr>\n<td><img decoding=\"async\" src=\"\/wp-content\/uploads\/2024\/05\/CILIP_001_medium.png\" alt=\"CILIP_001\" \/><\/td>\n<td><a href=\"http:\/\/www.cilip.de\/zeitschrift\/1978-1995\/1-1978\/\">1\/1978<\/a> Polizeiliches Schu\u00dfwaffengebrauchsrecht in Westeuropa; Anti-Terrorismusgesetzgebung in Westeuropa; Daten zur Entwicklung der norwegischen Polizei<\/td>\n<\/tr>\n<tr>\n<td><img decoding=\"async\" src=\"\/wp-content\/uploads\/2024\/05\/CILIP_000_medium.png\" alt=\"Cilip_0\" \/><\/td>\n<td><a href=\"\/zeitschrift1978-1995\/0-1978\/\">0\/1978<\/a> Polizeiforschung, Strukturdaten der Polizeientwicklung in Westeuropa, Gesetze f\u00fcr ein neues Polizeikonzept, Kalkar 1977, Polizeihilfe f\u00fcr \u00c4thiopien, Polizei in Europa, Kontrolle der Polizei<\/td>\n<\/tr>\n<\/tbody>\n<\/table>\n","protected":false},"excerpt":{"rendered":"<p>19 (3\/1984) Polizei &#8211; Schutzmacht im Alltag?; Neuer Musterentwurf eines einheitlichen Polizeigesetzes (Dokumentation) 18 (2\/1984)<\/p>\n","protected":false},"author":3,"featured_media":0,"parent":28,"menu_order":0,"comment_status":"closed","ping_status":"open","template":"","meta":{"footnotes":""},"class_list":["post-542","page","type-page","status-publish","hentry"],"_links":{"self":[{"href":"https:\/\/wp-dev.daten.cool\/index.php?rest_route=\/wp\/v2\/pages\/542","targetHints":{"allow":["GET"]}}],"collection":[{"href":"https:\/\/wp-dev.daten.cool\/index.php?rest_route=\/wp\/v2\/pages"}],"about":[{"href":"https:\/\/wp-dev.daten.cool\/index.php?rest_route=\/wp\/v2\/types\/page"}],"author":[{"embeddable":true,"href":"https:\/\/wp-dev.daten.cool\/index.php?rest_route=\/wp\/v2\/users\/3"}],"replies":[{"embeddable":true,"href":"https:\/\/wp-dev.daten.cool\/index.php?rest_route=%2Fwp%2Fv2%2Fcomments&post=542"}],"version-history":[{"count":0,"href":"https:\/\/wp-dev.daten.cool\/index.php?rest_route=\/wp\/v2\/pages\/542\/revisions"}],"up":[{"embeddable":true,"href":"https:\/\/wp-dev.daten.cool\/index.php?rest_route=\/wp\/v2\/pages\/28"}],"wp:attachment":[{"href":"https:\/\/wp-dev.daten.cool\/index.php?rest_route=%2Fwp%2Fv2%2Fmedia&parent=542"}],"curies":[{"name":"wp","href":"https:\/\/api.w.org\/{rel}","templated":true}]}}