{"id":576,"date":"2015-02-05T09:46:32","date_gmt":"2015-02-05T09:46:32","guid":{"rendered":"http:\/\/www.cilip.de\/?page_id=576"},"modified":"2015-02-05T09:46:32","modified_gmt":"2015-02-05T09:46:32","slug":"impressum","status":"publish","type":"page","link":"https:\/\/wp-dev.daten.cool\/?page_id=576","title":{"rendered":"Impressum (Heft)"},"content":{"rendered":"<p>Herausgeber und Verlag der gedruckten Ausgabe:<\/p>\n<p>Institut f\u00fcr B\u00fcrgerrechte &amp; \u00f6ffentliche Sicherheit e.V.,<br \/>\nc\/o Juris\u200btische Fakult\u00e4t, Humboldt-Universit\u00e4t zu Berlin,<br \/>\nUnter den Linden 6, 10099 Berlin<br \/>\nDruck: trigger.medien.gmbh, Berlin<br \/>\nV.i.S.d.P.: Norbert P\u00fctter<br \/>\nISSN 0932-5409<\/p>\n<p>Redaktion, Gestaltung + Satz:<\/p>\n<p>Dirk Burczyk, Heiner Busch, Benjamin Derin, Tom Jennissen, Jenny K\u00fcnkel, Christian Meyer, Matthias Monroy, Norbert P\u00fctter, Stephanie Schmidt, Christian Schr\u00f6der, Eric T\u00f6pfer, Friederike Wegner, Louisa Zech.<\/p>\n<p>E-Mail zu Vertriebsangelegenheiten: <a href=\"mailto:vertrieb@cilip.de\">vertrieb@cilip.de<br \/>\n<\/a><a href=\"https:\/\/keys.mayfirst.org\/pks\/lookup?op=get&amp;search=0xCACDCE09D83B2C75\">Download PGP-Schl\u00fcssel<\/a> f\u00fcr verschl\u00fcsselte Kommunikation.<\/p>\n","protected":false},"excerpt":{"rendered":"<p>Herausgeber und Verlag der gedruckten Ausgabe: Institut f\u00fcr B\u00fcrgerrechte &amp; \u00f6ffentliche Sicherheit e.V., c\/o Juris\u200btische<\/p>\n","protected":false},"author":3,"featured_media":0,"parent":28,"menu_order":7,"comment_status":"closed","ping_status":"open","template":"page-templates\/full-width.php","meta":{"footnotes":""},"class_list":["post-576","page","type-page","status-publish","hentry"],"_links":{"self":[{"href":"https:\/\/wp-dev.daten.cool\/index.php?rest_route=\/wp\/v2\/pages\/576","targetHints":{"allow":["GET"]}}],"collection":[{"href":"https:\/\/wp-dev.daten.cool\/index.php?rest_route=\/wp\/v2\/pages"}],"about":[{"href":"https:\/\/wp-dev.daten.cool\/index.php?rest_route=\/wp\/v2\/types\/page"}],"author":[{"embeddable":true,"href":"https:\/\/wp-dev.daten.cool\/index.php?rest_route=\/wp\/v2\/users\/3"}],"replies":[{"embeddable":true,"href":"https:\/\/wp-dev.daten.cool\/index.php?rest_route=%2Fwp%2Fv2%2Fcomments&post=576"}],"version-history":[{"count":0,"href":"https:\/\/wp-dev.daten.cool\/index.php?rest_route=\/wp\/v2\/pages\/576\/revisions"}],"up":[{"embeddable":true,"href":"https:\/\/wp-dev.daten.cool\/index.php?rest_route=\/wp\/v2\/pages\/28"}],"wp:attachment":[{"href":"https:\/\/wp-dev.daten.cool\/index.php?rest_route=%2Fwp%2Fv2%2Fmedia&parent=576"}],"curies":[{"name":"wp","href":"https:\/\/api.w.org\/{rel}","templated":true}]}}