{"id":6101,"date":"2015-04-25T18:35:54","date_gmt":"2015-04-25T18:35:54","guid":{"rendered":"http:\/\/cilip.de\/?page_id=6101"},"modified":"2015-04-25T18:35:54","modified_gmt":"2015-04-25T18:35:54","slug":"unterstuetzen","status":"publish","type":"page","link":"https:\/\/wp-dev.daten.cool\/?page_id=6101","title":{"rendered":"Unterst\u00fctzen"},"content":{"rendered":"<p><strong>Der Verein Institut f\u00fcr B\u00fcrgerrechte &amp; \u00f6ffentliche Sicherheit e.V.<\/strong><\/p>\n<p>Das allgemeine Ziel unseres Vereins ist, &#8222;die \u00d6ffentlichkeit \u00fcber die Probleme von B\u00fcrgerrechten und \u00f6ffentlicher Sicherheit zu informieren, Ver\u00e4nderungen im Bereich der inneren Sicherheitspolitik zu dokumentieren sowie Forschungsvorhaben in diesem Gebiet auszuf\u00fchren&#8220; (Satzung \u00a7 2). Das Institut betreibt und f\u00f6rdert praxisrelevante, theoretische und empirische Forschung ideell und materiell.<\/p>\n<p><strong>Wer kann Mitglied werden<\/strong><\/p>\n<p>Jede und jeder, die\/der Ziele und Satzung des Vereins anerkennt, kann Mitglied des Vereins werden. Auch Gruppen, Vereinigungen (juristische Personen) etc. k\u00f6nnen dem Verein beitreten.<\/p>\n<p><strong>Vorstand und Mitgliederversammlung<\/strong><\/p>\n<p>Der Verein besteht aus dem Vorstand und der mindestens einmal j\u00e4hrlich stattfindenden Mitgliederversammlung.<\/p>\n<p><strong>Die Mittel des Vereins<\/strong><\/p>\n<p>Der Verein finanziert sich durch Spenden und Mitgliedsbeitr\u00e4ge. Die H\u00f6he der Beitr\u00e4ge wird durch die Mitgliederversammlung bestimmt. Der Mindestbeitrag betr\u00e4gt gegenw\u00e4rtig monatlich 5,11 EUR. Die Vereinsmitglieder sollen die Arbeit des Instituts f\u00f6rdern. Materiell tr\u00e4gt der Verein dazu bei, die grundlegende Infrastruktur der Informations- und Dokumentationsstelle aufrechtzuerhalten sowie die Zeitschrift B\u00fcrgerrechte &amp; Polizei\/CILIP weiterzuf\u00fchren.<\/p>\n","protected":false},"excerpt":{"rendered":"<p>Der Verein Institut f\u00fcr B\u00fcrgerrechte &amp; \u00f6ffentliche Sicherheit e.V. Das allgemeine Ziel unseres Vereins ist,<\/p>\n","protected":false},"author":2,"featured_media":0,"parent":0,"menu_order":5,"comment_status":"closed","ping_status":"open","template":"page-templates\/full-width.php","meta":{"footnotes":""},"class_list":["post-6101","page","type-page","status-publish","hentry"],"_links":{"self":[{"href":"https:\/\/wp-dev.daten.cool\/index.php?rest_route=\/wp\/v2\/pages\/6101","targetHints":{"allow":["GET"]}}],"collection":[{"href":"https:\/\/wp-dev.daten.cool\/index.php?rest_route=\/wp\/v2\/pages"}],"about":[{"href":"https:\/\/wp-dev.daten.cool\/index.php?rest_route=\/wp\/v2\/types\/page"}],"author":[{"embeddable":true,"href":"https:\/\/wp-dev.daten.cool\/index.php?rest_route=\/wp\/v2\/users\/2"}],"replies":[{"embeddable":true,"href":"https:\/\/wp-dev.daten.cool\/index.php?rest_route=%2Fwp%2Fv2%2Fcomments&post=6101"}],"version-history":[{"count":0,"href":"https:\/\/wp-dev.daten.cool\/index.php?rest_route=\/wp\/v2\/pages\/6101\/revisions"}],"wp:attachment":[{"href":"https:\/\/wp-dev.daten.cool\/index.php?rest_route=%2Fwp%2Fv2%2Fmedia&parent=6101"}],"curies":[{"name":"wp","href":"https:\/\/api.w.org\/{rel}","templated":true}]}}