{"id":6109,"date":"2015-04-29T15:24:12","date_gmt":"2015-04-29T15:24:12","guid":{"rendered":"https:\/\/cilip.de\/?page_id=6109"},"modified":"2015-04-29T15:24:12","modified_gmt":"2015-04-29T15:24:12","slug":"3-1979","status":"publish","type":"page","link":"https:\/\/wp-dev.daten.cool\/?page_id=6109","title":{"rendered":"3 (1979)"},"content":{"rendered":"<p><img loading=\"lazy\" decoding=\"async\" class=\"alignright size-medium wp-image-22602\" src=\"https:\/\/www.cilip.de\/wp-content\/uploads\/2024\/05\/CILIP_003-213x300.png\" alt=\"\" width=\"213\" height=\"300\" srcset=\"https:\/\/wp-dev.daten.cool\/wp-content\/uploads\/2024\/05\/CILIP_003-213x300.png 213w, https:\/\/wp-dev.daten.cool\/wp-content\/uploads\/2024\/05\/CILIP_003-726x1024.png 726w, https:\/\/wp-dev.daten.cool\/wp-content\/uploads\/2024\/05\/CILIP_003-768x1083.png 768w, https:\/\/wp-dev.daten.cool\/wp-content\/uploads\/2024\/05\/CILIP_003.png 829w\" sizes=\"auto, (max-width: 213px) 100vw, 213px\" \/><a href=\"http:\/\/archiv.cilip.de\/Hefte\/CILIP_003.pdf\">Download der Gesamtausgabe als PDF<\/a><\/p>\n<p><strong>I Methodische Probleme der Polizeiforschung<br \/>\nProbleme rein quantitativer Indikatoren: Personalst\u00e4rke<\/strong><\/p>\n<p><strong>II Strukturdaten zur Polizeientwicklung in Westeuropa<\/strong><br \/>\nDr. C. J. C. F. Fijnaut<strong><br \/>\nDie allgemeine Organisation des belgischen Polizeiapparates<br \/>\nEin historischer Uberblick (1.Teil)<br \/>\nGSG 9, Soldaten oder Polizisten?<br \/>\nKOB in Frankreich: L&#8217;ilotier<\/strong><\/p>\n<p><strong>III Rechtsentwicklung<\/strong><br \/>\n<strong>Der Alternativentwurf f\u00fcr ein einheitliches Polizeirecht des Bundes und der L\u00e4nder oder die Praxisbed\u00fcrfnisse der Polizei<\/strong><\/p>\n<p><strong>IV Polizei in Aktion<\/strong><br \/>\n<strong>Zum Berufsrisiko der franz\u00f6sischen Polizei<\/strong><br \/>\n<strong>Statistik \u00fcber den Schu\u00dfwaffengebrauch der deutschen Polizei 1976\/77 und \u00fcber vors\u00e4tzliche T\u00f6tungsdelikte an Polizeibeamten und \u00fcber Schu\u00dfwaffengebrauch seit 1972<\/strong><br \/>\n<strong>Polizeiliche Strategien gegen Demonstrationen in Frankreich<\/strong><br \/>\n<strong>Postkontrolle und Grenz\u00fcberwachung durch den Bundesnachrichtendienst<\/strong><br \/>\nJ\u00fcrgen Moser<br \/>\n<strong>Not kennt kein Gebot. Die &#8222;Sonderaktion Pakistani&#8220; der Berliner Ausl\u00e4nderbeh\u00f6rde und das Grundrecht auf Asyl <\/strong><br \/>\nUwe Maeffert<br \/>\n<strong>Die polizeiliche Durchdringung des Strafprozesses: die Betreuung von Polizeizeugen <\/strong><\/p>\n<p><strong>VII \u00d6ffentliche Kontrolle der Polizei<\/strong><br \/>\nTom Riley<strong><br \/>\nFreier Zugang zu Informationen als ein grundlegendes Menschenrecht &#8211; Ein internationaler Vergleich<br \/>\nDas Recht auf freien Zugang zu Informationen in Frankreich<br \/>\nKennzeichnung von Polizisten mit Namensschildern: Offenbart ein solcher Vorschlag ein gest\u00f6rtes Verh\u00e4ltnis zur Polizei?<\/strong><\/p>\n<p><strong>VIII Schaffung einer kritischen \u00d6ffentlichkeit<\/strong><br \/>\n<strong>Polizeigewerkschaft und Kritik an der Polizei (BRD \/ Frankreich)<\/strong><br \/>\n<strong>Zum Proze\u00df gegen die Rundfunkreporterin Barbara Dickmann (BRD)<\/strong><\/p>\n<p><strong>XI Anfragen, Kooperationsm\u00f6glichkeiten, Kontakte<\/strong><\/p>\n","protected":false},"excerpt":{"rendered":"<p>Download der Gesamtausgabe als PDF I Methodische Probleme der Polizeiforschung Probleme rein quantitativer Indikatoren: Personalst\u00e4rke<\/p>\n","protected":false},"author":2,"featured_media":0,"parent":4387,"menu_order":0,"comment_status":"open","ping_status":"open","template":"page-templates\/full-width.php","meta":{"footnotes":""},"class_list":["post-6109","page","type-page","status-publish","hentry"],"_links":{"self":[{"href":"https:\/\/wp-dev.daten.cool\/index.php?rest_route=\/wp\/v2\/pages\/6109","targetHints":{"allow":["GET"]}}],"collection":[{"href":"https:\/\/wp-dev.daten.cool\/index.php?rest_route=\/wp\/v2\/pages"}],"about":[{"href":"https:\/\/wp-dev.daten.cool\/index.php?rest_route=\/wp\/v2\/types\/page"}],"author":[{"embeddable":true,"href":"https:\/\/wp-dev.daten.cool\/index.php?rest_route=\/wp\/v2\/users\/2"}],"replies":[{"embeddable":true,"href":"https:\/\/wp-dev.daten.cool\/index.php?rest_route=%2Fwp%2Fv2%2Fcomments&post=6109"}],"version-history":[{"count":0,"href":"https:\/\/wp-dev.daten.cool\/index.php?rest_route=\/wp\/v2\/pages\/6109\/revisions"}],"up":[{"embeddable":true,"href":"https:\/\/wp-dev.daten.cool\/index.php?rest_route=\/wp\/v2\/pages\/4387"}],"wp:attachment":[{"href":"https:\/\/wp-dev.daten.cool\/index.php?rest_route=%2Fwp%2Fv2%2Fmedia&parent=6109"}],"curies":[{"name":"wp","href":"https:\/\/api.w.org\/{rel}","templated":true}]}}