{"id":6123,"date":"2015-04-29T15:40:20","date_gmt":"2015-04-29T15:40:20","guid":{"rendered":"https:\/\/cilip.de\/?page_id=6123"},"modified":"2015-04-29T15:40:20","modified_gmt":"2015-04-29T15:40:20","slug":"6-1980","status":"publish","type":"page","link":"https:\/\/wp-dev.daten.cool\/?page_id=6123","title":{"rendered":"6 (1980)"},"content":{"rendered":"<p><img loading=\"lazy\" decoding=\"async\" class=\"alignright size-medium wp-image-22606\" src=\"https:\/\/www.cilip.de\/wp-content\/uploads\/2024\/05\/CILIP_006-215x300.png\" alt=\"\" width=\"215\" height=\"300\" srcset=\"https:\/\/wp-dev.daten.cool\/wp-content\/uploads\/2024\/05\/CILIP_006-215x300.png 215w, https:\/\/wp-dev.daten.cool\/wp-content\/uploads\/2024\/05\/CILIP_006-734x1024.png 734w, https:\/\/wp-dev.daten.cool\/wp-content\/uploads\/2024\/05\/CILIP_006-768x1072.png 768w, https:\/\/wp-dev.daten.cool\/wp-content\/uploads\/2024\/05\/CILIP_006.png 829w\" sizes=\"auto, (max-width: 215px) 100vw, 215px\" \/><a href=\"http:\/\/archiv.cilip.de\/Hefte\/CILIP_006.pdf\">Download der Gesamtausgabe als PDF<\/a><\/p>\n<p><strong>Editorial<\/strong><\/p>\n<p><strong>I Polizeiforschung<\/strong><br \/>\n<strong>Militarisierung der Polizei &#8211; Einige Bemerkungen zum leichtfertigen Gebrauch einer Kategorie<\/strong><\/p>\n<p><strong>II Daten zur Polizeientwicklung<\/strong><br \/>\n<strong>Polizei und Sicherung von Atomkraftwerken<\/strong><br \/>\n<strong>Holland:<\/strong><br \/>\n<strong>Mobile Einheiten bei der holl\u00e4ndischen Polizei<\/strong><br \/>\nManfred Liebel<br \/>\n<strong>Neues Hamburger Polizei-Jugendprogramm<br \/>\n<\/strong>Klaus Groth<br \/>\n<strong>Polizeistrategien zur Bewaltigung der Ausl\u00e4nderprobleme in der BRD<br \/>\nRasterfahndung: Eine neue polizeiliche Fahndungsmethode<\/strong><\/p>\n<p><strong>III Rechtsentwicklung<\/strong><br \/>\nFranziska Pabet<br \/>\n<strong>Der Bundesgrenzschutz im &#8222;Dauereinsatz&#8216; bei Gorleben<br \/>\n<\/strong>Eckart Riehle<br \/>\n<strong>Die Neuregelung des Verh\u00e4ltnisses Polizei &#8211; Staatsanwaltschaft &#8211; Ein Schubladengesetz<br \/>\nEinige rechtsempirische Daten zur Pervertierung rechtlicher Ausnahmebefugnisse in Routinebefugnisse am Beispiel der Wohnungsdurchsuchung<br \/>\nFrankreich Identitatskontrollen durch die Polizei <\/strong><\/p>\n<p><strong>IV Polizei in Aktion<\/strong><br \/>\nJean-Paul Brodeur<br \/>\n<strong>Die Royal Canadian Mounted Police (RCMP)<br \/>\nVerfassungsschutzmosaik &#8211; Ein neues Steinchen &#8211; Politische Uberpr\u00fcfung von Sch\u00f6ffen <\/strong><\/p>\n<p><strong>V Zusammenarbeit der Polizei &#8211; Polizeihilfe f\u00fcr die Dritte Welt<\/strong><br \/>\n<strong>BRD: Panzerwagen f\u00fcr die Dritte Welt<\/strong><br \/>\n<strong>Malaysia<\/strong><br \/>\nJamee Sarrazin<br \/>\n<strong>Ein Treffen junger deutscher und- franz\u00f6sischer Polizisten<\/strong><\/p>\n<p><strong>VI Polizei und \u00f6ffentliche Kontrolle<\/strong><br \/>\n<strong>Die Arbeitsgruppe &#8222;B\u00fcrger beobachten die Polizei&#8220; in Berlin<\/strong><br \/>\n<strong>Konzeption und erste Erfahrungen der &#8222;Initiative f\u00fcr ein Dokumentations- und Beschwerdeb\u00fcro zu Polizei in K\u00f6ln&#8220;<\/strong><br \/>\nKlaus Vack<br \/>\n<strong>Neues Komitee f\u00fcr Grundrechte und Demokratie<br \/>\nTodesf\u00e4lle in Polizeihaft und \u00f6ffentliche Kontrolle in England<\/strong><\/p>\n<p><strong>VII Aus der Literatur &#8211; Hinweise, Zitate<\/strong><br \/>\n<strong>&#8222;Von Rechner zu Rechner&#8220;<\/strong><br \/>\n<strong>Zitate und Anmerkungen zu: Horst Herold, Polizeiliche Datenverarbeitung und Menschenrechte<\/strong><br \/>\n<strong>Weitere Hinweise<\/strong><\/p>\n","protected":false},"excerpt":{"rendered":"<p>Download der Gesamtausgabe als PDF Editorial I Polizeiforschung Militarisierung der Polizei &#8211; Einige Bemerkungen zum<\/p>\n","protected":false},"author":2,"featured_media":0,"parent":4385,"menu_order":0,"comment_status":"closed","ping_status":"open","template":"page-templates\/full-width.php","meta":{"footnotes":""},"class_list":["post-6123","page","type-page","status-publish","hentry"],"_links":{"self":[{"href":"https:\/\/wp-dev.daten.cool\/index.php?rest_route=\/wp\/v2\/pages\/6123","targetHints":{"allow":["GET"]}}],"collection":[{"href":"https:\/\/wp-dev.daten.cool\/index.php?rest_route=\/wp\/v2\/pages"}],"about":[{"href":"https:\/\/wp-dev.daten.cool\/index.php?rest_route=\/wp\/v2\/types\/page"}],"author":[{"embeddable":true,"href":"https:\/\/wp-dev.daten.cool\/index.php?rest_route=\/wp\/v2\/users\/2"}],"replies":[{"embeddable":true,"href":"https:\/\/wp-dev.daten.cool\/index.php?rest_route=%2Fwp%2Fv2%2Fcomments&post=6123"}],"version-history":[{"count":0,"href":"https:\/\/wp-dev.daten.cool\/index.php?rest_route=\/wp\/v2\/pages\/6123\/revisions"}],"up":[{"embeddable":true,"href":"https:\/\/wp-dev.daten.cool\/index.php?rest_route=\/wp\/v2\/pages\/4385"}],"wp:attachment":[{"href":"https:\/\/wp-dev.daten.cool\/index.php?rest_route=%2Fwp%2Fv2%2Fmedia&parent=6123"}],"curies":[{"name":"wp","href":"https:\/\/api.w.org\/{rel}","templated":true}]}}