{"id":6129,"date":"2015-05-03T17:33:28","date_gmt":"2015-05-03T17:33:28","guid":{"rendered":"https:\/\/cilip.de\/?page_id=6129"},"modified":"2015-05-03T17:33:28","modified_gmt":"2015-05-03T17:33:28","slug":"7-1980","status":"publish","type":"page","link":"https:\/\/wp-dev.daten.cool\/?page_id=6129","title":{"rendered":"7 (1980)"},"content":{"rendered":"<p><img loading=\"lazy\" decoding=\"async\" class=\"alignright size-medium wp-image-22594\" src=\"https:\/\/www.cilip.de\/wp-content\/uploads\/2024\/05\/CILIP_007-213x300.png\" alt=\"\" width=\"213\" height=\"300\" srcset=\"https:\/\/wp-dev.daten.cool\/wp-content\/uploads\/2024\/05\/CILIP_007-213x300.png 213w, https:\/\/wp-dev.daten.cool\/wp-content\/uploads\/2024\/05\/CILIP_007-726x1024.png 726w, https:\/\/wp-dev.daten.cool\/wp-content\/uploads\/2024\/05\/CILIP_007-768x1083.png 768w, https:\/\/wp-dev.daten.cool\/wp-content\/uploads\/2024\/05\/CILIP_007.png 829w\" sizes=\"auto, (max-width: 213px) 100vw, 213px\" \/><a href=\"http:\/\/archiv.cilip.de\/Hefte\/CILIP_007.pdf\">Download der Gesamtausgabe als PDF<\/a><\/p>\n<p><strong>I. POLIZEIFORSCHUNG<br \/>\nInternationale Konferenz zur Polizeientwicklunq in West-Europa und in den USA in Berlin vom 27. &#8211; 29. Juni 1980<br \/>\nPolizeiforschung in der BRD &#8211; ein Indikator f\u00fcr die Wandlung der polizeilichen Problemwahrnehmung<\/strong><\/p>\n<p><strong>I. Kriminalistisch-kriminologische Forschung<\/strong><br \/>\n<strong>II. Einsatztaktische und kriminaltechnische Forschung Alf L\u00fcdtke<\/strong><br \/>\n<strong>&#8222;Sanfte&#8220; und &#8222;nackte&#8220; Gewalt der Polizei &#8211; Zur Frage des &#8222;Milit\u00e4rischen&#8220; im polizeilichen Handeln<\/strong><br \/>\n<strong>Masse macht noch kein Milit\u00e4r. Zur Kritik an Alf L\u00fcdtke<\/strong><\/p>\n<p><strong>II. DATEN ZUR POLIZEIENTWICKLUNG<\/strong><br \/>\nJ.J.Gleizal<br \/>\n<strong>Die franz\u00f6sische Polizei &#8211; Historische Anmerkungen und aktuelle Ver\u00e4nderungen Bundesrepublik Deutschland<br \/>\nPersonalst\u00e4rke der Polizeien des Bundes und der L\u00e4nder; Stand: 1. Juli 1978<br \/>\nEngland\/Wales<br \/>\nDie Bewaffnung der Polizei in Gro\u00dfbritannien<\/strong><\/p>\n<p><strong>III. RECHTSENTWICKLUNG<\/strong><br \/>\n<strong>England &#8211; Erweiterung polizeilicher Befugnisse?<\/strong><br \/>\n<strong>Placebo f\u00fcr Parlamentarier &#8211; Der Bericht der Bundesregierung \u00fcber die Anwendung der sog. Razziengesetze<\/strong><br \/>\nEckart Riehle<br \/>\n<strong>Brokdorf-Nachlese &#8211; &#8222;Atypische&#8220; Polizeima\u00dfnahme<\/strong><\/p>\n<p><strong>IV. POLIZEI IN AKTION<\/strong><br \/>\nMartin Jacobs<br \/>\n<strong>Zivilfahnder und Verh\u00e4ltnism\u00e4\u00dfigkeitsgrundsatz<\/strong><\/p>\n<p><strong>V. INTERNATIONALE ZUSAMMENARBEIT DER POLIZEI<\/strong><br \/>\n<strong>Ein Treffen von europ\u00e4ischen Polizeiqewerkschaftlern in Brighton\/England<\/strong><br \/>\n<strong>Strategien gegen die Kriminalit\u00e4t in Europa<\/strong><\/p>\n<p><strong>VI. POLIZEI UND \u00d6FFENTLICHE KONTROLLE<\/strong><br \/>\n<strong>England &#8211; Kampagne f\u00fcr eine demokratische Polizei<\/strong><br \/>\n<strong>Reaktionen auf die Arbeitsgruppe &#8222;B\u00fcrger beobachten die Polizei&#8220;<\/strong><br \/>\n<strong>&#8222;Subversive Phantasie&#8220;<\/strong><\/p>\n<p><strong>VII. AUS DER LITERATUR &#8211; HINWEISE, ZITATE<\/strong><\/p>\n<p><strong>VIII. DOKUMENTATION<\/strong><br \/>\n<strong>Deklaration des Europarats zur Polizei<\/strong><\/p>\n<p><strong>IX. ANFRAGEN<\/strong><\/p>\n","protected":false},"excerpt":{"rendered":"<p>Download der Gesamtausgabe als PDF I. POLIZEIFORSCHUNG Internationale Konferenz zur Polizeientwicklunq in West-Europa und in<\/p>\n","protected":false},"author":2,"featured_media":0,"parent":4385,"menu_order":0,"comment_status":"closed","ping_status":"open","template":"page-templates\/full-width.php","meta":{"footnotes":""},"class_list":["post-6129","page","type-page","status-publish","hentry"],"_links":{"self":[{"href":"https:\/\/wp-dev.daten.cool\/index.php?rest_route=\/wp\/v2\/pages\/6129","targetHints":{"allow":["GET"]}}],"collection":[{"href":"https:\/\/wp-dev.daten.cool\/index.php?rest_route=\/wp\/v2\/pages"}],"about":[{"href":"https:\/\/wp-dev.daten.cool\/index.php?rest_route=\/wp\/v2\/types\/page"}],"author":[{"embeddable":true,"href":"https:\/\/wp-dev.daten.cool\/index.php?rest_route=\/wp\/v2\/users\/2"}],"replies":[{"embeddable":true,"href":"https:\/\/wp-dev.daten.cool\/index.php?rest_route=%2Fwp%2Fv2%2Fcomments&post=6129"}],"version-history":[{"count":0,"href":"https:\/\/wp-dev.daten.cool\/index.php?rest_route=\/wp\/v2\/pages\/6129\/revisions"}],"up":[{"embeddable":true,"href":"https:\/\/wp-dev.daten.cool\/index.php?rest_route=\/wp\/v2\/pages\/4385"}],"wp:attachment":[{"href":"https:\/\/wp-dev.daten.cool\/index.php?rest_route=%2Fwp%2Fv2%2Fmedia&parent=6129"}],"curies":[{"name":"wp","href":"https:\/\/api.w.org\/{rel}","templated":true}]}}