{"id":6137,"date":"2015-05-03T17:38:34","date_gmt":"2015-05-03T17:38:34","guid":{"rendered":"https:\/\/cilip.de\/?page_id=6137"},"modified":"2015-05-03T17:38:34","modified_gmt":"2015-05-03T17:38:34","slug":"8-1981","status":"publish","type":"page","link":"https:\/\/wp-dev.daten.cool\/?page_id=6137","title":{"rendered":"8 (1981) Polizeigewerkschaften"},"content":{"rendered":"<p><img loading=\"lazy\" decoding=\"async\" class=\"alignright size-medium wp-image-22595\" src=\"https:\/\/www.cilip.de\/wp-content\/uploads\/2024\/05\/CILIP_008-216x300.png\" alt=\"\" width=\"216\" height=\"300\" srcset=\"https:\/\/wp-dev.daten.cool\/wp-content\/uploads\/2024\/05\/CILIP_008-216x300.png 216w, https:\/\/wp-dev.daten.cool\/wp-content\/uploads\/2024\/05\/CILIP_008.png 581w\" sizes=\"auto, (max-width: 216px) 100vw, 216px\" \/><a href=\"http:\/\/archiv.cilip.de\/Hefte\/CILIP_008.pdf\">Download der Gesamtausgabe als PDF<\/a><\/p>\n<p><strong>Editorial<br \/>\nDiskussion<\/strong><br \/>\nAlf L\u00fcdtke<br \/>\n<strong>&#8222;Sanfte&#8220; und &#8222;nackte&#8220; Gewalt der Polizei (II)<\/strong><\/p>\n<p><strong>Polizeientwicklung<\/strong><br \/>\n<strong>Neue Waffen f\u00fcr die Polizei<\/strong><br \/>\n<strong>Ein Versuch technologischer L\u00f6sungen f\u00fcr politische Konflikte<\/strong><br \/>\n<strong>AG Demokratie M\u00fcnster<\/strong><br \/>\n<strong>Die Polizeif\u00fchrungsakademie &#8211; Ihre Funktion im Rahmen der Aus- und Fortbildung und der internationalen Zusammenarbeit<\/strong><br \/>\n<strong>Einheitliche Ausbildung f\u00fcr Verfassungssch\u00fctzer<\/strong><\/p>\n<p><strong>Schwerpunkt:<\/strong><br \/>\n<strong>Die berufsst\u00e4ndische und gewerkschaftliche Organisierung von Polizeibeamten in der Bundesrepublik &#8211; ein erster \u00dcberblick<\/strong><br \/>\n<strong>Gewerkschaft der Polizei (GdP)<\/strong><br \/>\n<strong>Die Geschichte der Police Federation, der Polizeigewerkschaft in Gro\u00dfbritannien<\/strong><br \/>\n<strong>Polizeigewerkschaft in Italien<\/strong><\/p>\n<p><strong>Polizei im internationalen Vergleich<\/strong><br \/>\nAnnemarie Hendriks<br \/>\n<strong>Hollands neue &#8222;Geheimpolizei&#8220;<br \/>\nFrankreich &#8211; Behinderung von Pressefotografen durch die Polizei<br \/>\nAusl\u00e4nderzentralregister nun auch in Frankreich<br \/>\nKnast f\u00fcr Kinder<br \/>\nPolizei-Kooperation einmal anders<br \/>\nUSA &#8211; Polizeilicher Schu\u00dfwaffengebrauch<\/strong><\/p>\n<p><strong>Rechtsentwicklung<\/strong><br \/>\nStephen W. Smith<strong><br \/>\nIdentit\u00e4tskontrollen in Frankreich nach der Verabschiedung des Gesetzes &#8222;Securit\u00e9 et libert\u00e9&#8220; &#8211; Ein Gespr\u00e4ch mit Jaques Bidalou<br \/>\nUrteile<br \/>\nPolizeihilfe &#8211; Panzerfahrzeuge aus der Bundesrepublik werden an Malaysia geliefert<\/strong><\/p>\n<p><strong>Aus der Polizeifachpresse<\/strong><br \/>\n<strong>Aussagewert der Polizeilichen Kriminalstatistik &#8211; Die Diskussion um die Krise des Legalit\u00e4tsprinzips<\/strong><\/p>\n<p><strong>Literatur<br \/>\nKonferenzank\u00fcndigung<br \/>\nAnhang<br \/>\nListe der Datenschutzbeauftragten des Bundes und der L\u00e4nder<\/strong><\/p>\n","protected":false},"excerpt":{"rendered":"<p>Download der Gesamtausgabe als PDF Editorial Diskussion Alf L\u00fcdtke &#8222;Sanfte&#8220; und &#8222;nackte&#8220; Gewalt der Polizei<\/p>\n","protected":false},"author":2,"featured_media":0,"parent":4383,"menu_order":0,"comment_status":"closed","ping_status":"open","template":"page-templates\/full-width.php","meta":{"footnotes":""},"class_list":["post-6137","page","type-page","status-publish","hentry"],"_links":{"self":[{"href":"https:\/\/wp-dev.daten.cool\/index.php?rest_route=\/wp\/v2\/pages\/6137","targetHints":{"allow":["GET"]}}],"collection":[{"href":"https:\/\/wp-dev.daten.cool\/index.php?rest_route=\/wp\/v2\/pages"}],"about":[{"href":"https:\/\/wp-dev.daten.cool\/index.php?rest_route=\/wp\/v2\/types\/page"}],"author":[{"embeddable":true,"href":"https:\/\/wp-dev.daten.cool\/index.php?rest_route=\/wp\/v2\/users\/2"}],"replies":[{"embeddable":true,"href":"https:\/\/wp-dev.daten.cool\/index.php?rest_route=%2Fwp%2Fv2%2Fcomments&post=6137"}],"version-history":[{"count":0,"href":"https:\/\/wp-dev.daten.cool\/index.php?rest_route=\/wp\/v2\/pages\/6137\/revisions"}],"up":[{"embeddable":true,"href":"https:\/\/wp-dev.daten.cool\/index.php?rest_route=\/wp\/v2\/pages\/4383"}],"wp:attachment":[{"href":"https:\/\/wp-dev.daten.cool\/index.php?rest_route=%2Fwp%2Fv2%2Fmedia&parent=6137"}],"curies":[{"name":"wp","href":"https:\/\/api.w.org\/{rel}","templated":true}]}}