{"id":6150,"date":"2015-05-09T18:37:44","date_gmt":"2015-05-09T18:37:44","guid":{"rendered":"https:\/\/cilip.de\/?page_id=6150"},"modified":"2015-05-09T18:37:44","modified_gmt":"2015-05-09T18:37:44","slug":"spenden","status":"publish","type":"page","link":"https:\/\/wp-dev.daten.cool\/?page_id=6150","title":{"rendered":"Spenden"},"content":{"rendered":"<p>Institut f\u00fcr B\u00fcrgerrechte &amp; \u00f6ffentliche Sicherheit e.V.<\/p>\n<p><strong>Bankverbindung:<\/strong><br \/>\nBank f\u00fcr Sozialwirtschaft<br \/>\nIBAN DE18 1002 0500 0003 0564 00<br \/>\nSWIFT- \/ BIC-Code: BFSWDE33BER<\/p>\n<p>Spenden an unseren eingetragenen Verein sind beim Finanzamt abzugsf\u00e4hig.<\/p>\n<p>Bei Spenden bis zu einer H\u00f6he von 200,00 Euro gibt sich das Finanzamt mit einem vereinfachten Spendennachweis zufrieden.<\/p>\n<p>Diese Spendenbescheinigung senden wir gern zu, daf\u00fcr bitte die vollst\u00e4ndige (!) Adresse bei der \u00dcberweisung angeben <a href=\"https:\/\/cilip.de\/kontakt\/\">oder per Post\/ E-Mail an CILIP schicken<\/a>.<\/p>\n","protected":false},"excerpt":{"rendered":"<p>Institut f\u00fcr B\u00fcrgerrechte &amp; \u00f6ffentliche Sicherheit e.V. Bankverbindung: Bank f\u00fcr Sozialwirtschaft IBAN DE18 1002 0500<\/p>\n","protected":false},"author":2,"featured_media":0,"parent":6101,"menu_order":0,"comment_status":"closed","ping_status":"open","template":"page-templates\/full-width.php","meta":{"footnotes":""},"class_list":["post-6150","page","type-page","status-publish","hentry"],"_links":{"self":[{"href":"https:\/\/wp-dev.daten.cool\/index.php?rest_route=\/wp\/v2\/pages\/6150","targetHints":{"allow":["GET"]}}],"collection":[{"href":"https:\/\/wp-dev.daten.cool\/index.php?rest_route=\/wp\/v2\/pages"}],"about":[{"href":"https:\/\/wp-dev.daten.cool\/index.php?rest_route=\/wp\/v2\/types\/page"}],"author":[{"embeddable":true,"href":"https:\/\/wp-dev.daten.cool\/index.php?rest_route=\/wp\/v2\/users\/2"}],"replies":[{"embeddable":true,"href":"https:\/\/wp-dev.daten.cool\/index.php?rest_route=%2Fwp%2Fv2%2Fcomments&post=6150"}],"version-history":[{"count":0,"href":"https:\/\/wp-dev.daten.cool\/index.php?rest_route=\/wp\/v2\/pages\/6150\/revisions"}],"up":[{"embeddable":true,"href":"https:\/\/wp-dev.daten.cool\/index.php?rest_route=\/wp\/v2\/pages\/6101"}],"wp:attachment":[{"href":"https:\/\/wp-dev.daten.cool\/index.php?rest_route=%2Fwp%2Fv2%2Fmedia&parent=6150"}],"curies":[{"name":"wp","href":"https:\/\/api.w.org\/{rel}","templated":true}]}}