{"id":6203,"date":"2015-06-01T11:50:00","date_gmt":"2015-06-01T11:50:00","guid":{"rendered":"http:\/\/www.cilip.de\/?page_id=6203"},"modified":"2015-06-01T11:50:00","modified_gmt":"2015-06-01T11:50:00","slug":"19-1984","status":"publish","type":"page","link":"https:\/\/wp-dev.daten.cool\/?page_id=6203","title":{"rendered":"19 (1984)"},"content":{"rendered":"<p><img loading=\"lazy\" decoding=\"async\" class=\"alignright size-medium wp-image-22575\" src=\"https:\/\/www.cilip.de\/wp-content\/uploads\/2024\/05\/CILIP_019-211x300.png\" alt=\"\" width=\"211\" height=\"300\" srcset=\"https:\/\/wp-dev.daten.cool\/wp-content\/uploads\/2024\/05\/CILIP_019-211x300.png 211w, https:\/\/wp-dev.daten.cool\/wp-content\/uploads\/2024\/05\/CILIP_019.png 583w\" sizes=\"auto, (max-width: 211px) 100vw, 211px\" \/><a href=\"http:\/\/archiv.cilip.de\/Hefte\/CILIP_019.pdf\">Download der Gesamtausgabe als PDF<\/a><\/p>\n<p><strong>SCHWERPUNKT: POLIZEI &#8211; SCHUTZMACHT IM ALLTAG?<\/strong><\/p>\n<p><strong>Editorial <\/strong><\/p>\n<p><strong>Polizeiliches Alltagshandeln &#8211; Eine Analyse von Funkstreifeneins\u00e4tzen und Alarmierungen der Polizei durch die Bev\u00f6lkerung<\/strong><br \/>\nThomas Feltes<br \/>\n<strong>Nachtdienst &#8211; Polizeialltag aus der Sicht eines Streifenpolizisten<\/strong><br \/>\nCatharina Kunze<br \/>\n<strong>Frauenh\u00e4user und Polizei<br \/>\nGewalt in der Familie &#8211; Wie reagieren Sozialarbeiter?<br \/>\nKonflikte und Polizei in der &#8222;Alternativ\u00f6konomie&#8220;<br \/>\nInterview mit Dieter Kunzelmann .<br \/>\nInformationstechnik der Polizei (Teil II)<\/strong><\/p>\n<p><strong>Meldungen:<\/strong><br \/>\n<strong>Rakete mit eingebautem Verh\u00e4ltnism\u00e4\u00dfigkeitsprinzip<\/strong><br \/>\n<strong>Security-Messe 1984<\/strong><br \/>\n<strong>Der Entwurf des Hamburger Polizeigesetzes<\/strong><\/p>\n<p><strong>DOKUMENTATION<\/strong><br \/>\n<strong>Entwurf zur \u00c4nderung des Musterentwurf eines einheitlichen Polizeigesetzes des Bundes und der L\u00e4nder<\/strong><\/p>\n<p><strong>Literatur<br \/>\nSummaries<br \/>\nDas Allerletzte<br \/>\nCILIP-Leser werben CILIP-Abonnenten<\/strong><\/p>\n","protected":false},"excerpt":{"rendered":"<p>Download der Gesamtausgabe als PDF SCHWERPUNKT: POLIZEI &#8211; SCHUTZMACHT IM ALLTAG? Editorial Polizeiliches Alltagshandeln &#8211;<\/p>\n","protected":false},"author":2,"featured_media":0,"parent":4377,"menu_order":0,"comment_status":"closed","ping_status":"open","template":"page-templates\/full-width.php","meta":{"footnotes":""},"class_list":["post-6203","page","type-page","status-publish","hentry"],"_links":{"self":[{"href":"https:\/\/wp-dev.daten.cool\/index.php?rest_route=\/wp\/v2\/pages\/6203","targetHints":{"allow":["GET"]}}],"collection":[{"href":"https:\/\/wp-dev.daten.cool\/index.php?rest_route=\/wp\/v2\/pages"}],"about":[{"href":"https:\/\/wp-dev.daten.cool\/index.php?rest_route=\/wp\/v2\/types\/page"}],"author":[{"embeddable":true,"href":"https:\/\/wp-dev.daten.cool\/index.php?rest_route=\/wp\/v2\/users\/2"}],"replies":[{"embeddable":true,"href":"https:\/\/wp-dev.daten.cool\/index.php?rest_route=%2Fwp%2Fv2%2Fcomments&post=6203"}],"version-history":[{"count":0,"href":"https:\/\/wp-dev.daten.cool\/index.php?rest_route=\/wp\/v2\/pages\/6203\/revisions"}],"up":[{"embeddable":true,"href":"https:\/\/wp-dev.daten.cool\/index.php?rest_route=\/wp\/v2\/pages\/4377"}],"wp:attachment":[{"href":"https:\/\/wp-dev.daten.cool\/index.php?rest_route=%2Fwp%2Fv2%2Fmedia&parent=6203"}],"curies":[{"name":"wp","href":"https:\/\/api.w.org\/{rel}","templated":true}]}}