{"id":99,"date":"2015-02-03T17:56:23","date_gmt":"2015-02-03T17:56:23","guid":{"rendered":"http:\/\/www.cilip.de\/?page_id=99"},"modified":"2015-02-03T17:56:23","modified_gmt":"2015-02-03T17:56:23","slug":"abonnement","status":"publish","type":"page","link":"https:\/\/wp-dev.daten.cool\/?page_id=99","title":{"rendered":"Abonnement"},"content":{"rendered":"<p><strong>Das Abonnement der Zeitschrift umfasst drei Hefte pro Jahr.<\/strong> Es kann ab jedem beliebigen Heft begonnen werden (bitte in der <a href=\"\/zeitschrift-bestellen\/einzelhefte\/\">\u00dcbersicht lieferbarer Hefte<\/a> nachsehen). Der Preis wird dann anteilig berechnet. Einzelne Hefte k\u00f6nnen \u00fcber unser <a href=\"\/zeitschrift-bestellen\/einzelhefte\/\">Online-Formular<\/a> bestellt werden. Bei Einrichtung eines Abonnements k\u00f6nnen einmalig \u00e4ltere Hefte zum g\u00fcnstigeren Abo-Preis nachbezogen werden.<\/p>\n<p><strong>Das Abonnement kostet 25 \u20ac f\u00fcr Personen \/ 45 \u20ac f\u00fcr Institutionen (f\u00fcr 3 Ausgaben)<\/strong> inklusive Versandkosten im Inland.<\/p>\n<p>Wir bieten euch an, uns mit einem <strong>Abonnement zum Soli-Preis (30 bis 50 \u20ac)<\/strong> zu unterst\u00fctzen.<\/p>\n<p>Bei Auslandssendungen berechnen wir zus\u00e4tzlich zum Abo-Preis Porto von 12 \u20ac. Alle Preise sind inklusive 7 % MwSt.<\/p>\n<p>[contact-form-7 id=&#8220;4639&#8243; title=&#8220;Abonnement&#8220;]<\/p>\n<p><strong>Oder per Post an: <\/strong><\/p>\n<p>Institut f\u00fcr B\u00fcrgerrechte &amp; \u00f6ffentliche Sicherheit e.V.<br \/>\nc\/o Juristische Fakult\u00e4t<br \/>\nHumboldt-Universit\u00e4t zu Berlin<br \/>\nUnter den Linden 6<br \/>\n10099 Berlin (Germany)<\/p>\n","protected":false},"excerpt":{"rendered":"<p>Das Abonnement der Zeitschrift umfasst drei Hefte pro Jahr. Es kann ab jedem beliebigen Heft<\/p>\n","protected":false},"author":2,"featured_media":0,"parent":97,"menu_order":2,"comment_status":"closed","ping_status":"open","template":"page-templates\/full-width.php","meta":{"footnotes":""},"class_list":["post-99","page","type-page","status-publish","hentry"],"_links":{"self":[{"href":"https:\/\/wp-dev.daten.cool\/index.php?rest_route=\/wp\/v2\/pages\/99","targetHints":{"allow":["GET"]}}],"collection":[{"href":"https:\/\/wp-dev.daten.cool\/index.php?rest_route=\/wp\/v2\/pages"}],"about":[{"href":"https:\/\/wp-dev.daten.cool\/index.php?rest_route=\/wp\/v2\/types\/page"}],"author":[{"embeddable":true,"href":"https:\/\/wp-dev.daten.cool\/index.php?rest_route=\/wp\/v2\/users\/2"}],"replies":[{"embeddable":true,"href":"https:\/\/wp-dev.daten.cool\/index.php?rest_route=%2Fwp%2Fv2%2Fcomments&post=99"}],"version-history":[{"count":0,"href":"https:\/\/wp-dev.daten.cool\/index.php?rest_route=\/wp\/v2\/pages\/99\/revisions"}],"up":[{"embeddable":true,"href":"https:\/\/wp-dev.daten.cool\/index.php?rest_route=\/wp\/v2\/pages\/97"}],"wp:attachment":[{"href":"https:\/\/wp-dev.daten.cool\/index.php?rest_route=%2Fwp%2Fv2%2Fmedia&parent=99"}],"curies":[{"name":"wp","href":"https:\/\/api.w.org\/{rel}","templated":true}]}}